{"id":13250,"date":"2025-06-29T14:55:06","date_gmt":"2025-06-29T12:55:06","guid":{"rendered":"https:\/\/uj.adatbank.ro\/lexikon\/termek\/kremer-jeno\/"},"modified":"2025-06-29T14:55:06","modified_gmt":"2025-06-29T12:55:06","slug":"kremer-jeno","status":"publish","type":"product","link":"https:\/\/uj.adatbank.ro\/lexikon\/termek\/kremer-jeno\/","title":{"rendered":"KR\u00c9MER Jen\u0151"},"content":{"rendered":"<p>Mv., 1903. febr. 22., \u2020 ?: sz\u00edn\u00e9sz. \u2013 Fell\u00e9pett : Sz\u00e1szr\u00e9genben Feh\u00e9r Imre t\u00e1rsulat\u00e1val (1921) ; Szamos\u00fajv\u00e1r, Beszterce, D\u00e9s, Gyulafeh\u00e9rv\u00e1r G\u00e1sp\u00e1r Jen\u0151 t\u00e1rsulat\u00e1val (1922) ; Oravica, Lup\u00e9ny, Petrozs\u00e9ny (1923\u2013249 ; Szamos\u00fajv\u00e1r, Nagyk\u00e1roly, Nagyenyed, Szil\u00e1gysomly\u00f3, Petrozs\u00e9ny, Lup\u00e9ny, Sz\u00e1szr\u00e9gen, Dics\u0151szentm\u00e1rton, Sepsiszentgy\u00f6rgy, D\u00e9s, Zilah, Medgyes, Torda, Orsova, Gyergy\u00f3szentmikl\u00f3s, Zsib\u00f3, B\u00e1nffyhunyad, Segesv\u00e1r S\u00fcmegi \u00d6d\u00f6n t\u00e1rsulat\u00e1val (1924\u201326) ; Brass\u00f3, Temesv\u00e1r, Zilah, Torda, Szil\u00e1gysomly\u00f3, Nagyszeben, Nagyenyed, Mv., K\u00e9zdiv\u00e1s\u00e1rhely Feh\u00e9r Imre t\u00e1rsulat\u00e1val (1928\u201329) ; Zilah, Mv., Brass\u00f3, Gyergy\u00f3szentmikl\u00f3s G\u00e1sp\u00e1r Jen\u0151 t\u00e1rsulat\u00e1val (1928\u201329). \u2013 <strong>F. sz.:<\/strong> Barna (Huszka Jen\u0151: Lili b\u00e1r\u00f3n\u0151); B\u0151g\u0151s cig\u00e1ny (Csepreghy: S\u00e1rga csik\u00f3). \u2013 Irod. &#8211;<br \/><strong>Irod.:<\/strong> K\u00f6t\u0151<\/br><\/p>\n","protected":false},"excerpt":{"rendered":"<p>Mv., 1903. febr. 22., \u2020 ?: sz\u00edn\u00e9sz. \u2013 Fell\u00e9pett : Sz\u00e1szr\u00e9genben Feh\u00e9r Imre t\u00e1rsulat\u00e1val (1921) ; Szamos\u00fajv\u00e1r, Beszterce, D\u00e9s, Gyulafeh\u00e9rv\u00e1r G\u00e1sp\u00e1r Jen\u0151 t\u00e1rsulat\u00e1val (1922) ; Oravica, Lup\u00e9ny, Petrozs\u00e9ny (1923\u2013249 ; Szamos\u00fajv\u00e1r, Nagyk\u00e1roly, Nagyenyed, Szil\u00e1gysomly\u00f3, Petrozs\u00e9ny, Lup\u00e9ny, Sz\u00e1szr\u00e9gen, Dics\u0151szentm\u00e1rton, Sepsiszentgy\u00f6rgy, D\u00e9s, Zilah, Medgyes, Torda, Orsova, Gyergy\u00f3szentmikl\u00f3s, Zsib\u00f3, B\u00e1nffyhunyad, Segesv\u00e1r S\u00fcmegi \u00d6d\u00f6n t\u00e1rsulat\u00e1val (1924\u201326) ; Brass\u00f3, Temesv\u00e1r, [&hellip;]<\/p>\n","protected":false},"featured_media":0,"comment_status":"open","ping_status":"closed","template":"","meta":[],"product_brand":[],"product_cat":[137],"product_tag":[],"class_list":{"0":"post-13250","1":"product","2":"type-product","3":"status-publish","5":"product_cat-maros-megyei-eletrajzi-lexikon","7":"first","8":"instock","9":"shipping-taxable","10":"product-type-simple"},"_links":{"self":[{"href":"https:\/\/uj.adatbank.ro\/lexikon\/wp-json\/wp\/v2\/product\/13250","targetHints":{"allow":["GET"]}}],"collection":[{"href":"https:\/\/uj.adatbank.ro\/lexikon\/wp-json\/wp\/v2\/product"}],"about":[{"href":"https:\/\/uj.adatbank.ro\/lexikon\/wp-json\/wp\/v2\/types\/product"}],"replies":[{"embeddable":true,"href":"https:\/\/uj.adatbank.ro\/lexikon\/wp-json\/wp\/v2\/comments?post=13250"}],"wp:attachment":[{"href":"https:\/\/uj.adatbank.ro\/lexikon\/wp-json\/wp\/v2\/media?parent=13250"}],"wp:term":[{"taxonomy":"product_brand","embeddable":true,"href":"https:\/\/uj.adatbank.ro\/lexikon\/wp-json\/wp\/v2\/product_brand?post=13250"},{"taxonomy":"product_cat","embeddable":true,"href":"https:\/\/uj.adatbank.ro\/lexikon\/wp-json\/wp\/v2\/product_cat?post=13250"},{"taxonomy":"product_tag","embeddable":true,"href":"https:\/\/uj.adatbank.ro\/lexikon\/wp-json\/wp\/v2\/product_tag?post=13250"}],"curies":[{"name":"wp","href":"https:\/\/api.w.org\/{rel}","templated":true}]}}