{"id":13252,"date":"2025-06-29T14:55:10","date_gmt":"2025-06-29T12:55:10","guid":{"rendered":"https:\/\/uj.adatbank.ro\/lexikon\/termek\/krempes-johann\/"},"modified":"2025-06-29T14:55:10","modified_gmt":"2025-06-29T12:55:10","slug":"krempes-johann","status":"publish","type":"product","link":"https:\/\/uj.adatbank.ro\/lexikon\/termek\/krempes-johann\/","title":{"rendered":"KREMPES, Johann"},"content":{"rendered":"<p>? 1628., \u2020 ? 1692.: jegyz\u0151. \u2013 Segesv\u00e1ron a v\u00e1rosi jegyz\u0151s\u00e9gben k\u00f6vette George Kraust. Folytatta M. Moses kr\u00f3nik\u00e1j\u00e1t, Nagy kr\u00f3nik\u00e1j\u00e1ban le\u00edrta az erd\u00e9lyi \u00e9s r\u00e9szben eur\u00f3pai esem\u00e9nyeket, a segesv\u00e1ri esem\u00e9nyeket beillesztette Erd\u00e9ly \u00e1ltal\u00e1nos t\u00f6rt\u00e9net\u00e9be (1606\u20131660). Kis kr\u00f3nik\u00e1j\u00e1ban feljegyezte a segesv\u00e1ri esem\u00e9nyeket (1668\u20131684) \u00e9s le\u00edrta a nagy segesv\u00e1ri t\u0171zv\u00e9szt (1676). <br \/><strong>Irod.:<\/strong> Kraus: Erd\u00e9lyi kr\u00f3nika<\/br><\/p>\n","protected":false},"excerpt":{"rendered":"<p>? 1628., \u2020 ? 1692.: jegyz\u0151. \u2013 Segesv\u00e1ron a v\u00e1rosi jegyz\u0151s\u00e9gben k\u00f6vette George Kraust. Folytatta M. Moses kr\u00f3nik\u00e1j\u00e1t, Nagy kr\u00f3nik\u00e1j\u00e1ban le\u00edrta az erd\u00e9lyi \u00e9s r\u00e9szben eur\u00f3pai esem\u00e9nyeket, a segesv\u00e1ri esem\u00e9nyeket beillesztette Erd\u00e9ly \u00e1ltal\u00e1nos t\u00f6rt\u00e9net\u00e9be (1606\u20131660). Kis kr\u00f3nik\u00e1j\u00e1ban feljegyezte a segesv\u00e1ri esem\u00e9nyeket (1668\u20131684) \u00e9s le\u00edrta a nagy segesv\u00e1ri t\u0171zv\u00e9szt (1676). Irod.: Kraus: Erd\u00e9lyi kr\u00f3nika<\/p>\n","protected":false},"featured_media":0,"comment_status":"open","ping_status":"closed","template":"","meta":[],"product_brand":[],"product_cat":[137],"product_tag":[],"class_list":{"0":"post-13252","1":"product","2":"type-product","3":"status-publish","5":"product_cat-maros-megyei-eletrajzi-lexikon","7":"first","8":"instock","9":"shipping-taxable","10":"product-type-simple"},"_links":{"self":[{"href":"https:\/\/uj.adatbank.ro\/lexikon\/wp-json\/wp\/v2\/product\/13252","targetHints":{"allow":["GET"]}}],"collection":[{"href":"https:\/\/uj.adatbank.ro\/lexikon\/wp-json\/wp\/v2\/product"}],"about":[{"href":"https:\/\/uj.adatbank.ro\/lexikon\/wp-json\/wp\/v2\/types\/product"}],"replies":[{"embeddable":true,"href":"https:\/\/uj.adatbank.ro\/lexikon\/wp-json\/wp\/v2\/comments?post=13252"}],"wp:attachment":[{"href":"https:\/\/uj.adatbank.ro\/lexikon\/wp-json\/wp\/v2\/media?parent=13252"}],"wp:term":[{"taxonomy":"product_brand","embeddable":true,"href":"https:\/\/uj.adatbank.ro\/lexikon\/wp-json\/wp\/v2\/product_brand?post=13252"},{"taxonomy":"product_cat","embeddable":true,"href":"https:\/\/uj.adatbank.ro\/lexikon\/wp-json\/wp\/v2\/product_cat?post=13252"},{"taxonomy":"product_tag","embeddable":true,"href":"https:\/\/uj.adatbank.ro\/lexikon\/wp-json\/wp\/v2\/product_tag?post=13252"}],"curies":[{"name":"wp","href":"https:\/\/api.w.org\/{rel}","templated":true}]}}