{"id":13254,"date":"2025-06-29T14:55:14","date_gmt":"2025-06-29T12:55:14","guid":{"rendered":"https:\/\/uj.adatbank.ro\/lexikon\/termek\/krepsz-ivan-%c2%a7\/"},"modified":"2025-06-29T14:55:14","modified_gmt":"2025-06-29T12:55:14","slug":"krepsz-ivan-%c2%a7","status":"publish","type":"product","link":"https:\/\/uj.adatbank.ro\/lexikon\/termek\/krepsz-ivan-%c2%a7\/","title":{"rendered":"KREPSZ Iv\u00e1n, \u00a7"},"content":{"rendered":"<p>Temesv\u00e1r, 1912. szept. 18., \u2020 Koblenz (N\u00e9meto), 1993. v. 92 nov.: orvos. \u2013 Sz\u00fcl\u0151v\u00e1ros\u00e1ban v\u00e9gezte a gimn\u00e1ziumot (1929), majd Kv.-on szerzett orvosi diplom\u00e1t (1837). Az orvostudom\u00e1nyok doktora. P\u00e1ly\u00e1j\u00e1t Kv.-on kezdte a k\u00f6zponti R\u00f6ntgenint\u00e9zetben mint tan\u00e1rseg\u00e9d (1940\u201345), majd a mv.-i OGYI Radiol\u00f3giai Int\u00e9zetben adjunktus (1945\u201348), el\u0151ad\u00f3tan\u00e1r (1948\u201353), egyetemi el\u0151ad\u00f3tan\u00e1r \u00e1s a R\u00f6ntgen Tansz\u00e9k vezet\u0151je (1953\u2013); professzor \u00e9s tansz\u00e1kvezet\u0151 (1968\u201372). Az etnikai t\u00fcrelmetlens\u00e9g nyugd\u00edjba k\u00e9nyszer\u00edjtette (1972), N\u00e9meto. &#8211; ba t\u00e1vozott (1986). \u00c9vtizedek \u00f3ta elt\u00f6k\u00e9lten harcolt a r\u00e1k ellen de nagy bar\u00e1tja volt a zen\u00e9nek, a term\u00e9szetnek, a sportnak Is, M., rom\u00e1n, n\u00e9met, angol, francia nyelv\u0171 szakdolgozatai a r\u00e1kkutat\u00e1s k\u00e9rd\u00e9seir\u0151l az EME Orvostudom\u00e1nyi \u00e9rtes\u00edt\u0151je, Orvosi Szemle-Revista Med., Orvosi Hetilap, Antropol\u00fcgiai K\u00f6zl\u00f6nyben jelentek meg. A buk.-i Oncologia \u015fi Radiologia szerkeszt\u0151bizotts\u00e1gi tagja; ismeretterjeszt\u0151 cikkeket \u00edrt: Muncitorul Sanitar, Ardealul Medical, V. Z., Hargita has\u00e1bjain \u00e9s az Eg\u00e9szs\u00e9g\u00fcgyi Nevel\u00e9si H\u00e1z kiadv\u00e1nyaiban. A buk-i Oncologia \u015fi Radiologia szerkeszt\u0151bizotts\u00e1gi tagja \u00e9s f\u0151munkat\u00e1rsa (1961\u2013) Dolgozatokkal szerepelt k\u00fclf\u00f6ldi kongresszusokon: Bp., Barcelona, Huston, Delhi, Velence, Amsterdam, Helsinki. Tagja volt az Angol Kir\u00e1lyi Orvost\u00e1rsas\u00e1gnak. \u2013 <strong>F. m.:<\/strong> Radiologia, R\u00f6ntgendiagnosztika \u00e9s sug\u00e1rter\u00e1pia (Mv., 1957); A r\u00e1kbetegs\u00e9gekr\u0151l (Mv., 1957); <strong>t\u00e1rssz.:<\/strong> A r\u00e1kellenes k\u00fczdelem k\u00f6zpontos\u00edt\u00e1sa (Kozma J\u00f3zseffel; Cluj, 1948); R\u00f6ntgentani jegyzetek (Mv., 1950); R\u00f6ntgenatlasz (Mv., 1955); Radiologia, R\u00f6ntgendiagnosztika \u00e9s sug\u00e1rter\u00e1pia (Mv, 1960, 1976); Radiodiadnostic clinic (Buc., 1963); Manual de radiologie (Buc., 1963); Radiologia medical\u0103 (Buc., 1963); Radiol\u00f3giai jegyzet (Mv, 1976); szerk: 111 k\u00e9rd\u00e9s \u00e9s felelet a r\u00e1kr\u00f3l ( Mv., 1963, 1964);. <br \/><strong>Irod.:<\/strong> Darvas Istv\u00e1n: In memoriam Prof. Dr. Doc. Krepsz Iv\u00e1n (N\u00fa., 2002. dec. 12); Dezs\u0151 Istv\u00e1n; Genersich; RMIL; N\u00fa (2002. dec. 12); Barab\u00e1s-P\u00e9ter M.\u2013P\u00e9ter H. M.; Polg\u00e1r Istv\u00e1n: Hinni kell a gy\u00f3gyul\u00e1sban (\u00daj \u00c9let, 13. sz. 1972); Tett 3, sz (1985); Todea\u2013F\u00fcl\u00f6p\u2013Avram ; T\u00f3th\u2013G\u00e1bor; Viharban<\/br><\/p>\n","protected":false},"excerpt":{"rendered":"<p>Temesv\u00e1r, 1912. szept. 18., \u2020 Koblenz (N\u00e9meto), 1993. v. 92 nov.: orvos. \u2013 Sz\u00fcl\u0151v\u00e1ros\u00e1ban v\u00e9gezte a gimn\u00e1ziumot (1929), majd Kv.-on szerzett orvosi diplom\u00e1t (1837). Az orvostudom\u00e1nyok doktora. P\u00e1ly\u00e1j\u00e1t Kv.-on kezdte a k\u00f6zponti R\u00f6ntgenint\u00e9zetben mint tan\u00e1rseg\u00e9d (1940\u201345), majd a mv.-i OGYI Radiol\u00f3giai Int\u00e9zetben adjunktus (1945\u201348), el\u0151ad\u00f3tan\u00e1r (1948\u201353), egyetemi el\u0151ad\u00f3tan\u00e1r \u00e1s a R\u00f6ntgen Tansz\u00e9k vezet\u0151je (1953\u2013); professzor [&hellip;]<\/p>\n","protected":false},"featured_media":0,"comment_status":"open","ping_status":"closed","template":"","meta":[],"product_brand":[],"product_cat":[137],"product_tag":[],"class_list":{"0":"post-13254","1":"product","2":"type-product","3":"status-publish","5":"product_cat-maros-megyei-eletrajzi-lexikon","7":"first","8":"instock","9":"shipping-taxable","10":"product-type-simple"},"_links":{"self":[{"href":"https:\/\/uj.adatbank.ro\/lexikon\/wp-json\/wp\/v2\/product\/13254","targetHints":{"allow":["GET"]}}],"collection":[{"href":"https:\/\/uj.adatbank.ro\/lexikon\/wp-json\/wp\/v2\/product"}],"about":[{"href":"https:\/\/uj.adatbank.ro\/lexikon\/wp-json\/wp\/v2\/types\/product"}],"replies":[{"embeddable":true,"href":"https:\/\/uj.adatbank.ro\/lexikon\/wp-json\/wp\/v2\/comments?post=13254"}],"wp:attachment":[{"href":"https:\/\/uj.adatbank.ro\/lexikon\/wp-json\/wp\/v2\/media?parent=13254"}],"wp:term":[{"taxonomy":"product_brand","embeddable":true,"href":"https:\/\/uj.adatbank.ro\/lexikon\/wp-json\/wp\/v2\/product_brand?post=13254"},{"taxonomy":"product_cat","embeddable":true,"href":"https:\/\/uj.adatbank.ro\/lexikon\/wp-json\/wp\/v2\/product_cat?post=13254"},{"taxonomy":"product_tag","embeddable":true,"href":"https:\/\/uj.adatbank.ro\/lexikon\/wp-json\/wp\/v2\/product_tag?post=13254"}],"curies":[{"name":"wp","href":"https:\/\/api.w.org\/{rel}","templated":true}]}}