{"id":13255,"date":"2025-06-29T14:55:16","date_gmt":"2025-06-29T12:55:16","guid":{"rendered":"https:\/\/uj.adatbank.ro\/lexikon\/termek\/kreszta-karoly\/"},"modified":"2025-06-29T14:55:16","modified_gmt":"2025-06-29T12:55:16","slug":"kreszta-karoly","status":"publish","type":"product","link":"https:\/\/uj.adatbank.ro\/lexikon\/termek\/kreszta-karoly\/","title":{"rendered":"KRESZTA K\u00e1roly"},"content":{"rendered":"<p>? \u2020 1879.?: nyerges mester. \u2013 Feles\u00e9ge: H\u00e1morszky K\u00e1rolina (1821 \u2020 Mv., 1888. nov. 13.). \u2013 A nyerges c\u00e9h mestere Mv.-en (1860\u201370-es \u00e9vekben). <br \/><strong>Irod.:<\/strong> B\u00f3nis J.: A mv.-i c\u00e9hek t\u00e1rgyi eml\u00e9kei  =  Mv. t\u00f6rt\u00e9net\u00e9b\u0151l; Gy\u00e1szjelent\u0151<\/br><\/p>\n","protected":false},"excerpt":{"rendered":"<p>? \u2020 1879.?: nyerges mester. \u2013 Feles\u00e9ge: H\u00e1morszky K\u00e1rolina (1821 \u2020 Mv., 1888. nov. 13.). \u2013 A nyerges c\u00e9h mestere Mv.-en (1860\u201370-es \u00e9vekben). Irod.: B\u00f3nis J.: A mv.-i c\u00e9hek t\u00e1rgyi eml\u00e9kei = Mv. t\u00f6rt\u00e9net\u00e9b\u0151l; Gy\u00e1szjelent\u0151<\/p>\n","protected":false},"featured_media":0,"comment_status":"open","ping_status":"closed","template":"","meta":[],"product_brand":[],"product_cat":[137],"product_tag":[],"class_list":{"0":"post-13255","1":"product","2":"type-product","3":"status-publish","5":"product_cat-maros-megyei-eletrajzi-lexikon","7":"first","8":"instock","9":"shipping-taxable","10":"product-type-simple"},"_links":{"self":[{"href":"https:\/\/uj.adatbank.ro\/lexikon\/wp-json\/wp\/v2\/product\/13255","targetHints":{"allow":["GET"]}}],"collection":[{"href":"https:\/\/uj.adatbank.ro\/lexikon\/wp-json\/wp\/v2\/product"}],"about":[{"href":"https:\/\/uj.adatbank.ro\/lexikon\/wp-json\/wp\/v2\/types\/product"}],"replies":[{"embeddable":true,"href":"https:\/\/uj.adatbank.ro\/lexikon\/wp-json\/wp\/v2\/comments?post=13255"}],"wp:attachment":[{"href":"https:\/\/uj.adatbank.ro\/lexikon\/wp-json\/wp\/v2\/media?parent=13255"}],"wp:term":[{"taxonomy":"product_brand","embeddable":true,"href":"https:\/\/uj.adatbank.ro\/lexikon\/wp-json\/wp\/v2\/product_brand?post=13255"},{"taxonomy":"product_cat","embeddable":true,"href":"https:\/\/uj.adatbank.ro\/lexikon\/wp-json\/wp\/v2\/product_cat?post=13255"},{"taxonomy":"product_tag","embeddable":true,"href":"https:\/\/uj.adatbank.ro\/lexikon\/wp-json\/wp\/v2\/product_tag?post=13255"}],"curies":[{"name":"wp","href":"https:\/\/api.w.org\/{rel}","templated":true}]}}