{"id":13256,"date":"2025-06-29T14:55:18","date_gmt":"2025-06-29T12:55:18","guid":{"rendered":"https:\/\/uj.adatbank.ro\/lexikon\/termek\/kretai-miklos\/"},"modified":"2025-06-29T14:55:18","modified_gmt":"2025-06-29T12:55:18","slug":"kretai-miklos","status":"publish","type":"product","link":"https:\/\/uj.adatbank.ro\/lexikon\/termek\/kretai-miklos\/","title":{"rendered":"KR\u00c9TAI Mikl\u00f3s"},"content":{"rendered":"<p>?\u2020 ? : fest\u0151 Mihai Viteazul udvar\u00e1ban. \u2013 Dolgozott Mv.-en, Gyulafeh\u00e9rv\u00e1ron (1600). <br \/><strong>Irod.:<\/strong> Moln\u00e1r<\/br><\/p>\n","protected":false},"excerpt":{"rendered":"<p>?\u2020 ? : fest\u0151 Mihai Viteazul udvar\u00e1ban. \u2013 Dolgozott Mv.-en, Gyulafeh\u00e9rv\u00e1ron (1600). Irod.: Moln\u00e1r<\/p>\n","protected":false},"featured_media":0,"comment_status":"open","ping_status":"closed","template":"","meta":[],"product_brand":[],"product_cat":[137],"product_tag":[],"class_list":{"0":"post-13256","1":"product","2":"type-product","3":"status-publish","5":"product_cat-maros-megyei-eletrajzi-lexikon","7":"first","8":"instock","9":"shipping-taxable","10":"product-type-simple"},"_links":{"self":[{"href":"https:\/\/uj.adatbank.ro\/lexikon\/wp-json\/wp\/v2\/product\/13256","targetHints":{"allow":["GET"]}}],"collection":[{"href":"https:\/\/uj.adatbank.ro\/lexikon\/wp-json\/wp\/v2\/product"}],"about":[{"href":"https:\/\/uj.adatbank.ro\/lexikon\/wp-json\/wp\/v2\/types\/product"}],"replies":[{"embeddable":true,"href":"https:\/\/uj.adatbank.ro\/lexikon\/wp-json\/wp\/v2\/comments?post=13256"}],"wp:attachment":[{"href":"https:\/\/uj.adatbank.ro\/lexikon\/wp-json\/wp\/v2\/media?parent=13256"}],"wp:term":[{"taxonomy":"product_brand","embeddable":true,"href":"https:\/\/uj.adatbank.ro\/lexikon\/wp-json\/wp\/v2\/product_brand?post=13256"},{"taxonomy":"product_cat","embeddable":true,"href":"https:\/\/uj.adatbank.ro\/lexikon\/wp-json\/wp\/v2\/product_cat?post=13256"},{"taxonomy":"product_tag","embeddable":true,"href":"https:\/\/uj.adatbank.ro\/lexikon\/wp-json\/wp\/v2\/product_tag?post=13256"}],"curies":[{"name":"wp","href":"https:\/\/api.w.org\/{rel}","templated":true}]}}