{"id":13261,"date":"2025-06-29T14:55:29","date_gmt":"2025-06-29T12:55:29","guid":{"rendered":"https:\/\/uj.adatbank.ro\/lexikon\/termek\/kristo-m-gabor-%c2%a7\/"},"modified":"2025-06-29T14:55:29","modified_gmt":"2025-06-29T12:55:29","slug":"kristo-m-gabor-%c2%a7","status":"publish","type":"product","link":"https:\/\/uj.adatbank.ro\/lexikon\/termek\/kristo-m-gabor-%c2%a7\/","title":{"rendered":"KRIST\u00d3 M. G\u00e1bor, \u00a7"},"content":{"rendered":"<p>? \u2020 ? : p\u00e1ter. \u2013 Mv.-r\u0151l t\u00e1bori lelk\u00e9szk\u00e9nt vett r\u00e9szt az I. vh. -ban. <br \/><strong>Irod.:<\/strong> Mv. \u00e9s a h\u00e1bor\u00fa 1. 1.<\/br><\/p>\n","protected":false},"excerpt":{"rendered":"<p>? \u2020 ? : p\u00e1ter. \u2013 Mv.-r\u0151l t\u00e1bori lelk\u00e9szk\u00e9nt vett r\u00e9szt az I. vh. -ban. Irod.: Mv. \u00e9s a h\u00e1bor\u00fa 1. 1.<\/p>\n","protected":false},"featured_media":0,"comment_status":"open","ping_status":"closed","template":"","meta":[],"product_brand":[],"product_cat":[137],"product_tag":[],"class_list":{"0":"post-13261","1":"product","2":"type-product","3":"status-publish","5":"product_cat-maros-megyei-eletrajzi-lexikon","7":"first","8":"instock","9":"shipping-taxable","10":"product-type-simple"},"_links":{"self":[{"href":"https:\/\/uj.adatbank.ro\/lexikon\/wp-json\/wp\/v2\/product\/13261","targetHints":{"allow":["GET"]}}],"collection":[{"href":"https:\/\/uj.adatbank.ro\/lexikon\/wp-json\/wp\/v2\/product"}],"about":[{"href":"https:\/\/uj.adatbank.ro\/lexikon\/wp-json\/wp\/v2\/types\/product"}],"replies":[{"embeddable":true,"href":"https:\/\/uj.adatbank.ro\/lexikon\/wp-json\/wp\/v2\/comments?post=13261"}],"wp:attachment":[{"href":"https:\/\/uj.adatbank.ro\/lexikon\/wp-json\/wp\/v2\/media?parent=13261"}],"wp:term":[{"taxonomy":"product_brand","embeddable":true,"href":"https:\/\/uj.adatbank.ro\/lexikon\/wp-json\/wp\/v2\/product_brand?post=13261"},{"taxonomy":"product_cat","embeddable":true,"href":"https:\/\/uj.adatbank.ro\/lexikon\/wp-json\/wp\/v2\/product_cat?post=13261"},{"taxonomy":"product_tag","embeddable":true,"href":"https:\/\/uj.adatbank.ro\/lexikon\/wp-json\/wp\/v2\/product_tag?post=13261"}],"curies":[{"name":"wp","href":"https:\/\/api.w.org\/{rel}","templated":true}]}}