{"id":13262,"date":"2025-06-29T14:55:31","date_gmt":"2025-06-29T12:55:31","guid":{"rendered":"https:\/\/uj.adatbank.ro\/lexikon\/termek\/kristof-domokos\/"},"modified":"2025-06-29T14:55:31","modified_gmt":"2025-06-29T12:55:31","slug":"kristof-domokos","status":"publish","type":"product","link":"https:\/\/uj.adatbank.ro\/lexikon\/termek\/kristof-domokos\/","title":{"rendered":"KRIST\u00d3F Domokos"},"content":{"rendered":"<p>S\u00e1romberke, 1886. j\u00fal. 20., \u2020 ?: baptista teol. tan\u00e1r. \u2013 A k\u00f6z\u00e9piskok\u00e1t Nagyenyeden v\u00e9gezte (1905), a kv.-i egyetem t\u00f6rt\u00e9nelem-f\u00f6lfrajz szak\u00e1n tanult (1905\u201309); a szegedi DMKE nevel\u0151int\u00e9zet tanulm\u00e1nyi fel\u00fcgyel\u0151je (1909\u201311); mag\u00e1nnevel\u0151 Szil\u00e1gymegy\u00e9ben (1911\u201313); a Good Templ\u00e1r Rend f\u0151titk\u00e1t\u00e1v\u00e1 v\u00e1lasztott\u00e1k (1913), \u00e9s egy\u00fattal az \u00edalkoholellenes Egyes\u00fcletek Orsz. Lig\u00e1ja el\u0151ad\u00f3ul h\u00edvta meg; az els\u0151 vil\u00e1gh\u00e1bor\u00fa kit\u00f6r\u00e9sekor megv\u00e1lt \u00e1ll\u00e1sait\u00f3l \u00e9s Als\u00f3feh\u00e9rmegy\u00e9ben nevel\u0151nek ment; Bp. Sz\u00e9kesf\u0151v\u00e1ros szolg\u00e1lat\u00e1ba l\u00e9pett \u00e9s el\u0151bbi \u00e1ll\u00e1sait visszavette; a bp.-i baptista teol. szemin\u00e1tium egyik tan\u00e1ra (1920\u2013). Cikkei, adatgy\u0171jt\u00e9sei \u00e9s tud\u00f3s\u00edt\u00e1sai : Erd\u00e9lyi Munk\u00e1s, Magyar Sz\u00f3, N\u00e9pszava, Magyar Nyr., Ellenz\u00e9k, Kolozsv\u00e1ri H\u00edrlap, \u00dajs\u00e1g, Az Alkoholizmus, Az Alkoholizmus Ellen, Az Alkoholk\u00e9rd\u00e9s, D\u00e9lmagyarorsz\u00e1g, Szeged \u00e9s Vid\u00e9ke, Szegedi Napl\u00f3, Vil\u00e1g, B\u00e9keh\u00edrn\u00f6k, D. Alkoholg\u00e9gner (Wien), Intern. Monatschsr z. Erforsch. D. Alkoholismus (Lausane), N\u00e9pm\u0171vel\u00e9s, Ref. Szemle, A K\u00fcrt-ben. <br \/><strong>Irod.:<\/strong> Guly\u00e1s<\/br><\/p>\n","protected":false},"excerpt":{"rendered":"<p>S\u00e1romberke, 1886. j\u00fal. 20., \u2020 ?: baptista teol. tan\u00e1r. \u2013 A k\u00f6z\u00e9piskok\u00e1t Nagyenyeden v\u00e9gezte (1905), a kv.-i egyetem t\u00f6rt\u00e9nelem-f\u00f6lfrajz szak\u00e1n tanult (1905\u201309); a szegedi DMKE nevel\u0151int\u00e9zet tanulm\u00e1nyi fel\u00fcgyel\u0151je (1909\u201311); mag\u00e1nnevel\u0151 Szil\u00e1gymegy\u00e9ben (1911\u201313); a Good Templ\u00e1r Rend f\u0151titk\u00e1t\u00e1v\u00e1 v\u00e1lasztott\u00e1k (1913), \u00e9s egy\u00fattal az \u00edalkoholellenes Egyes\u00fcletek Orsz. Lig\u00e1ja el\u0151ad\u00f3ul h\u00edvta meg; az els\u0151 vil\u00e1gh\u00e1bor\u00fa kit\u00f6r\u00e9sekor megv\u00e1lt \u00e1ll\u00e1sait\u00f3l [&hellip;]<\/p>\n","protected":false},"featured_media":0,"comment_status":"open","ping_status":"closed","template":"","meta":[],"product_brand":[],"product_cat":[137],"product_tag":[],"class_list":{"0":"post-13262","1":"product","2":"type-product","3":"status-publish","5":"product_cat-maros-megyei-eletrajzi-lexikon","7":"first","8":"instock","9":"shipping-taxable","10":"product-type-simple"},"_links":{"self":[{"href":"https:\/\/uj.adatbank.ro\/lexikon\/wp-json\/wp\/v2\/product\/13262","targetHints":{"allow":["GET"]}}],"collection":[{"href":"https:\/\/uj.adatbank.ro\/lexikon\/wp-json\/wp\/v2\/product"}],"about":[{"href":"https:\/\/uj.adatbank.ro\/lexikon\/wp-json\/wp\/v2\/types\/product"}],"replies":[{"embeddable":true,"href":"https:\/\/uj.adatbank.ro\/lexikon\/wp-json\/wp\/v2\/comments?post=13262"}],"wp:attachment":[{"href":"https:\/\/uj.adatbank.ro\/lexikon\/wp-json\/wp\/v2\/media?parent=13262"}],"wp:term":[{"taxonomy":"product_brand","embeddable":true,"href":"https:\/\/uj.adatbank.ro\/lexikon\/wp-json\/wp\/v2\/product_brand?post=13262"},{"taxonomy":"product_cat","embeddable":true,"href":"https:\/\/uj.adatbank.ro\/lexikon\/wp-json\/wp\/v2\/product_cat?post=13262"},{"taxonomy":"product_tag","embeddable":true,"href":"https:\/\/uj.adatbank.ro\/lexikon\/wp-json\/wp\/v2\/product_tag?post=13262"}],"curies":[{"name":"wp","href":"https:\/\/api.w.org\/{rel}","templated":true}]}}