{"id":13263,"date":"2025-06-29T14:55:33","date_gmt":"2025-06-29T12:55:33","guid":{"rendered":"https:\/\/uj.adatbank.ro\/lexikon\/termek\/kristof-ferenc\/"},"modified":"2025-06-29T14:55:33","modified_gmt":"2025-06-29T12:55:33","slug":"kristof-ferenc","status":"publish","type":"product","link":"https:\/\/uj.adatbank.ro\/lexikon\/termek\/kristof-ferenc\/","title":{"rendered":"KRIST\u00d3F Ferenc"},"content":{"rendered":"<p>S\u00e1romberke, 1903., \u2020 ?: k\u00f6rjegyz\u0151i irnok. \u2013 Mv.-en \u00e9retts\u00e9gizett, azut\u00e1n k\u00f6rjegyz\u0151i \u00edrnok Maross\u00e1rpatakon (1923\u2013). A k\u00f6zs\u00e9g minden hazafias \u00e9s kultur\u00e1lis egyes\u00fclet\u00e9nek tagja volt. <br \/><strong>Irod.:<\/strong> Sz\u00e9kelyf\u00f6ld \u00ed. k.<\/br><\/p>\n","protected":false},"excerpt":{"rendered":"<p>S\u00e1romberke, 1903., \u2020 ?: k\u00f6rjegyz\u0151i irnok. \u2013 Mv.-en \u00e9retts\u00e9gizett, azut\u00e1n k\u00f6rjegyz\u0151i \u00edrnok Maross\u00e1rpatakon (1923\u2013). A k\u00f6zs\u00e9g minden hazafias \u00e9s kultur\u00e1lis egyes\u00fclet\u00e9nek tagja volt. Irod.: Sz\u00e9kelyf\u00f6ld \u00ed. k.<\/p>\n","protected":false},"featured_media":0,"comment_status":"open","ping_status":"closed","template":"","meta":[],"product_brand":[],"product_cat":[137],"product_tag":[],"class_list":{"0":"post-13263","1":"product","2":"type-product","3":"status-publish","5":"product_cat-maros-megyei-eletrajzi-lexikon","7":"first","8":"instock","9":"shipping-taxable","10":"product-type-simple"},"_links":{"self":[{"href":"https:\/\/uj.adatbank.ro\/lexikon\/wp-json\/wp\/v2\/product\/13263","targetHints":{"allow":["GET"]}}],"collection":[{"href":"https:\/\/uj.adatbank.ro\/lexikon\/wp-json\/wp\/v2\/product"}],"about":[{"href":"https:\/\/uj.adatbank.ro\/lexikon\/wp-json\/wp\/v2\/types\/product"}],"replies":[{"embeddable":true,"href":"https:\/\/uj.adatbank.ro\/lexikon\/wp-json\/wp\/v2\/comments?post=13263"}],"wp:attachment":[{"href":"https:\/\/uj.adatbank.ro\/lexikon\/wp-json\/wp\/v2\/media?parent=13263"}],"wp:term":[{"taxonomy":"product_brand","embeddable":true,"href":"https:\/\/uj.adatbank.ro\/lexikon\/wp-json\/wp\/v2\/product_brand?post=13263"},{"taxonomy":"product_cat","embeddable":true,"href":"https:\/\/uj.adatbank.ro\/lexikon\/wp-json\/wp\/v2\/product_cat?post=13263"},{"taxonomy":"product_tag","embeddable":true,"href":"https:\/\/uj.adatbank.ro\/lexikon\/wp-json\/wp\/v2\/product_tag?post=13263"}],"curies":[{"name":"wp","href":"https:\/\/api.w.org\/{rel}","templated":true}]}}