{"id":13266,"date":"2025-06-29T14:55:38","date_gmt":"2025-06-29T12:55:38","guid":{"rendered":"https:\/\/uj.adatbank.ro\/lexikon\/termek\/kristof-gyorgy-%c2%a7-alneve-tofalvi-gyorgy-apor-peter\/"},"modified":"2025-06-29T14:55:38","modified_gmt":"2025-06-29T12:55:38","slug":"kristof-gyorgy-%c2%a7-alneve-tofalvi-gyorgy-apor-peter","status":"publish","type":"product","link":"https:\/\/uj.adatbank.ro\/lexikon\/termek\/kristof-gyorgy-%c2%a7-alneve-tofalvi-gyorgy-apor-peter\/","title":{"rendered":"KRIST\u00d3F Gy\u00f6rgy, \u00a7 \u00c1lneve: T\u00f3falvi Gy\u00f6rgy, Apor P\u00e9ter"},"content":{"rendered":"<p>S\u00e1romberke v. T\u00f3falva, 1878. okt. 2., \u2020 Kv., 1965. okt. 15.: egyetemi tan\u00e1r, a filoz\u00f3fia doktora, irodalomt\u00f6rt\u00e9n\u00e9sz. \u2013 A k\u00f6z\u00e9piskol\u00e1t a mv.-i \u00e9s a nagyenyedi Ref. Koll.-ban v\u00e9gezte (1889), azut\u00e1n egyetemi hallgat\u00f3 Kv.-on, ahol m. -latin szakos tan\u00e1ri (1904) \u00e9s Bp.-en b\u00f6lcs\u00e9szdoktori oklevelet szerzett A magyar mythologia classicus eposainkban c. \u00e9rtekez\u00e9s\u00e9vel (1905). P\u00e1ly\u00e1j\u00e1t a gr\u00f3f L\u00f3nyai csal\u00e1dn\u00e1l nevel\u0151k\u00e9nt kezdte Deregny\u0151n, majd a sz\u00e1szv\u00e1rosi Ref. Kuun Kocs\u00e1rd Koll.-ban tan\u00edtott (1903\u201322); a kv.-i FJTE m. nyelv- \u00e9s irodalom tansz\u00e9k mgh\u00edvott helyettes tan\u00e1ra (1922. \u00e1pr. 1. \u2013), kinevezett rendkiv\u00fcli (1923. jan. 15. \u2013) \u00e9s nyilv\u00e1nos rendes tan\u00e1ra (1926. jan. 1. \u201345), az egyetlen rom\u00e1niai m. egyetemi tan\u00e1rk\u00e9nt. A M. Irodalomt\u00f6rt\u00e9neti int\u00e9zet igazgat\u00f3 professzora nyugd\u00edjaz\u00e1s\u00e1ig (1940\u201345), a B\u00f6lcs\u00e9szeti Kar d\u00e9k\u00e1nja (1943\u201344). Az EME filologiai-, nyelv\u00e9szeti- \u00e9s t\u00f6rt\u00e9nelmi szakoszt\u00e1ly\u00e1nak eln\u00f6ke, a ref. K\u00e1rolyi G\u00e1sp\u00e1r Irodalmi T\u00e1rsas\u00e1g szervez\u0151je \u00e9s eln\u00f6ke, a ref. egyh\u00e1zmegye vezet\u0151s\u00e9g\u00e9nek tagja, a kv.-i EIT, a bp.-i Pet\u0151fi T\u00e1rsas\u00e1g tagja, a Bp.-i Filol\u00f3giai T\u00e1rsas\u00e1g, a M. Irodalomt\u00f6rt\u00e9neti T\u00e1rsas\u00e1g, a KZST tagja volt. Az els\u0151 vh. ut\u00e1n a kialakul\u00f3 m. irodalmi \u00e9let egyik szervez\u0151je a P\u00e1sztort\u0171z \u00e1lland\u00f3 munkat\u00e1rsa, a n\u00e9gynyelv\u0171 Cultura m. szerkeszt\u0151je (1924). Els\u0151k k\u00f6z\u00f6tt tett kis\u00e9rletet a transzilv\u00e1nizmus fogalm\u00e1nak k\u00f6r\u00fclhat\u00e1rol\u00e1s\u00e1ra, a mitosz \u00e9s a val\u00f3s\u00e1gelemek kimutat\u00e1s\u00e1ra. Cikkei, tanulm\u00e1nyai : Protest\u00e1ns Szemle, Erd\u00e9lyi M\u00fazeum, Irodalomt\u00f6rt\u00e9net, M. T\u00e1rsadalomtudom\u00e1nyi Szemle, Egyetemes Philologiai K\u00f6zl\u00f6ny, Budapesti Szemle, Magyar N\u00e9p c. foly\u00f3iratokban. Sz\u00fclet\u00e9s\u00e9nek 60. \u00e9vfordul\u00f3j\u00e1n tan\u00edtv\u00e1nyai M. irodalomt\u00f6rt\u00e9net 1939 c. -el eml\u00e9kk\u00f6nyvet (Krist\u00f3f Gy\u00f6rgy eml\u00e9kk\u00f6nyv) adtak ki, melynek v\u00e9g\u00e9n m\u0171veinek 641 t\u00e9teles bibliogr\u00e1fi\u00e1ja tal\u00e1lhat\u00f3. \u2013 <strong>F. m.:<\/strong> A m. mitol\u00f3gia klasszikus eposzainkban (Kv., 1904); Arany L\u00e1szl\u00f3 s a m. politikai k\u00f6lt\u00e9szet (Kv., 1905); Eml\u00e9kez\u00e9se a honalap\u00edt\u00f3ra (D\u00e9va, 1908); Megjegyz\u00e9sek az eszt\u00e9tika m\u00f3dszer\u00e9hez (Kv., 1910); Felavat\u00e1s: Alkalmi \u00f3dasz\u00f6veg (Sz\u00e1szv\u00e1ros, 1910); Pet\u0151fi \u00e9s Mad\u00e1ch: tanulm\u00e1nyok (Kv., 1911, 1923); Adatok Barcsay \u00c1brah\u00e1m \u00e9let\u00e9hez (Kv, 1911); Az erd\u00e9lyi m. irodalom m\u00faltja \u00e9s j\u00f6v\u0151je (Kv., 1924, 1938); Influen\u0163a poeziei populare asupra lui Balassa B\u00e1lint ( Kv., 1924); Pet\u0151fi \u00e9s az ifjabb br. Wessel\u00e9nyi (Kv., 1924); J\u00f3kai M\u00f3r \u00e9lete \u00e9s m\u0171vei (Kv., 1925; Mauriciu J\u00f3kai, Cluj, 1925); J\u00f3kai napjai Erd\u00e9lyben (Kv., 1925); Barcsay \u00c1brah\u00e1m k\u00f6lt\u00e9szete (Bp., 1925); H\u00e1rom jellemz\u00e9s : V\u00f6r\u00f6smarty, Mad\u00e1ch, J\u00f3kai, (Kv., 1926); Eszt\u00e9tikai becsl\u00e9s\u00fcnk a mai k\u00f6zszellem hat\u00e1sa alatt (Kv., 1928); Bethlen G\u00e1bor \u00e9s a magyar irodalom. (Kv., 1930.); Bethlen G\u00e1bor alakja az egykor\u00fa n\u00e9met n\u00e9pk\u00f6lt\u00e9szetben (Kecskem\u00e9t, 1930); Kritikai szempontok az erd\u00e9lyi irodalmi \u00e9letben (Kv., 1931); Tudom\u00e1nym\u0171vel\u00e9s a koll\u00e9giumokban (Kv, 1931); B\u00e1r\u00f3 E\u00f6tv\u00f6s J\u00f3zsef utaz\u00e1sai Erd\u00e9lyben (Kv., 1932); Kazinczy \u00e9s Ed\u00e9ly (Kv, 1932); Istoria limbii \u015fi literaturii maghiare (ford. Bitay \u00c1rp\u00e1d, Cluj, 1934); P\u00e9terfi K\u00e1roly eszt\u00e9tik\u00e1ja (Bp., 1934); Szabolcska Mih\u00e1ly Erd\u00e9lyben (Kv., 1934); Dun\u00e1nt\u00fali \u00edr\u00f3k Erd\u00e9lyben (Gy\u0151r, 1935); Eminescu Mih\u00e1ly k\u00f6ltem\u00e9nyei (Kv., 1935 ); D\u00f3zsa D\u00e1niel elbesz\u00e9l\u0151 k\u00f6lt\u00e9szete (Bp., 1938); Az erd\u00e9lyi id\u0151szaki sajt\u00f3 a kiegyez\u00e9st\u0151l a k\u00f6zhatalom-v\u00e1lt\u00e1sig (Bp., 1938); Az erd\u00e9lyi magyar vid\u00e9ki h\u00edrlapirodalom t\u00f6rt\u00e9nete a kiegyez\u00e9sig (Kv., 1939); A Kir\u00e1lyh\u00e1g\u00f3ninneni \u00edr\u00f3k Erd\u00e9lyben (Kv., 1942); Tudom\u00e1nyos Int\u00e9zetek Erd\u00e9lyben 1919-ig (Kv., 1942); Fadrusz M\u00e1ty\u00e1s kir\u00e1lya \u00e9s V\u00f6r\u00f6smarty Sz\u00e9p Ilonk\u00e1ja (Kv., 1943); A kv.-i m. kir. Ferenc J\u00f3zsef Tudom\u00e1nyegyetem M. Irodalomt\u00f6rt\u00e9neti Int\u00e9zet\u00e9nek k\u00f6nyvt\u00e1ra (P\u00e9cs, 1943); Az egyetem hivat\u00e1sa (Kv., 1944); Rem\u00e9nyik S\u00e1ndor (Kv., 1944); Erd\u00e9lyi m. di\u00e1k Albensis J\u00e1nos disput\u00e1ja a heidelbergi egyetemen 1617-ben a sz\u00e1szv\u00e1rosi reform\u00e1tus Kun Koll\u00e9gium heidelbergi kollig\u00e1tuma (Kv., 1945; A k\u00e9t Bolyai alakja sz\u00e9pirodalmunkban (Kv., 1947); Kritikai szempontok a magyar irodalomt\u00f6rt\u00e9netben: Tanulm\u00e1nyok \/ V\u00e1logatta, sajt\u00f3 al\u00e1 rendezte, bevezet\u0151 tanulm\u00e1nnyal \u00e9s jegyzetekkel ell\u00e1tta Ga\u00e1l Gy\u00f6rgy (Kv., 2013); gy\u0171jtem\u00e9nyes k\u00f6t.: Pet\u0151fi-eml\u00e9ksorok (Mv., s. a..); Transilvania, Banatul, Cri\u015fana, Maramure\u015ful, 1918\u20131928. 3. k\u00f6t. (Buc., 1929); Kelemen Lajos Eml\u00e9kk\u00f6nyv (Kv, 1947); <strong>szerk.:<\/strong> Erd\u00e9ly lelke (Berlin, 1924, 1928); M\u0171ford\u00edt\u00e1sok rom\u00e1n k\u00f6lt\u0151kb\u0151l (Kv., 1928), II. Apafi Mih\u00e1ly mag\u00e1nos k\u00f6ny\u00f6rg\u00e9sei (Kiadta bevezet\u00e9ssel ell\u00e1tva, Kv., 1930); P\u00e9terfi K\u00e1roly: A vizsg\u00e1l\u00f3d\u00f3 filoz\u00f3fi\u00e1nak syst\u00e9m\u00e1ja. Sajt\u00f3 al\u00e1 rendezte \u00e9s el\u0151sz\u00f3t \u00edrt hozz\u00e1 (Kv., 1940); Kazinczy Ferenc : Erd\u00e9lyi levelek. Bevezet\u00e9ssel ell\u00e1tta (Kv., 1944). <br \/><strong>Irod.:<\/strong> Csejd \u2013T\u00f3falva; D\u00e1vid Gyula: Tudom\u00e1ny \u2013 irodalom- m\u0171v\u00e9szet n\u00e9gy nyelven (Korunk \u00e9vk., 1974), EM; F\u00fcl\u00f6p\u2013Ferencz; Ga\u00e1l 2001; Ga\u00e1l: Kv. vonz\u00e1s\u00e1ban; Ga\u00e1l Gy\u00f6rgy: K. Gy. k\u00f6nyvt\u00e1ra (Helikon, 44. sz., 1990. nov. 2.); Guly\u00e1s; Gy\u00f6rgy; Gy\u00f6rgy 1926; Gy\u00f6rgy 1927; Hivat\u00e1s \u00e9s tudom\u00e1ny; Magyar irodalomt\u00f6rt\u00e9net, 1939: Eml\u00e9kk\u00f6nyv K. Gy. hatvanadik sz\u00fclet\u00e9snapj\u00e1ra (Kv., 1939); A Magyar tudom\u00e1nyos irodalom bibliogr\u00e1fi\u00e1ja 1901\u20131925 ( Bp., 1929\u201336); Marosi-Helikon; Marosi-KZST; M\u00c9L; Molter 1.; Pascu; Pint\u00e9r; Pomog\u00e1ts B\u00e9la: Erd\u00e9lyi m. irodalomt\u00f6rt\u00e9net-\u00edr\u00e1s, 1920\u20131944 (Helikon, 2008., 2. sz.); Predescu; R\u00e9thy\u2013V\u00e1czy; RMIL; Transilvania; \u00daIL; Valentiny 1935; Zov\u00e1nyi<\/br><\/p>\n","protected":false},"excerpt":{"rendered":"<p>S\u00e1romberke v. T\u00f3falva, 1878. okt. 2., \u2020 Kv., 1965. okt. 15.: egyetemi tan\u00e1r, a filoz\u00f3fia doktora, irodalomt\u00f6rt\u00e9n\u00e9sz. \u2013 A k\u00f6z\u00e9piskol\u00e1t a mv.-i \u00e9s a nagyenyedi Ref. Koll.-ban v\u00e9gezte (1889), azut\u00e1n egyetemi hallgat\u00f3 Kv.-on, ahol m. -latin szakos tan\u00e1ri (1904) \u00e9s Bp.-en b\u00f6lcs\u00e9szdoktori oklevelet szerzett A magyar mythologia classicus eposainkban c. \u00e9rtekez\u00e9s\u00e9vel (1905). P\u00e1ly\u00e1j\u00e1t a gr\u00f3f [&hellip;]<\/p>\n","protected":false},"featured_media":0,"comment_status":"open","ping_status":"closed","template":"","meta":[],"product_brand":[],"product_cat":[137],"product_tag":[],"class_list":{"0":"post-13266","1":"product","2":"type-product","3":"status-publish","5":"product_cat-maros-megyei-eletrajzi-lexikon","7":"first","8":"instock","9":"shipping-taxable","10":"product-type-simple"},"_links":{"self":[{"href":"https:\/\/uj.adatbank.ro\/lexikon\/wp-json\/wp\/v2\/product\/13266","targetHints":{"allow":["GET"]}}],"collection":[{"href":"https:\/\/uj.adatbank.ro\/lexikon\/wp-json\/wp\/v2\/product"}],"about":[{"href":"https:\/\/uj.adatbank.ro\/lexikon\/wp-json\/wp\/v2\/types\/product"}],"replies":[{"embeddable":true,"href":"https:\/\/uj.adatbank.ro\/lexikon\/wp-json\/wp\/v2\/comments?post=13266"}],"wp:attachment":[{"href":"https:\/\/uj.adatbank.ro\/lexikon\/wp-json\/wp\/v2\/media?parent=13266"}],"wp:term":[{"taxonomy":"product_brand","embeddable":true,"href":"https:\/\/uj.adatbank.ro\/lexikon\/wp-json\/wp\/v2\/product_brand?post=13266"},{"taxonomy":"product_cat","embeddable":true,"href":"https:\/\/uj.adatbank.ro\/lexikon\/wp-json\/wp\/v2\/product_cat?post=13266"},{"taxonomy":"product_tag","embeddable":true,"href":"https:\/\/uj.adatbank.ro\/lexikon\/wp-json\/wp\/v2\/product_tag?post=13266"}],"curies":[{"name":"wp","href":"https:\/\/api.w.org\/{rel}","templated":true}]}}