{"id":13267,"date":"2025-06-29T14:55:40","date_gmt":"2025-06-29T12:55:40","guid":{"rendered":"https:\/\/uj.adatbank.ro\/lexikon\/termek\/kristof-gyula\/"},"modified":"2025-06-29T14:55:40","modified_gmt":"2025-06-29T12:55:40","slug":"kristof-gyula","status":"publish","type":"product","link":"https:\/\/uj.adatbank.ro\/lexikon\/termek\/kristof-gyula\/","title":{"rendered":"KRIST\u00d3F Gyula"},"content":{"rendered":"<p>S\u00e1romberke, 1885., \u2020 ? : keresked\u0151. \u2013 S\u00e1romberk\u00e9n \u00fczletvezet\u0151. \u00d6nn\u00e1ll\u00f3 (1926\u2013). R\u00e9szt vett az I. vh.-ban, t\u00f6bb kit\u00fcntet\u00e9st kapott. <br \/><strong>Irod.:<\/strong> Erd\u00e9lyi v\u00e1rmegy\u00e9k<\/br><\/p>\n","protected":false},"excerpt":{"rendered":"<p>S\u00e1romberke, 1885., \u2020 ? : keresked\u0151. \u2013 S\u00e1romberk\u00e9n \u00fczletvezet\u0151. \u00d6nn\u00e1ll\u00f3 (1926\u2013). R\u00e9szt vett az I. vh.-ban, t\u00f6bb kit\u00fcntet\u00e9st kapott. Irod.: Erd\u00e9lyi v\u00e1rmegy\u00e9k<\/p>\n","protected":false},"featured_media":0,"comment_status":"open","ping_status":"closed","template":"","meta":[],"product_brand":[],"product_cat":[137],"product_tag":[],"class_list":{"0":"post-13267","1":"product","2":"type-product","3":"status-publish","5":"product_cat-maros-megyei-eletrajzi-lexikon","7":"first","8":"instock","9":"shipping-taxable","10":"product-type-simple"},"_links":{"self":[{"href":"https:\/\/uj.adatbank.ro\/lexikon\/wp-json\/wp\/v2\/product\/13267","targetHints":{"allow":["GET"]}}],"collection":[{"href":"https:\/\/uj.adatbank.ro\/lexikon\/wp-json\/wp\/v2\/product"}],"about":[{"href":"https:\/\/uj.adatbank.ro\/lexikon\/wp-json\/wp\/v2\/types\/product"}],"replies":[{"embeddable":true,"href":"https:\/\/uj.adatbank.ro\/lexikon\/wp-json\/wp\/v2\/comments?post=13267"}],"wp:attachment":[{"href":"https:\/\/uj.adatbank.ro\/lexikon\/wp-json\/wp\/v2\/media?parent=13267"}],"wp:term":[{"taxonomy":"product_brand","embeddable":true,"href":"https:\/\/uj.adatbank.ro\/lexikon\/wp-json\/wp\/v2\/product_brand?post=13267"},{"taxonomy":"product_cat","embeddable":true,"href":"https:\/\/uj.adatbank.ro\/lexikon\/wp-json\/wp\/v2\/product_cat?post=13267"},{"taxonomy":"product_tag","embeddable":true,"href":"https:\/\/uj.adatbank.ro\/lexikon\/wp-json\/wp\/v2\/product_tag?post=13267"}],"curies":[{"name":"wp","href":"https:\/\/api.w.org\/{rel}","templated":true}]}}