{"id":13268,"date":"2025-06-29T14:55:42","date_gmt":"2025-06-29T12:55:42","guid":{"rendered":"https:\/\/uj.adatbank.ro\/lexikon\/termek\/kristof-istvan\/"},"modified":"2025-06-29T14:55:42","modified_gmt":"2025-06-29T12:55:42","slug":"kristof-istvan","status":"publish","type":"product","link":"https:\/\/uj.adatbank.ro\/lexikon\/termek\/kristof-istvan\/","title":{"rendered":"KRIST\u00d3F Istv\u00e1n"},"content":{"rendered":"<p>S\u00e1romberke, 1904. m\u00e1rc. 26. \u2020 ? : f\u00f6ldm\u0171ves. \u2013 Kul\u00e1kk\u00e1 nyilv\u00e1n\u00edtott\u00e1k, mert 10, 3 ha f\u00f6lddel rendelkezett \u00e9s f\u00f6ldj\u00e9t idegen munkaer\u0151vel m\u0171velte meg (1949\u201359). K\u00f6zt\u00f6rv\u00e9nyesk\u00e9nt t\u00f6bbsz\u00f6r el\u00edt\u00e9lt\u00e9k (1951\u201357). Ellenezte a mez\u0151gazdas\u00e1g szocialista \u00e1talak\u00edt\u00e1s\u00e1t, becsm\u00e9relte a p\u00e1rt \u00e9s \u00e1llami vezet\u0151ket, megj\u00f3solta a rendszer buk\u00e1s\u00e1t. T\u00e1rsadalmi rend elleni tev\u00e9kenys\u00e9g v\u00e1dj\u00e1val letart\u00f3ztatt\u00e1k (1961. aug. 22.). <br \/><strong>Irod.:<\/strong> \u00c1ldozatok<\/br><\/p>\n","protected":false},"excerpt":{"rendered":"<p>S\u00e1romberke, 1904. m\u00e1rc. 26. \u2020 ? : f\u00f6ldm\u0171ves. \u2013 Kul\u00e1kk\u00e1 nyilv\u00e1n\u00edtott\u00e1k, mert 10, 3 ha f\u00f6lddel rendelkezett \u00e9s f\u00f6ldj\u00e9t idegen munkaer\u0151vel m\u0171velte meg (1949\u201359). K\u00f6zt\u00f6rv\u00e9nyesk\u00e9nt t\u00f6bbsz\u00f6r el\u00edt\u00e9lt\u00e9k (1951\u201357). Ellenezte a mez\u0151gazdas\u00e1g szocialista \u00e1talak\u00edt\u00e1s\u00e1t, becsm\u00e9relte a p\u00e1rt \u00e9s \u00e1llami vezet\u0151ket, megj\u00f3solta a rendszer buk\u00e1s\u00e1t. T\u00e1rsadalmi rend elleni tev\u00e9kenys\u00e9g v\u00e1dj\u00e1val letart\u00f3ztatt\u00e1k (1961. aug. 22.). Irod.: \u00c1ldozatok<\/p>\n","protected":false},"featured_media":0,"comment_status":"open","ping_status":"closed","template":"","meta":[],"product_brand":[],"product_cat":[137],"product_tag":[],"class_list":{"0":"post-13268","1":"product","2":"type-product","3":"status-publish","5":"product_cat-maros-megyei-eletrajzi-lexikon","7":"first","8":"instock","9":"shipping-taxable","10":"product-type-simple"},"_links":{"self":[{"href":"https:\/\/uj.adatbank.ro\/lexikon\/wp-json\/wp\/v2\/product\/13268","targetHints":{"allow":["GET"]}}],"collection":[{"href":"https:\/\/uj.adatbank.ro\/lexikon\/wp-json\/wp\/v2\/product"}],"about":[{"href":"https:\/\/uj.adatbank.ro\/lexikon\/wp-json\/wp\/v2\/types\/product"}],"replies":[{"embeddable":true,"href":"https:\/\/uj.adatbank.ro\/lexikon\/wp-json\/wp\/v2\/comments?post=13268"}],"wp:attachment":[{"href":"https:\/\/uj.adatbank.ro\/lexikon\/wp-json\/wp\/v2\/media?parent=13268"}],"wp:term":[{"taxonomy":"product_brand","embeddable":true,"href":"https:\/\/uj.adatbank.ro\/lexikon\/wp-json\/wp\/v2\/product_brand?post=13268"},{"taxonomy":"product_cat","embeddable":true,"href":"https:\/\/uj.adatbank.ro\/lexikon\/wp-json\/wp\/v2\/product_cat?post=13268"},{"taxonomy":"product_tag","embeddable":true,"href":"https:\/\/uj.adatbank.ro\/lexikon\/wp-json\/wp\/v2\/product_tag?post=13268"}],"curies":[{"name":"wp","href":"https:\/\/api.w.org\/{rel}","templated":true}]}}