{"id":13270,"date":"2025-06-29T14:55:46","date_gmt":"2025-06-29T12:55:46","guid":{"rendered":"https:\/\/uj.adatbank.ro\/lexikon\/termek\/kristof-peter\/"},"modified":"2025-06-29T14:55:46","modified_gmt":"2025-06-29T12:55:46","slug":"kristof-peter","status":"publish","type":"product","link":"https:\/\/uj.adatbank.ro\/lexikon\/termek\/kristof-peter\/","title":{"rendered":"KRIST\u00d3F P\u00e9ter"},"content":{"rendered":"<p>S\u00e1romberke, 1884., \u2020 ? : gazd\u00e1lkod\u00f3. \u2013 A sz\u00fcl\u0151i h\u00e1zn\u00e1l tanult gazd\u00e1lkodni, \u00f6n\u00e1ll\u00f3 gazda S\u00e1romberk\u00e9n (1919\u2013). Az els\u0151 vh.-ban a 12-es train divisionban szolg\u00e1lt, az orosz \u00e9s olasz fronton volt. A Hitelsz\u00f6vetkezet \u00e9s a Tejsz\u00f6vetkezet aleln\u00f6ke, a Hangya fel\u00fcgyel\u0151biz.-i tagja volt. <br \/><strong>Irod.:<\/strong> Sz\u00e9kelyf\u00f6ld \u00ed. k.<\/br><\/p>\n","protected":false},"excerpt":{"rendered":"<p>S\u00e1romberke, 1884., \u2020 ? : gazd\u00e1lkod\u00f3. \u2013 A sz\u00fcl\u0151i h\u00e1zn\u00e1l tanult gazd\u00e1lkodni, \u00f6n\u00e1ll\u00f3 gazda S\u00e1romberk\u00e9n (1919\u2013). Az els\u0151 vh.-ban a 12-es train divisionban szolg\u00e1lt, az orosz \u00e9s olasz fronton volt. A Hitelsz\u00f6vetkezet \u00e9s a Tejsz\u00f6vetkezet aleln\u00f6ke, a Hangya fel\u00fcgyel\u0151biz.-i tagja volt. Irod.: Sz\u00e9kelyf\u00f6ld \u00ed. k.<\/p>\n","protected":false},"featured_media":0,"comment_status":"open","ping_status":"closed","template":"","meta":[],"product_brand":[],"product_cat":[137],"product_tag":[],"class_list":{"0":"post-13270","1":"product","2":"type-product","3":"status-publish","5":"product_cat-maros-megyei-eletrajzi-lexikon","7":"first","8":"instock","9":"shipping-taxable","10":"product-type-simple"},"_links":{"self":[{"href":"https:\/\/uj.adatbank.ro\/lexikon\/wp-json\/wp\/v2\/product\/13270","targetHints":{"allow":["GET"]}}],"collection":[{"href":"https:\/\/uj.adatbank.ro\/lexikon\/wp-json\/wp\/v2\/product"}],"about":[{"href":"https:\/\/uj.adatbank.ro\/lexikon\/wp-json\/wp\/v2\/types\/product"}],"replies":[{"embeddable":true,"href":"https:\/\/uj.adatbank.ro\/lexikon\/wp-json\/wp\/v2\/comments?post=13270"}],"wp:attachment":[{"href":"https:\/\/uj.adatbank.ro\/lexikon\/wp-json\/wp\/v2\/media?parent=13270"}],"wp:term":[{"taxonomy":"product_brand","embeddable":true,"href":"https:\/\/uj.adatbank.ro\/lexikon\/wp-json\/wp\/v2\/product_brand?post=13270"},{"taxonomy":"product_cat","embeddable":true,"href":"https:\/\/uj.adatbank.ro\/lexikon\/wp-json\/wp\/v2\/product_cat?post=13270"},{"taxonomy":"product_tag","embeddable":true,"href":"https:\/\/uj.adatbank.ro\/lexikon\/wp-json\/wp\/v2\/product_tag?post=13270"}],"curies":[{"name":"wp","href":"https:\/\/api.w.org\/{rel}","templated":true}]}}