{"id":13273,"date":"2025-06-29T14:55:53","date_gmt":"2025-06-29T12:55:53","guid":{"rendered":"https:\/\/uj.adatbank.ro\/lexikon\/termek\/krisztovics-keresztely-krisztian\/"},"modified":"2025-06-29T14:55:53","modified_gmt":"2025-06-29T12:55:53","slug":"krisztovics-keresztely-krisztian","status":"publish","type":"product","link":"https:\/\/uj.adatbank.ro\/lexikon\/termek\/krisztovics-keresztely-krisztian\/","title":{"rendered":"KRISZTOVICS Kereszt\u00e9ly (Kriszti\u00e1n)"},"content":{"rendered":"<p>Mv., 1911. dec. 1. \u2020 Rivna, 1944. j\u00fan. 27.: honv\u00e9d. \u2013 Anyja: : Ny\u00e1r\u00e1di Zsuzsanna. \u201357. gyalogezred, \u00e1rk\u00e1szszakasz. N\u00e9met \u00e9rint\u0151akn\u00e1t\u00f3l roncsl\u00f3dott. <br \/><strong>Irod.:<\/strong> Berekm\u00e9ri 2015<\/br><\/p>\n","protected":false},"excerpt":{"rendered":"<p>Mv., 1911. dec. 1. \u2020 Rivna, 1944. j\u00fan. 27.: honv\u00e9d. \u2013 Anyja: : Ny\u00e1r\u00e1di Zsuzsanna. \u201357. gyalogezred, \u00e1rk\u00e1szszakasz. N\u00e9met \u00e9rint\u0151akn\u00e1t\u00f3l roncsl\u00f3dott. Irod.: Berekm\u00e9ri 2015<\/p>\n","protected":false},"featured_media":0,"comment_status":"open","ping_status":"closed","template":"","meta":[],"product_brand":[],"product_cat":[137],"product_tag":[],"class_list":{"0":"post-13273","1":"product","2":"type-product","3":"status-publish","5":"product_cat-maros-megyei-eletrajzi-lexikon","7":"first","8":"instock","9":"shipping-taxable","10":"product-type-simple"},"_links":{"self":[{"href":"https:\/\/uj.adatbank.ro\/lexikon\/wp-json\/wp\/v2\/product\/13273","targetHints":{"allow":["GET"]}}],"collection":[{"href":"https:\/\/uj.adatbank.ro\/lexikon\/wp-json\/wp\/v2\/product"}],"about":[{"href":"https:\/\/uj.adatbank.ro\/lexikon\/wp-json\/wp\/v2\/types\/product"}],"replies":[{"embeddable":true,"href":"https:\/\/uj.adatbank.ro\/lexikon\/wp-json\/wp\/v2\/comments?post=13273"}],"wp:attachment":[{"href":"https:\/\/uj.adatbank.ro\/lexikon\/wp-json\/wp\/v2\/media?parent=13273"}],"wp:term":[{"taxonomy":"product_brand","embeddable":true,"href":"https:\/\/uj.adatbank.ro\/lexikon\/wp-json\/wp\/v2\/product_brand?post=13273"},{"taxonomy":"product_cat","embeddable":true,"href":"https:\/\/uj.adatbank.ro\/lexikon\/wp-json\/wp\/v2\/product_cat?post=13273"},{"taxonomy":"product_tag","embeddable":true,"href":"https:\/\/uj.adatbank.ro\/lexikon\/wp-json\/wp\/v2\/product_tag?post=13273"}],"curies":[{"name":"wp","href":"https:\/\/api.w.org\/{rel}","templated":true}]}}