{"id":13274,"date":"2025-06-29T14:55:55","date_gmt":"2025-06-29T12:55:55","guid":{"rendered":"https:\/\/uj.adatbank.ro\/lexikon\/termek\/krisztye-margit\/"},"modified":"2025-06-29T14:55:55","modified_gmt":"2025-06-29T12:55:55","slug":"krisztye-margit","status":"publish","type":"product","link":"https:\/\/uj.adatbank.ro\/lexikon\/termek\/krisztye-margit\/","title":{"rendered":"KRISZTYE Margit"},"content":{"rendered":"<p>Cs\u00f6b, 1925. szept. 1., \u2020 ? : kos\u00e1rlabd\u00e1z\u00f3. \u2013 Dolgozott a kv.-i Dermata gy\u00e1rban (1940\u201352); szakszervezeti sportaktivista (1952\u201353); a mv.-i Beruh\u00e1z\u00e1si Bank (1953054), a K\u00f6z\u00e9tkeztet\u00e9si V\u00e1llalat \u00fcgyvezet\u0151je (1955\u201380). <br \/><strong>Irod.:<\/strong> RMKK<\/br><\/p>\n","protected":false},"excerpt":{"rendered":"<p>Cs\u00f6b, 1925. szept. 1., \u2020 ? : kos\u00e1rlabd\u00e1z\u00f3. \u2013 Dolgozott a kv.-i Dermata gy\u00e1rban (1940\u201352); szakszervezeti sportaktivista (1952\u201353); a mv.-i Beruh\u00e1z\u00e1si Bank (1953054), a K\u00f6z\u00e9tkeztet\u00e9si V\u00e1llalat \u00fcgyvezet\u0151je (1955\u201380). Irod.: RMKK<\/p>\n","protected":false},"featured_media":0,"comment_status":"open","ping_status":"closed","template":"","meta":[],"product_brand":[],"product_cat":[137],"product_tag":[],"class_list":{"0":"post-13274","1":"product","2":"type-product","3":"status-publish","5":"product_cat-maros-megyei-eletrajzi-lexikon","7":"first","8":"instock","9":"shipping-taxable","10":"product-type-simple"},"_links":{"self":[{"href":"https:\/\/uj.adatbank.ro\/lexikon\/wp-json\/wp\/v2\/product\/13274","targetHints":{"allow":["GET"]}}],"collection":[{"href":"https:\/\/uj.adatbank.ro\/lexikon\/wp-json\/wp\/v2\/product"}],"about":[{"href":"https:\/\/uj.adatbank.ro\/lexikon\/wp-json\/wp\/v2\/types\/product"}],"replies":[{"embeddable":true,"href":"https:\/\/uj.adatbank.ro\/lexikon\/wp-json\/wp\/v2\/comments?post=13274"}],"wp:attachment":[{"href":"https:\/\/uj.adatbank.ro\/lexikon\/wp-json\/wp\/v2\/media?parent=13274"}],"wp:term":[{"taxonomy":"product_brand","embeddable":true,"href":"https:\/\/uj.adatbank.ro\/lexikon\/wp-json\/wp\/v2\/product_brand?post=13274"},{"taxonomy":"product_cat","embeddable":true,"href":"https:\/\/uj.adatbank.ro\/lexikon\/wp-json\/wp\/v2\/product_cat?post=13274"},{"taxonomy":"product_tag","embeddable":true,"href":"https:\/\/uj.adatbank.ro\/lexikon\/wp-json\/wp\/v2\/product_tag?post=13274"}],"curies":[{"name":"wp","href":"https:\/\/api.w.org\/{rel}","templated":true}]}}