{"id":13275,"date":"2025-06-29T14:55:57","date_gmt":"2025-06-29T12:55:57","guid":{"rendered":"https:\/\/uj.adatbank.ro\/lexikon\/termek\/krizbai-gyorgy\/"},"modified":"2025-06-29T14:55:57","modified_gmt":"2025-06-29T12:55:57","slug":"krizbai-gyorgy","status":"publish","type":"product","link":"https:\/\/uj.adatbank.ro\/lexikon\/termek\/krizbai-gyorgy\/","title":{"rendered":"KRIZBAI Gy\u00f6rgy"},"content":{"rendered":"<p>? \u2020 ?: ref. lelk\u00e9sz. \u2013 Nagyenyeden subscrib\u00e1lt (1694). A Bethlen csal\u00e1dn\u00e1l volt nevel\u0151. V\u00e1mosg\u00e1lfalv\u00e1n volt lelk\u00e9sz (1671\u20131709). <br \/><strong>Irod.:<\/strong> K\u00fck\u00fcll\u0151i Ref. Egyh\u00e1zm. 4<\/br><\/p>\n","protected":false},"excerpt":{"rendered":"<p>? \u2020 ?: ref. lelk\u00e9sz. \u2013 Nagyenyeden subscrib\u00e1lt (1694). A Bethlen csal\u00e1dn\u00e1l volt nevel\u0151. V\u00e1mosg\u00e1lfalv\u00e1n volt lelk\u00e9sz (1671\u20131709). Irod.: K\u00fck\u00fcll\u0151i Ref. Egyh\u00e1zm. 4<\/p>\n","protected":false},"featured_media":0,"comment_status":"open","ping_status":"closed","template":"","meta":[],"product_brand":[],"product_cat":[137],"product_tag":[],"class_list":{"0":"post-13275","1":"product","2":"type-product","3":"status-publish","5":"product_cat-maros-megyei-eletrajzi-lexikon","7":"first","8":"instock","9":"shipping-taxable","10":"product-type-simple"},"_links":{"self":[{"href":"https:\/\/uj.adatbank.ro\/lexikon\/wp-json\/wp\/v2\/product\/13275","targetHints":{"allow":["GET"]}}],"collection":[{"href":"https:\/\/uj.adatbank.ro\/lexikon\/wp-json\/wp\/v2\/product"}],"about":[{"href":"https:\/\/uj.adatbank.ro\/lexikon\/wp-json\/wp\/v2\/types\/product"}],"replies":[{"embeddable":true,"href":"https:\/\/uj.adatbank.ro\/lexikon\/wp-json\/wp\/v2\/comments?post=13275"}],"wp:attachment":[{"href":"https:\/\/uj.adatbank.ro\/lexikon\/wp-json\/wp\/v2\/media?parent=13275"}],"wp:term":[{"taxonomy":"product_brand","embeddable":true,"href":"https:\/\/uj.adatbank.ro\/lexikon\/wp-json\/wp\/v2\/product_brand?post=13275"},{"taxonomy":"product_cat","embeddable":true,"href":"https:\/\/uj.adatbank.ro\/lexikon\/wp-json\/wp\/v2\/product_cat?post=13275"},{"taxonomy":"product_tag","embeddable":true,"href":"https:\/\/uj.adatbank.ro\/lexikon\/wp-json\/wp\/v2\/product_tag?post=13275"}],"curies":[{"name":"wp","href":"https:\/\/api.w.org\/{rel}","templated":true}]}}