{"id":13276,"date":"2025-06-29T14:55:59","date_gmt":"2025-06-29T12:55:59","guid":{"rendered":"https:\/\/uj.adatbank.ro\/lexikon\/termek\/krizbai-istvan-krizbai-dezso-istvan-krizbai-d-istvan\/"},"modified":"2025-06-29T14:55:59","modified_gmt":"2025-06-29T12:55:59","slug":"krizbai-istvan-krizbai-dezso-istvan-krizbai-d-istvan","status":"publish","type":"product","link":"https:\/\/uj.adatbank.ro\/lexikon\/termek\/krizbai-istvan-krizbai-dezso-istvan-krizbai-d-istvan\/","title":{"rendered":"KRIZBAI Istv\u00e1n, Krizbai Dezs\u0151 Istv\u00e1n, Krizbai D. Istv\u00e1n"},"content":{"rendered":"<p>? \u2020 ?: ref. lelk\u00e9sz. \u2013 Mv.-en subscrib\u00e1lt (1752). Erd\u0151szengyelben volt l\u00e9vita. Lelk\u00e9sz: Kolozsnagyid\u00e1n (1767), Nagyercs\u00e9n (1769\u201371), G\u00f6rg\u00e9nyszentimr\u00e9n (1772\u20131773), Udvarfalv\u00e1n (1775\u20131785), Csikfalv\u00e1n (1788\u20131792), itt v\u00e1s\u00e1rolt egy volt katonasz\u00e1ll\u00e1si \u00e9p\u00fcletet (1790), amelyet templomm\u00e1 alak\u00edtottak. Gegesben (1793\u20131802) volt lelk\u00e9sz. <br \/><strong>Irod.:<\/strong> Cs\u00edkfalva; \u0150sz<\/br><\/p>\n","protected":false},"excerpt":{"rendered":"<p>? \u2020 ?: ref. lelk\u00e9sz. \u2013 Mv.-en subscrib\u00e1lt (1752). Erd\u0151szengyelben volt l\u00e9vita. Lelk\u00e9sz: Kolozsnagyid\u00e1n (1767), Nagyercs\u00e9n (1769\u201371), G\u00f6rg\u00e9nyszentimr\u00e9n (1772\u20131773), Udvarfalv\u00e1n (1775\u20131785), Csikfalv\u00e1n (1788\u20131792), itt v\u00e1s\u00e1rolt egy volt katonasz\u00e1ll\u00e1si \u00e9p\u00fcletet (1790), amelyet templomm\u00e1 alak\u00edtottak. Gegesben (1793\u20131802) volt lelk\u00e9sz. Irod.: Cs\u00edkfalva; \u0150sz<\/p>\n","protected":false},"featured_media":0,"comment_status":"open","ping_status":"closed","template":"","meta":[],"product_brand":[],"product_cat":[137],"product_tag":[],"class_list":{"0":"post-13276","1":"product","2":"type-product","3":"status-publish","5":"product_cat-maros-megyei-eletrajzi-lexikon","7":"first","8":"instock","9":"shipping-taxable","10":"product-type-simple"},"_links":{"self":[{"href":"https:\/\/uj.adatbank.ro\/lexikon\/wp-json\/wp\/v2\/product\/13276","targetHints":{"allow":["GET"]}}],"collection":[{"href":"https:\/\/uj.adatbank.ro\/lexikon\/wp-json\/wp\/v2\/product"}],"about":[{"href":"https:\/\/uj.adatbank.ro\/lexikon\/wp-json\/wp\/v2\/types\/product"}],"replies":[{"embeddable":true,"href":"https:\/\/uj.adatbank.ro\/lexikon\/wp-json\/wp\/v2\/comments?post=13276"}],"wp:attachment":[{"href":"https:\/\/uj.adatbank.ro\/lexikon\/wp-json\/wp\/v2\/media?parent=13276"}],"wp:term":[{"taxonomy":"product_brand","embeddable":true,"href":"https:\/\/uj.adatbank.ro\/lexikon\/wp-json\/wp\/v2\/product_brand?post=13276"},{"taxonomy":"product_cat","embeddable":true,"href":"https:\/\/uj.adatbank.ro\/lexikon\/wp-json\/wp\/v2\/product_cat?post=13276"},{"taxonomy":"product_tag","embeddable":true,"href":"https:\/\/uj.adatbank.ro\/lexikon\/wp-json\/wp\/v2\/product_tag?post=13276"}],"curies":[{"name":"wp","href":"https:\/\/api.w.org\/{rel}","templated":true}]}}