{"id":13290,"date":"2025-06-29T14:56:26","date_gmt":"2025-06-29T12:56:26","guid":{"rendered":"https:\/\/uj.adatbank.ro\/lexikon\/termek\/kroner-samuel\/"},"modified":"2025-06-29T14:56:26","modified_gmt":"2025-06-29T12:56:26","slug":"kroner-samuel","status":"publish","type":"product","link":"https:\/\/uj.adatbank.ro\/lexikon\/termek\/kroner-samuel\/","title":{"rendered":"KRONER, Samuel"},"content":{"rendered":"<p>? \u2020 ?: sz\u00e1szr\u00e9geni harang\u00f6nt\u0151. &#8211; A Sz\u00e1szr\u00e9geni ev. Templom harangjait \u00f6nt\u00f6tte (1755 \u00e9s 1770). <br \/><strong>Irod.:<\/strong> S\u00e4chsisch-Regen<\/br><\/p>\n","protected":false},"excerpt":{"rendered":"<p>? \u2020 ?: sz\u00e1szr\u00e9geni harang\u00f6nt\u0151. &#8211; A Sz\u00e1szr\u00e9geni ev. Templom harangjait \u00f6nt\u00f6tte (1755 \u00e9s 1770). Irod.: S\u00e4chsisch-Regen<\/p>\n","protected":false},"featured_media":0,"comment_status":"open","ping_status":"closed","template":"","meta":[],"product_brand":[],"product_cat":[137],"product_tag":[],"class_list":{"0":"post-13290","1":"product","2":"type-product","3":"status-publish","5":"product_cat-maros-megyei-eletrajzi-lexikon","7":"first","8":"instock","9":"shipping-taxable","10":"product-type-simple"},"_links":{"self":[{"href":"https:\/\/uj.adatbank.ro\/lexikon\/wp-json\/wp\/v2\/product\/13290","targetHints":{"allow":["GET"]}}],"collection":[{"href":"https:\/\/uj.adatbank.ro\/lexikon\/wp-json\/wp\/v2\/product"}],"about":[{"href":"https:\/\/uj.adatbank.ro\/lexikon\/wp-json\/wp\/v2\/types\/product"}],"replies":[{"embeddable":true,"href":"https:\/\/uj.adatbank.ro\/lexikon\/wp-json\/wp\/v2\/comments?post=13290"}],"wp:attachment":[{"href":"https:\/\/uj.adatbank.ro\/lexikon\/wp-json\/wp\/v2\/media?parent=13290"}],"wp:term":[{"taxonomy":"product_brand","embeddable":true,"href":"https:\/\/uj.adatbank.ro\/lexikon\/wp-json\/wp\/v2\/product_brand?post=13290"},{"taxonomy":"product_cat","embeddable":true,"href":"https:\/\/uj.adatbank.ro\/lexikon\/wp-json\/wp\/v2\/product_cat?post=13290"},{"taxonomy":"product_tag","embeddable":true,"href":"https:\/\/uj.adatbank.ro\/lexikon\/wp-json\/wp\/v2\/product_tag?post=13290"}],"curies":[{"name":"wp","href":"https:\/\/api.w.org\/{rel}","templated":true}]}}