{"id":13292,"date":"2025-06-29T14:56:30","date_gmt":"2025-06-29T12:56:30","guid":{"rendered":"https:\/\/uj.adatbank.ro\/lexikon\/termek\/krupitza-johannes\/"},"modified":"2025-06-29T14:56:30","modified_gmt":"2025-06-29T12:56:30","slug":"krupitza-johannes","status":"publish","type":"product","link":"https:\/\/uj.adatbank.ro\/lexikon\/termek\/krupitza-johannes\/","title":{"rendered":"KRUPITZA Johannes"},"content":{"rendered":"<p>Tur\u00f3c vm., 1756. \u00e1pr. 3., \u2020 ?: gy\u00f3gyszer\u00e9sz. \u2013 Bud\u00e1n tett gy\u00f3gyszermesteri vizsg\u00e1t (1784. aug. 7.). Mv.-en r\u00f6vid ideig gondnoka volt az Arany Szarvas gy\u00f3gyszert\u00e1rnak. <br \/><strong>Irod.:<\/strong> P\u00e9ter H. M.; P\u00e9ter H. M. 2013<\/br><\/p>\n","protected":false},"excerpt":{"rendered":"<p>Tur\u00f3c vm., 1756. \u00e1pr. 3., \u2020 ?: gy\u00f3gyszer\u00e9sz. \u2013 Bud\u00e1n tett gy\u00f3gyszermesteri vizsg\u00e1t (1784. aug. 7.). Mv.-en r\u00f6vid ideig gondnoka volt az Arany Szarvas gy\u00f3gyszert\u00e1rnak. Irod.: P\u00e9ter H. M.; P\u00e9ter H. M. 2013<\/p>\n","protected":false},"featured_media":0,"comment_status":"open","ping_status":"closed","template":"","meta":[],"product_brand":[],"product_cat":[137],"product_tag":[],"class_list":{"0":"post-13292","1":"product","2":"type-product","3":"status-publish","5":"product_cat-maros-megyei-eletrajzi-lexikon","7":"first","8":"instock","9":"shipping-taxable","10":"product-type-simple"},"_links":{"self":[{"href":"https:\/\/uj.adatbank.ro\/lexikon\/wp-json\/wp\/v2\/product\/13292","targetHints":{"allow":["GET"]}}],"collection":[{"href":"https:\/\/uj.adatbank.ro\/lexikon\/wp-json\/wp\/v2\/product"}],"about":[{"href":"https:\/\/uj.adatbank.ro\/lexikon\/wp-json\/wp\/v2\/types\/product"}],"replies":[{"embeddable":true,"href":"https:\/\/uj.adatbank.ro\/lexikon\/wp-json\/wp\/v2\/comments?post=13292"}],"wp:attachment":[{"href":"https:\/\/uj.adatbank.ro\/lexikon\/wp-json\/wp\/v2\/media?parent=13292"}],"wp:term":[{"taxonomy":"product_brand","embeddable":true,"href":"https:\/\/uj.adatbank.ro\/lexikon\/wp-json\/wp\/v2\/product_brand?post=13292"},{"taxonomy":"product_cat","embeddable":true,"href":"https:\/\/uj.adatbank.ro\/lexikon\/wp-json\/wp\/v2\/product_cat?post=13292"},{"taxonomy":"product_tag","embeddable":true,"href":"https:\/\/uj.adatbank.ro\/lexikon\/wp-json\/wp\/v2\/product_tag?post=13292"}],"curies":[{"name":"wp","href":"https:\/\/api.w.org\/{rel}","templated":true}]}}