{"id":13293,"date":"2025-06-29T14:56:34","date_gmt":"2025-06-29T12:56:34","guid":{"rendered":"https:\/\/uj.adatbank.ro\/lexikon\/termek\/kubassy-sandor\/"},"modified":"2025-06-29T14:56:34","modified_gmt":"2025-06-29T12:56:34","slug":"kubassy-sandor","status":"publish","type":"product","link":"https:\/\/uj.adatbank.ro\/lexikon\/termek\/kubassy-sandor\/","title":{"rendered":"KUBASSY S\u00e1ndor"},"content":{"rendered":"<p>? \u2020 ?: sz\u00e1zados. \u2013 A Sz\u00e9kely hadoszt\u00e1ly hadrendj\u00e9be besorolt, mv.-i 9. honv\u00e9d husz\u00e1rezred parancsnoka \u0151rnagyi rangban. Orosz fogs\u00e1gba ker\u00fclt (1919. febr. 10.) Stef\u00e1novits D\u00f6me \u00e9s Ga\u00e1l Dezs\u0151 tartom\u00e1nyi hadnaggyal egy\u00fctt a 9. husz\u00e1rezred 6. sz\u00e1zad beosztott tisztjei. <br \/><strong>Irod.:<\/strong> Koszta<\/br><\/p>\n","protected":false},"excerpt":{"rendered":"<p>? \u2020 ?: sz\u00e1zados. \u2013 A Sz\u00e9kely hadoszt\u00e1ly hadrendj\u00e9be besorolt, mv.-i 9. honv\u00e9d husz\u00e1rezred parancsnoka \u0151rnagyi rangban. Orosz fogs\u00e1gba ker\u00fclt (1919. febr. 10.) Stef\u00e1novits D\u00f6me \u00e9s Ga\u00e1l Dezs\u0151 tartom\u00e1nyi hadnaggyal egy\u00fctt a 9. husz\u00e1rezred 6. sz\u00e1zad beosztott tisztjei. Irod.: Koszta<\/p>\n","protected":false},"featured_media":0,"comment_status":"open","ping_status":"closed","template":"","meta":[],"product_brand":[],"product_cat":[137],"product_tag":[],"class_list":{"0":"post-13293","1":"product","2":"type-product","3":"status-publish","5":"product_cat-maros-megyei-eletrajzi-lexikon","7":"first","8":"instock","9":"shipping-taxable","10":"product-type-simple"},"_links":{"self":[{"href":"https:\/\/uj.adatbank.ro\/lexikon\/wp-json\/wp\/v2\/product\/13293","targetHints":{"allow":["GET"]}}],"collection":[{"href":"https:\/\/uj.adatbank.ro\/lexikon\/wp-json\/wp\/v2\/product"}],"about":[{"href":"https:\/\/uj.adatbank.ro\/lexikon\/wp-json\/wp\/v2\/types\/product"}],"replies":[{"embeddable":true,"href":"https:\/\/uj.adatbank.ro\/lexikon\/wp-json\/wp\/v2\/comments?post=13293"}],"wp:attachment":[{"href":"https:\/\/uj.adatbank.ro\/lexikon\/wp-json\/wp\/v2\/media?parent=13293"}],"wp:term":[{"taxonomy":"product_brand","embeddable":true,"href":"https:\/\/uj.adatbank.ro\/lexikon\/wp-json\/wp\/v2\/product_brand?post=13293"},{"taxonomy":"product_cat","embeddable":true,"href":"https:\/\/uj.adatbank.ro\/lexikon\/wp-json\/wp\/v2\/product_cat?post=13293"},{"taxonomy":"product_tag","embeddable":true,"href":"https:\/\/uj.adatbank.ro\/lexikon\/wp-json\/wp\/v2\/product_tag?post=13293"}],"curies":[{"name":"wp","href":"https:\/\/api.w.org\/{rel}","templated":true}]}}