{"id":13297,"date":"2025-06-29T14:56:46","date_gmt":"2025-06-29T12:56:46","guid":{"rendered":"https:\/\/uj.adatbank.ro\/lexikon\/termek\/kugler-gheorghe-kugler-gyorgy\/"},"modified":"2025-06-29T14:56:46","modified_gmt":"2025-06-29T12:56:46","slug":"kugler-gheorghe-kugler-gyorgy","status":"publish","type":"product","link":"https:\/\/uj.adatbank.ro\/lexikon\/termek\/kugler-gheorghe-kugler-gyorgy\/","title":{"rendered":"KUGLER Gheorghe, Kugler Gy\u00f6rgy"},"content":{"rendered":"<p>Sz\u00e1szr\u00e9gen, 1923., \u2020 Nagyenyed, 1948.: tisztvisel\u0151, antikommunista harcos. \u2013 Sz\u00e1sz\u00e9genben dolgozott. A Turul SE \u00e9s az amat\u0151r TSE titk\u00e1ra volt. A labdar\u00fag\u00e1st \u00e9s a teke sportot m\u0171velte. Lelkesen szervezte a magyar sport\u00e9letet Sz\u00e1szr\u00e9genben. Politikai okokb\u00f3l letart\u00f3ztatt\u00e1k, az enyedi b\u00f6rt\u00f6nbe z\u00e1rt\u00e1k, ahol kiv\u00e9gezt\u00e9k. <br \/><strong>Irod.:<\/strong> Balint, Ioni\u0163oiu; Pluh\u00e1r<\/br><\/p>\n","protected":false},"excerpt":{"rendered":"<p>Sz\u00e1szr\u00e9gen, 1923., \u2020 Nagyenyed, 1948.: tisztvisel\u0151, antikommunista harcos. \u2013 Sz\u00e1sz\u00e9genben dolgozott. A Turul SE \u00e9s az amat\u0151r TSE titk\u00e1ra volt. A labdar\u00fag\u00e1st \u00e9s a teke sportot m\u0171velte. Lelkesen szervezte a magyar sport\u00e9letet Sz\u00e1szr\u00e9genben. Politikai okokb\u00f3l letart\u00f3ztatt\u00e1k, az enyedi b\u00f6rt\u00f6nbe z\u00e1rt\u00e1k, ahol kiv\u00e9gezt\u00e9k. Irod.: Balint, Ioni\u0163oiu; Pluh\u00e1r<\/p>\n","protected":false},"featured_media":0,"comment_status":"open","ping_status":"closed","template":"","meta":[],"product_brand":[],"product_cat":[137],"product_tag":[],"class_list":{"0":"post-13297","1":"product","2":"type-product","3":"status-publish","5":"product_cat-maros-megyei-eletrajzi-lexikon","7":"first","8":"instock","9":"shipping-taxable","10":"product-type-simple"},"_links":{"self":[{"href":"https:\/\/uj.adatbank.ro\/lexikon\/wp-json\/wp\/v2\/product\/13297","targetHints":{"allow":["GET"]}}],"collection":[{"href":"https:\/\/uj.adatbank.ro\/lexikon\/wp-json\/wp\/v2\/product"}],"about":[{"href":"https:\/\/uj.adatbank.ro\/lexikon\/wp-json\/wp\/v2\/types\/product"}],"replies":[{"embeddable":true,"href":"https:\/\/uj.adatbank.ro\/lexikon\/wp-json\/wp\/v2\/comments?post=13297"}],"wp:attachment":[{"href":"https:\/\/uj.adatbank.ro\/lexikon\/wp-json\/wp\/v2\/media?parent=13297"}],"wp:term":[{"taxonomy":"product_brand","embeddable":true,"href":"https:\/\/uj.adatbank.ro\/lexikon\/wp-json\/wp\/v2\/product_brand?post=13297"},{"taxonomy":"product_cat","embeddable":true,"href":"https:\/\/uj.adatbank.ro\/lexikon\/wp-json\/wp\/v2\/product_cat?post=13297"},{"taxonomy":"product_tag","embeddable":true,"href":"https:\/\/uj.adatbank.ro\/lexikon\/wp-json\/wp\/v2\/product_tag?post=13297"}],"curies":[{"name":"wp","href":"https:\/\/api.w.org\/{rel}","templated":true}]}}