{"id":13300,"date":"2025-06-29T14:56:52","date_gmt":"2025-06-29T12:56:52","guid":{"rendered":"https:\/\/uj.adatbank.ro\/lexikon\/termek\/kukullovari-balazs\/"},"modified":"2025-06-29T14:56:52","modified_gmt":"2025-06-29T12:56:52","slug":"kukullovari-balazs","status":"publish","type":"product","link":"https:\/\/uj.adatbank.ro\/lexikon\/termek\/kukullovari-balazs\/","title":{"rendered":"K\u00dcK\u00dcLL\u0150V\u00c1RI Bal\u00e1zs"},"content":{"rendered":"<p>? \u2020 ?: ref. lelkip\u00e1sztor. \u2013 Bonyh\u00e1n szolg\u00e1lt (1648\u201350). Neve val\u00f3sz\u00edn\u00fcleg sz\u00e1rmaz\u00e1si hely\u00e9re utal. Bonyhai paps\u00e1ga idej\u00e9b\u0151l h\u00e1rom vizit\u00e1ci\u00f3s jegyz\u0151k\u00f6nyv maradt fenn (1648. dec. 12; 1650. febr. 12; 1650. dec. 1). Egyik legkiv\u00e1l\u00f3bb lelk\u00e9sze volt a gy\u00fclekezetnek, akit el\u0151bb ker\u00fcleti f\u0151jegyz\u0151nek, majd p\u00fcsp\u00f6knek v\u00e1lasztottak meg. <br \/><strong>Irod.:<\/strong> Bonyha \u00e9s egyh\u00e1za; K\u00fck\u00fcll\u0151i Ref. Egyh\u00e1zm. 1.<\/br><\/p>\n","protected":false},"excerpt":{"rendered":"<p>? \u2020 ?: ref. lelkip\u00e1sztor. \u2013 Bonyh\u00e1n szolg\u00e1lt (1648\u201350). Neve val\u00f3sz\u00edn\u00fcleg sz\u00e1rmaz\u00e1si hely\u00e9re utal. Bonyhai paps\u00e1ga idej\u00e9b\u0151l h\u00e1rom vizit\u00e1ci\u00f3s jegyz\u0151k\u00f6nyv maradt fenn (1648. dec. 12; 1650. febr. 12; 1650. dec. 1). Egyik legkiv\u00e1l\u00f3bb lelk\u00e9sze volt a gy\u00fclekezetnek, akit el\u0151bb ker\u00fcleti f\u0151jegyz\u0151nek, majd p\u00fcsp\u00f6knek v\u00e1lasztottak meg. Irod.: Bonyha \u00e9s egyh\u00e1za; K\u00fck\u00fcll\u0151i Ref. Egyh\u00e1zm. 1.<\/p>\n","protected":false},"featured_media":0,"comment_status":"open","ping_status":"closed","template":"","meta":[],"product_brand":[],"product_cat":[137],"product_tag":[],"class_list":{"0":"post-13300","1":"product","2":"type-product","3":"status-publish","5":"product_cat-maros-megyei-eletrajzi-lexikon","7":"first","8":"instock","9":"shipping-taxable","10":"product-type-simple"},"_links":{"self":[{"href":"https:\/\/uj.adatbank.ro\/lexikon\/wp-json\/wp\/v2\/product\/13300","targetHints":{"allow":["GET"]}}],"collection":[{"href":"https:\/\/uj.adatbank.ro\/lexikon\/wp-json\/wp\/v2\/product"}],"about":[{"href":"https:\/\/uj.adatbank.ro\/lexikon\/wp-json\/wp\/v2\/types\/product"}],"replies":[{"embeddable":true,"href":"https:\/\/uj.adatbank.ro\/lexikon\/wp-json\/wp\/v2\/comments?post=13300"}],"wp:attachment":[{"href":"https:\/\/uj.adatbank.ro\/lexikon\/wp-json\/wp\/v2\/media?parent=13300"}],"wp:term":[{"taxonomy":"product_brand","embeddable":true,"href":"https:\/\/uj.adatbank.ro\/lexikon\/wp-json\/wp\/v2\/product_brand?post=13300"},{"taxonomy":"product_cat","embeddable":true,"href":"https:\/\/uj.adatbank.ro\/lexikon\/wp-json\/wp\/v2\/product_cat?post=13300"},{"taxonomy":"product_tag","embeddable":true,"href":"https:\/\/uj.adatbank.ro\/lexikon\/wp-json\/wp\/v2\/product_tag?post=13300"}],"curies":[{"name":"wp","href":"https:\/\/api.w.org\/{rel}","templated":true}]}}