{"id":13301,"date":"2025-06-29T14:56:56","date_gmt":"2025-06-29T12:56:56","guid":{"rendered":"https:\/\/uj.adatbank.ro\/lexikon\/termek\/kukullovari-daniel\/"},"modified":"2025-06-29T14:56:56","modified_gmt":"2025-06-29T12:56:56","slug":"kukullovari-daniel","status":"publish","type":"product","link":"https:\/\/uj.adatbank.ro\/lexikon\/termek\/kukullovari-daniel\/","title":{"rendered":"K\u00dcK\u00dcLL\u0150V\u00c1RI D\u00e1niel"},"content":{"rendered":"<p>? \u2020 ?: ref. lelk\u00e9sz. \u2013 Ref. lelk\u00e9sz D\u00e1ny\u00e1nban (- 1653-ig), Boldogfalv\u00e1n (1653), Marosd\u00e1toson (1656) \u00e9s Kerel\u0151ben (1657). <br \/><strong>Irod.:<\/strong> K\u00fck\u00fcll\u0151i Ref. Egyh\u00e1zm. 1., 2., 4.; L\u00e9sty\u00e1n \u2013 templomok 2.<\/br><\/p>\n","protected":false},"excerpt":{"rendered":"<p>? \u2020 ?: ref. lelk\u00e9sz. \u2013 Ref. lelk\u00e9sz D\u00e1ny\u00e1nban (- 1653-ig), Boldogfalv\u00e1n (1653), Marosd\u00e1toson (1656) \u00e9s Kerel\u0151ben (1657). Irod.: K\u00fck\u00fcll\u0151i Ref. Egyh\u00e1zm. 1., 2., 4.; L\u00e9sty\u00e1n \u2013 templomok 2.<\/p>\n","protected":false},"featured_media":0,"comment_status":"open","ping_status":"closed","template":"","meta":[],"product_brand":[],"product_cat":[137],"product_tag":[],"class_list":{"0":"post-13301","1":"product","2":"type-product","3":"status-publish","5":"product_cat-maros-megyei-eletrajzi-lexikon","7":"first","8":"instock","9":"shipping-taxable","10":"product-type-simple"},"_links":{"self":[{"href":"https:\/\/uj.adatbank.ro\/lexikon\/wp-json\/wp\/v2\/product\/13301","targetHints":{"allow":["GET"]}}],"collection":[{"href":"https:\/\/uj.adatbank.ro\/lexikon\/wp-json\/wp\/v2\/product"}],"about":[{"href":"https:\/\/uj.adatbank.ro\/lexikon\/wp-json\/wp\/v2\/types\/product"}],"replies":[{"embeddable":true,"href":"https:\/\/uj.adatbank.ro\/lexikon\/wp-json\/wp\/v2\/comments?post=13301"}],"wp:attachment":[{"href":"https:\/\/uj.adatbank.ro\/lexikon\/wp-json\/wp\/v2\/media?parent=13301"}],"wp:term":[{"taxonomy":"product_brand","embeddable":true,"href":"https:\/\/uj.adatbank.ro\/lexikon\/wp-json\/wp\/v2\/product_brand?post=13301"},{"taxonomy":"product_cat","embeddable":true,"href":"https:\/\/uj.adatbank.ro\/lexikon\/wp-json\/wp\/v2\/product_cat?post=13301"},{"taxonomy":"product_tag","embeddable":true,"href":"https:\/\/uj.adatbank.ro\/lexikon\/wp-json\/wp\/v2\/product_tag?post=13301"}],"curies":[{"name":"wp","href":"https:\/\/api.w.org\/{rel}","templated":true}]}}