{"id":13302,"date":"2025-06-29T14:56:58","date_gmt":"2025-06-29T12:56:58","guid":{"rendered":"https:\/\/uj.adatbank.ro\/lexikon\/termek\/kukullovari-janos\/"},"modified":"2025-06-29T14:56:58","modified_gmt":"2025-06-29T12:56:58","slug":"kukullovari-janos","status":"publish","type":"product","link":"https:\/\/uj.adatbank.ro\/lexikon\/termek\/kukullovari-janos\/","title":{"rendered":"K\u00dcK\u00dcLL\u0150V\u00c1RI J\u00e1nos"},"content":{"rendered":"<p>? \u2020 ?: ref. lelk\u00e9sz. \u2013 Nagyenyeden subscrib\u00e1lt (1714). A Makra csal\u00e1dn\u00e1l lett nevel\u0151, majd lelk\u00e9sz V\u00e1mosg\u00e1lfalv\u00e1n (1720\u201351), Magyarherep\u00e9n (1752). Kisszentl\u0151rincen pr\u00e9dik\u00e1tor, de Tomp\u00e1n lakott (1750)????. Ez nincs benne a 3\u20134. <br \/><strong>Irod.:<\/strong> K\u00fck\u00fcll\u0151i Ref. Egyh\u00e1zm. 3., 4.<\/br><\/p>\n","protected":false},"excerpt":{"rendered":"<p>? \u2020 ?: ref. lelk\u00e9sz. \u2013 Nagyenyeden subscrib\u00e1lt (1714). A Makra csal\u00e1dn\u00e1l lett nevel\u0151, majd lelk\u00e9sz V\u00e1mosg\u00e1lfalv\u00e1n (1720\u201351), Magyarherep\u00e9n (1752). Kisszentl\u0151rincen pr\u00e9dik\u00e1tor, de Tomp\u00e1n lakott (1750)????. Ez nincs benne a 3\u20134. Irod.: K\u00fck\u00fcll\u0151i Ref. Egyh\u00e1zm. 3., 4.<\/p>\n","protected":false},"featured_media":0,"comment_status":"open","ping_status":"closed","template":"","meta":[],"product_brand":[],"product_cat":[137],"product_tag":[],"class_list":{"0":"post-13302","1":"product","2":"type-product","3":"status-publish","5":"product_cat-maros-megyei-eletrajzi-lexikon","7":"first","8":"instock","9":"shipping-taxable","10":"product-type-simple"},"_links":{"self":[{"href":"https:\/\/uj.adatbank.ro\/lexikon\/wp-json\/wp\/v2\/product\/13302","targetHints":{"allow":["GET"]}}],"collection":[{"href":"https:\/\/uj.adatbank.ro\/lexikon\/wp-json\/wp\/v2\/product"}],"about":[{"href":"https:\/\/uj.adatbank.ro\/lexikon\/wp-json\/wp\/v2\/types\/product"}],"replies":[{"embeddable":true,"href":"https:\/\/uj.adatbank.ro\/lexikon\/wp-json\/wp\/v2\/comments?post=13302"}],"wp:attachment":[{"href":"https:\/\/uj.adatbank.ro\/lexikon\/wp-json\/wp\/v2\/media?parent=13302"}],"wp:term":[{"taxonomy":"product_brand","embeddable":true,"href":"https:\/\/uj.adatbank.ro\/lexikon\/wp-json\/wp\/v2\/product_brand?post=13302"},{"taxonomy":"product_cat","embeddable":true,"href":"https:\/\/uj.adatbank.ro\/lexikon\/wp-json\/wp\/v2\/product_cat?post=13302"},{"taxonomy":"product_tag","embeddable":true,"href":"https:\/\/uj.adatbank.ro\/lexikon\/wp-json\/wp\/v2\/product_tag?post=13302"}],"curies":[{"name":"wp","href":"https:\/\/api.w.org\/{rel}","templated":true}]}}