{"id":13310,"date":"2025-06-29T14:57:11","date_gmt":"2025-06-29T12:57:11","guid":{"rendered":"https:\/\/uj.adatbank.ro\/lexikon\/termek\/kulcsar-istvan\/"},"modified":"2025-06-29T14:57:11","modified_gmt":"2025-06-29T12:57:11","slug":"kulcsar-istvan","status":"publish","type":"product","link":"https:\/\/uj.adatbank.ro\/lexikon\/termek\/kulcsar-istvan\/","title":{"rendered":"KULCS\u00c1R Istv\u00e1n"},"content":{"rendered":"<p>Gernyeszeg, 1891., \u2020 ? : gazd\u00e1lkod\u00f3. \u2013 Iskol\u00e1i elv\u00e9gz\u00e9se ut\u00e1n \u00f6n\u00e1ll\u00f3 gazda lett Gernyeszegen \u00e9s fiv\u00e9r\u00e9vel t\u00e1rsas viszonyban b\u00e9rcs\u00e9pl\u0151g\u00e9p tulajdonos volt. A ref. egyh\u00e1z presbitere, megszervezte a gernyeszegi sz\u0151ll\u0151termeszt\u00e9st, r\u00e9szt vett a kultur\u00e1lis \u00e9s szoci\u00e1lis egyes\u00fcletek m\u0171k\u00f6d\u00e9s\u00e9ben. <br \/><strong>Irod.:<\/strong> Sz\u00e9kelyf\u00f6ld \u00ed. k.<\/br><\/p>\n","protected":false},"excerpt":{"rendered":"<p>Gernyeszeg, 1891., \u2020 ? : gazd\u00e1lkod\u00f3. \u2013 Iskol\u00e1i elv\u00e9gz\u00e9se ut\u00e1n \u00f6n\u00e1ll\u00f3 gazda lett Gernyeszegen \u00e9s fiv\u00e9r\u00e9vel t\u00e1rsas viszonyban b\u00e9rcs\u00e9pl\u0151g\u00e9p tulajdonos volt. A ref. egyh\u00e1z presbitere, megszervezte a gernyeszegi sz\u0151ll\u0151termeszt\u00e9st, r\u00e9szt vett a kultur\u00e1lis \u00e9s szoci\u00e1lis egyes\u00fcletek m\u0171k\u00f6d\u00e9s\u00e9ben. Irod.: Sz\u00e9kelyf\u00f6ld \u00ed. k.<\/p>\n","protected":false},"featured_media":0,"comment_status":"open","ping_status":"closed","template":"","meta":[],"product_brand":[],"product_cat":[137],"product_tag":[],"class_list":{"0":"post-13310","1":"product","2":"type-product","3":"status-publish","5":"product_cat-maros-megyei-eletrajzi-lexikon","7":"first","8":"instock","9":"shipping-taxable","10":"product-type-simple"},"_links":{"self":[{"href":"https:\/\/uj.adatbank.ro\/lexikon\/wp-json\/wp\/v2\/product\/13310","targetHints":{"allow":["GET"]}}],"collection":[{"href":"https:\/\/uj.adatbank.ro\/lexikon\/wp-json\/wp\/v2\/product"}],"about":[{"href":"https:\/\/uj.adatbank.ro\/lexikon\/wp-json\/wp\/v2\/types\/product"}],"replies":[{"embeddable":true,"href":"https:\/\/uj.adatbank.ro\/lexikon\/wp-json\/wp\/v2\/comments?post=13310"}],"wp:attachment":[{"href":"https:\/\/uj.adatbank.ro\/lexikon\/wp-json\/wp\/v2\/media?parent=13310"}],"wp:term":[{"taxonomy":"product_brand","embeddable":true,"href":"https:\/\/uj.adatbank.ro\/lexikon\/wp-json\/wp\/v2\/product_brand?post=13310"},{"taxonomy":"product_cat","embeddable":true,"href":"https:\/\/uj.adatbank.ro\/lexikon\/wp-json\/wp\/v2\/product_cat?post=13310"},{"taxonomy":"product_tag","embeddable":true,"href":"https:\/\/uj.adatbank.ro\/lexikon\/wp-json\/wp\/v2\/product_tag?post=13310"}],"curies":[{"name":"wp","href":"https:\/\/api.w.org\/{rel}","templated":true}]}}