{"id":13311,"date":"2025-06-29T14:57:13","date_gmt":"2025-06-29T12:57:13","guid":{"rendered":"https:\/\/uj.adatbank.ro\/lexikon\/termek\/kulcsar-lajos\/"},"modified":"2025-06-29T14:57:13","modified_gmt":"2025-06-29T12:57:13","slug":"kulcsar-lajos","status":"publish","type":"product","link":"https:\/\/uj.adatbank.ro\/lexikon\/termek\/kulcsar-lajos\/","title":{"rendered":"KULCS\u00c1R Lajos"},"content":{"rendered":"<p>Gernyeszeg (Maros), 1877., \u2020 ? : gazd\u00e1lkod\u00f3. \u2013 Iskol\u00e1i elv\u00e9gz\u00e9se ut\u00e1n edesapja mellett gazd\u00e1lkodni tanult, majd \u00f6n\u00e1ll\u00f3 lett Gernyeszegen. Volt kisb\u00edr\u00f3, k\u00f6zs\u00e9gi k\u00e9pvisel\u0151test\u00fcleti tag, k\u00f6zs\u00e9gi p\u00e9nzt\u00e1ros \u00e9s k\u00f6zs\u00e9gi b\u00edr\u00f3. Az els\u0151 vh.-ban az 5. hid\u00e1sz sz\u00e1zadban az orosz fronton harcolt. A Hitelsz\u00f6vetkezet \u00e9s a Hangya \u00fcgyv. ig., a ref. egyh\u00e1z presbitere \u00e9s gazdak\u00f6ri tag volt. <br \/><strong>Irod.:<\/strong> Sz\u00e9kelyf\u00f6ld \u00ed. k.<\/br><\/p>\n","protected":false},"excerpt":{"rendered":"<p>Gernyeszeg (Maros), 1877., \u2020 ? : gazd\u00e1lkod\u00f3. \u2013 Iskol\u00e1i elv\u00e9gz\u00e9se ut\u00e1n edesapja mellett gazd\u00e1lkodni tanult, majd \u00f6n\u00e1ll\u00f3 lett Gernyeszegen. Volt kisb\u00edr\u00f3, k\u00f6zs\u00e9gi k\u00e9pvisel\u0151test\u00fcleti tag, k\u00f6zs\u00e9gi p\u00e9nzt\u00e1ros \u00e9s k\u00f6zs\u00e9gi b\u00edr\u00f3. Az els\u0151 vh.-ban az 5. hid\u00e1sz sz\u00e1zadban az orosz fronton harcolt. A Hitelsz\u00f6vetkezet \u00e9s a Hangya \u00fcgyv. ig., a ref. egyh\u00e1z presbitere \u00e9s gazdak\u00f6ri tag volt. [&hellip;]<\/p>\n","protected":false},"featured_media":0,"comment_status":"open","ping_status":"closed","template":"","meta":[],"product_brand":[],"product_cat":[137],"product_tag":[],"class_list":{"0":"post-13311","1":"product","2":"type-product","3":"status-publish","5":"product_cat-maros-megyei-eletrajzi-lexikon","7":"first","8":"instock","9":"shipping-taxable","10":"product-type-simple"},"_links":{"self":[{"href":"https:\/\/uj.adatbank.ro\/lexikon\/wp-json\/wp\/v2\/product\/13311","targetHints":{"allow":["GET"]}}],"collection":[{"href":"https:\/\/uj.adatbank.ro\/lexikon\/wp-json\/wp\/v2\/product"}],"about":[{"href":"https:\/\/uj.adatbank.ro\/lexikon\/wp-json\/wp\/v2\/types\/product"}],"replies":[{"embeddable":true,"href":"https:\/\/uj.adatbank.ro\/lexikon\/wp-json\/wp\/v2\/comments?post=13311"}],"wp:attachment":[{"href":"https:\/\/uj.adatbank.ro\/lexikon\/wp-json\/wp\/v2\/media?parent=13311"}],"wp:term":[{"taxonomy":"product_brand","embeddable":true,"href":"https:\/\/uj.adatbank.ro\/lexikon\/wp-json\/wp\/v2\/product_brand?post=13311"},{"taxonomy":"product_cat","embeddable":true,"href":"https:\/\/uj.adatbank.ro\/lexikon\/wp-json\/wp\/v2\/product_cat?post=13311"},{"taxonomy":"product_tag","embeddable":true,"href":"https:\/\/uj.adatbank.ro\/lexikon\/wp-json\/wp\/v2\/product_tag?post=13311"}],"curies":[{"name":"wp","href":"https:\/\/api.w.org\/{rel}","templated":true}]}}