{"id":13313,"date":"2025-06-29T14:57:19","date_gmt":"2025-06-29T12:57:19","guid":{"rendered":"https:\/\/uj.adatbank.ro\/lexikon\/termek\/kulcsar-mihaly\/"},"modified":"2025-06-29T14:57:19","modified_gmt":"2025-06-29T12:57:19","slug":"kulcsar-mihaly","status":"publish","type":"product","link":"https:\/\/uj.adatbank.ro\/lexikon\/termek\/kulcsar-mihaly\/","title":{"rendered":"KULCS\u00c1R Mih\u00e1ly"},"content":{"rendered":"<p>Gernyeszeg (Maros), 1899., \u2020 ? : gazd\u00e1lkod\u00f3. \u2013 A csal\u00e1di birtokon gazd\u00e1lkodott Gernyeszegen \u00e9desapja hal\u00e1la ut\u00e1n (1927\u2013). Minden magyar kultur\u00e1lis \u00e9s szoci\u00e1lis egyes\u00fclet t\u00e1mogat\u00f3ja volt. <br \/><strong>Irod.:<\/strong> Sz\u00e9kelyf\u00f6ld \u00ed. k.<\/br><\/p>\n","protected":false},"excerpt":{"rendered":"<p>Gernyeszeg (Maros), 1899., \u2020 ? : gazd\u00e1lkod\u00f3. \u2013 A csal\u00e1di birtokon gazd\u00e1lkodott Gernyeszegen \u00e9desapja hal\u00e1la ut\u00e1n (1927\u2013). Minden magyar kultur\u00e1lis \u00e9s szoci\u00e1lis egyes\u00fclet t\u00e1mogat\u00f3ja volt. Irod.: Sz\u00e9kelyf\u00f6ld \u00ed. k.<\/p>\n","protected":false},"featured_media":0,"comment_status":"open","ping_status":"closed","template":"","meta":[],"product_brand":[],"product_cat":[137],"product_tag":[],"class_list":{"0":"post-13313","1":"product","2":"type-product","3":"status-publish","5":"product_cat-maros-megyei-eletrajzi-lexikon","7":"first","8":"instock","9":"shipping-taxable","10":"product-type-simple"},"_links":{"self":[{"href":"https:\/\/uj.adatbank.ro\/lexikon\/wp-json\/wp\/v2\/product\/13313","targetHints":{"allow":["GET"]}}],"collection":[{"href":"https:\/\/uj.adatbank.ro\/lexikon\/wp-json\/wp\/v2\/product"}],"about":[{"href":"https:\/\/uj.adatbank.ro\/lexikon\/wp-json\/wp\/v2\/types\/product"}],"replies":[{"embeddable":true,"href":"https:\/\/uj.adatbank.ro\/lexikon\/wp-json\/wp\/v2\/comments?post=13313"}],"wp:attachment":[{"href":"https:\/\/uj.adatbank.ro\/lexikon\/wp-json\/wp\/v2\/media?parent=13313"}],"wp:term":[{"taxonomy":"product_brand","embeddable":true,"href":"https:\/\/uj.adatbank.ro\/lexikon\/wp-json\/wp\/v2\/product_brand?post=13313"},{"taxonomy":"product_cat","embeddable":true,"href":"https:\/\/uj.adatbank.ro\/lexikon\/wp-json\/wp\/v2\/product_cat?post=13313"},{"taxonomy":"product_tag","embeddable":true,"href":"https:\/\/uj.adatbank.ro\/lexikon\/wp-json\/wp\/v2\/product_tag?post=13313"}],"curies":[{"name":"wp","href":"https:\/\/api.w.org\/{rel}","templated":true}]}}