{"id":13317,"date":"2025-06-29T14:57:26","date_gmt":"2025-06-29T12:57:26","guid":{"rendered":"https:\/\/uj.adatbank.ro\/lexikon\/termek\/kulcsar-tibor\/"},"modified":"2025-06-29T14:57:26","modified_gmt":"2025-06-29T12:57:26","slug":"kulcsar-tibor","status":"publish","type":"product","link":"https:\/\/uj.adatbank.ro\/lexikon\/termek\/kulcsar-tibor\/","title":{"rendered":"KULCS\u00c1R Tibor"},"content":{"rendered":"<p>\u00c9lesd, 1945., \u2020 Kv., 1988. febr. 28.? A H\u00e1zsong\u00e1rdi temetoben nyugszik.: pedag\u00f3gus. \u2013 Doktor, a Kv.-i BBTE pszichol\u00f3gia-pedag\u00f3gia tansz\u00e9k\u00e9nek adjunktusa. <br \/><strong>Irod.:<\/strong> [Nekrol\u00f3g](V. Z., 1988. m\u00e1rc. 1.) RMIL<\/br><\/p>\n","protected":false},"excerpt":{"rendered":"<p>\u00c9lesd, 1945., \u2020 Kv., 1988. febr. 28.? A H\u00e1zsong\u00e1rdi temetoben nyugszik.: pedag\u00f3gus. \u2013 Doktor, a Kv.-i BBTE pszichol\u00f3gia-pedag\u00f3gia tansz\u00e9k\u00e9nek adjunktusa. Irod.: [Nekrol\u00f3g](V. Z., 1988. m\u00e1rc. 1.) RMIL<\/p>\n","protected":false},"featured_media":0,"comment_status":"open","ping_status":"closed","template":"","meta":[],"product_brand":[],"product_cat":[137],"product_tag":[],"class_list":{"0":"post-13317","1":"product","2":"type-product","3":"status-publish","5":"product_cat-maros-megyei-eletrajzi-lexikon","7":"first","8":"instock","9":"shipping-taxable","10":"product-type-simple"},"_links":{"self":[{"href":"https:\/\/uj.adatbank.ro\/lexikon\/wp-json\/wp\/v2\/product\/13317","targetHints":{"allow":["GET"]}}],"collection":[{"href":"https:\/\/uj.adatbank.ro\/lexikon\/wp-json\/wp\/v2\/product"}],"about":[{"href":"https:\/\/uj.adatbank.ro\/lexikon\/wp-json\/wp\/v2\/types\/product"}],"replies":[{"embeddable":true,"href":"https:\/\/uj.adatbank.ro\/lexikon\/wp-json\/wp\/v2\/comments?post=13317"}],"wp:attachment":[{"href":"https:\/\/uj.adatbank.ro\/lexikon\/wp-json\/wp\/v2\/media?parent=13317"}],"wp:term":[{"taxonomy":"product_brand","embeddable":true,"href":"https:\/\/uj.adatbank.ro\/lexikon\/wp-json\/wp\/v2\/product_brand?post=13317"},{"taxonomy":"product_cat","embeddable":true,"href":"https:\/\/uj.adatbank.ro\/lexikon\/wp-json\/wp\/v2\/product_cat?post=13317"},{"taxonomy":"product_tag","embeddable":true,"href":"https:\/\/uj.adatbank.ro\/lexikon\/wp-json\/wp\/v2\/product_tag?post=13317"}],"curies":[{"name":"wp","href":"https:\/\/api.w.org\/{rel}","templated":true}]}}