{"id":13318,"date":"2025-06-29T14:57:28","date_gmt":"2025-06-29T12:57:28","guid":{"rendered":"https:\/\/uj.adatbank.ro\/lexikon\/termek\/kulinyi-ibolya\/"},"modified":"2025-06-29T14:57:28","modified_gmt":"2025-06-29T12:57:28","slug":"kulinyi-ibolya","status":"publish","type":"product","link":"https:\/\/uj.adatbank.ro\/lexikon\/termek\/kulinyi-ibolya\/","title":{"rendered":"KULINYI Ibolya"},"content":{"rendered":"<p>? \u2020 Sz\u00e1szr\u00e9gen, 1993.: tan\u00e1r. \u2013 Rom\u00e1n-m. szakos tan\u00e1rn\u0151 a sz\u00e1szr\u00e9geni M. tannyelv\u0171 Vegyes Pedag\u00f3giai Iskol\u00e1ban (1954\u201356), majd az ebb\u0151l alakult 2. sz. L\u00edc.-ban (1956\u2013), aki a tant\u00e1rgya mellett, \u00f6nk\u00e9ntesen, k\u00e9zimunk\u00e1t is tan\u00edtott, a tan\u00edtv\u00e1nyokba oltotta a hagyom\u00e1ny\u00e1pol\u00e1st, a n\u00e9pm\u0171v\u00e9szet szeretet\u00e9t. <br \/><strong>Irod.:<\/strong> Csern\u00e1toni; L\u00e1z\u00e1rn\u00e9 Bar\u00f3thi \u00c9va-M\u00e1ria: Kuli mama (N\u00fa., 1993. j\u00fal. 27.)<\/br><\/p>\n","protected":false},"excerpt":{"rendered":"<p>? \u2020 Sz\u00e1szr\u00e9gen, 1993.: tan\u00e1r. \u2013 Rom\u00e1n-m. szakos tan\u00e1rn\u0151 a sz\u00e1szr\u00e9geni M. tannyelv\u0171 Vegyes Pedag\u00f3giai Iskol\u00e1ban (1954\u201356), majd az ebb\u0151l alakult 2. sz. L\u00edc.-ban (1956\u2013), aki a tant\u00e1rgya mellett, \u00f6nk\u00e9ntesen, k\u00e9zimunk\u00e1t is tan\u00edtott, a tan\u00edtv\u00e1nyokba oltotta a hagyom\u00e1ny\u00e1pol\u00e1st, a n\u00e9pm\u0171v\u00e9szet szeretet\u00e9t. Irod.: Csern\u00e1toni; L\u00e1z\u00e1rn\u00e9 Bar\u00f3thi \u00c9va-M\u00e1ria: Kuli mama (N\u00fa., 1993. j\u00fal. 27.)<\/p>\n","protected":false},"featured_media":0,"comment_status":"open","ping_status":"closed","template":"","meta":[],"product_brand":[],"product_cat":[137],"product_tag":[],"class_list":{"0":"post-13318","1":"product","2":"type-product","3":"status-publish","5":"product_cat-maros-megyei-eletrajzi-lexikon","7":"first","8":"instock","9":"shipping-taxable","10":"product-type-simple"},"_links":{"self":[{"href":"https:\/\/uj.adatbank.ro\/lexikon\/wp-json\/wp\/v2\/product\/13318","targetHints":{"allow":["GET"]}}],"collection":[{"href":"https:\/\/uj.adatbank.ro\/lexikon\/wp-json\/wp\/v2\/product"}],"about":[{"href":"https:\/\/uj.adatbank.ro\/lexikon\/wp-json\/wp\/v2\/types\/product"}],"replies":[{"embeddable":true,"href":"https:\/\/uj.adatbank.ro\/lexikon\/wp-json\/wp\/v2\/comments?post=13318"}],"wp:attachment":[{"href":"https:\/\/uj.adatbank.ro\/lexikon\/wp-json\/wp\/v2\/media?parent=13318"}],"wp:term":[{"taxonomy":"product_brand","embeddable":true,"href":"https:\/\/uj.adatbank.ro\/lexikon\/wp-json\/wp\/v2\/product_brand?post=13318"},{"taxonomy":"product_cat","embeddable":true,"href":"https:\/\/uj.adatbank.ro\/lexikon\/wp-json\/wp\/v2\/product_cat?post=13318"},{"taxonomy":"product_tag","embeddable":true,"href":"https:\/\/uj.adatbank.ro\/lexikon\/wp-json\/wp\/v2\/product_tag?post=13318"}],"curies":[{"name":"wp","href":"https:\/\/api.w.org\/{rel}","templated":true}]}}