{"id":13319,"date":"2025-06-29T14:57:29","date_gmt":"2025-06-29T12:57:29","guid":{"rendered":"https:\/\/uj.adatbank.ro\/lexikon\/termek\/kun-armin-%c2%a7\/"},"modified":"2025-06-29T14:57:29","modified_gmt":"2025-06-29T12:57:29","slug":"kun-armin-%c2%a7","status":"publish","type":"product","link":"https:\/\/uj.adatbank.ro\/lexikon\/termek\/kun-armin-%c2%a7\/","title":{"rendered":"KUN \u00c1rmin, \u00a7"},"content":{"rendered":"<p>? \u2020 ?: keresked\u0151, sportember. \u2013 Mv.-en keresked\u0151. R\u00e9szt vett az I. vh.-ban (1914. j\u00fal. \u2013 18. nov.), mint \u0151rmester, I. oszt. sz\u00e1mv\u00edv\u0151. A MSE labdar\u00fag\u00f3 szakoszt\u00e1ly\u00e1nak vezet\u0151je (1928). <br \/><strong>Irod.:<\/strong> Id\u0151t\u00e1r 3; M. hadviselt zsid\u00f3k<\/br><\/p>\n","protected":false},"excerpt":{"rendered":"<p>? \u2020 ?: keresked\u0151, sportember. \u2013 Mv.-en keresked\u0151. R\u00e9szt vett az I. vh.-ban (1914. j\u00fal. \u2013 18. nov.), mint \u0151rmester, I. oszt. sz\u00e1mv\u00edv\u0151. A MSE labdar\u00fag\u00f3 szakoszt\u00e1ly\u00e1nak vezet\u0151je (1928). Irod.: Id\u0151t\u00e1r 3; M. hadviselt zsid\u00f3k<\/p>\n","protected":false},"featured_media":0,"comment_status":"open","ping_status":"closed","template":"","meta":[],"product_brand":[],"product_cat":[137],"product_tag":[],"class_list":{"0":"post-13319","1":"product","2":"type-product","3":"status-publish","5":"product_cat-maros-megyei-eletrajzi-lexikon","7":"first","8":"instock","9":"shipping-taxable","10":"product-type-simple"},"_links":{"self":[{"href":"https:\/\/uj.adatbank.ro\/lexikon\/wp-json\/wp\/v2\/product\/13319","targetHints":{"allow":["GET"]}}],"collection":[{"href":"https:\/\/uj.adatbank.ro\/lexikon\/wp-json\/wp\/v2\/product"}],"about":[{"href":"https:\/\/uj.adatbank.ro\/lexikon\/wp-json\/wp\/v2\/types\/product"}],"replies":[{"embeddable":true,"href":"https:\/\/uj.adatbank.ro\/lexikon\/wp-json\/wp\/v2\/comments?post=13319"}],"wp:attachment":[{"href":"https:\/\/uj.adatbank.ro\/lexikon\/wp-json\/wp\/v2\/media?parent=13319"}],"wp:term":[{"taxonomy":"product_brand","embeddable":true,"href":"https:\/\/uj.adatbank.ro\/lexikon\/wp-json\/wp\/v2\/product_brand?post=13319"},{"taxonomy":"product_cat","embeddable":true,"href":"https:\/\/uj.adatbank.ro\/lexikon\/wp-json\/wp\/v2\/product_cat?post=13319"},{"taxonomy":"product_tag","embeddable":true,"href":"https:\/\/uj.adatbank.ro\/lexikon\/wp-json\/wp\/v2\/product_tag?post=13319"}],"curies":[{"name":"wp","href":"https:\/\/api.w.org\/{rel}","templated":true}]}}