{"id":13323,"date":"2025-06-29T14:57:38","date_gmt":"2025-06-29T12:57:38","guid":{"rendered":"https:\/\/uj.adatbank.ro\/lexikon\/termek\/kun-ilona-kuun-kaali-nemes-berzenczey-istvanne\/"},"modified":"2025-06-29T14:57:38","modified_gmt":"2025-06-29T12:57:38","slug":"kun-ilona-kuun-kaali-nemes-berzenczey-istvanne","status":"publish","type":"product","link":"https:\/\/uj.adatbank.ro\/lexikon\/termek\/kun-ilona-kuun-kaali-nemes-berzenczey-istvanne\/","title":{"rendered":"K\u00daN Ilona, Ku\u00fan, ka\u00e1li nemes, Berzenczey Istv\u00e1nn\u00e9."},"content":{"rendered":"<p>? \u2020 ?: sz\u00e9kelyk\u00e1li f\u00f6ldbirtokos. &#8211; F\u00e9rj\u00e9vev g\u00f6rg\u00e9nyszentimrei Berzenczey Istv\u00e1n marossz\u00e9ki f\u0151kir\u00e1lyb\u00edr\u00f3val fel\u00faj\u00edtott\u00e1k a sz\u00e9kelyk\u00e1li r. kat. templomot. (1725), majd \u00faj templomot \u00e9p\u00edtettek (1752), amely f\u0151olt\u00e1r\u00e1nak megrendel\u0151i is. S\u00edreml\u00e9k\u00fck a templomban van. <br \/><strong>Irod.:<\/strong> B\u00e1lint Zsigmond 2010; Kelemen Lajos, 1977,<\/br><\/p>\n","protected":false},"excerpt":{"rendered":"<p>? \u2020 ?: sz\u00e9kelyk\u00e1li f\u00f6ldbirtokos. &#8211; F\u00e9rj\u00e9vev g\u00f6rg\u00e9nyszentimrei Berzenczey Istv\u00e1n marossz\u00e9ki f\u0151kir\u00e1lyb\u00edr\u00f3val fel\u00faj\u00edtott\u00e1k a sz\u00e9kelyk\u00e1li r. kat. templomot. (1725), majd \u00faj templomot \u00e9p\u00edtettek (1752), amely f\u0151olt\u00e1r\u00e1nak megrendel\u0151i is. S\u00edreml\u00e9k\u00fck a templomban van. Irod.: B\u00e1lint Zsigmond 2010; Kelemen Lajos, 1977,<\/p>\n","protected":false},"featured_media":0,"comment_status":"open","ping_status":"closed","template":"","meta":[],"product_brand":[],"product_cat":[137],"product_tag":[],"class_list":{"0":"post-13323","1":"product","2":"type-product","3":"status-publish","5":"product_cat-maros-megyei-eletrajzi-lexikon","7":"first","8":"instock","9":"shipping-taxable","10":"product-type-simple"},"_links":{"self":[{"href":"https:\/\/uj.adatbank.ro\/lexikon\/wp-json\/wp\/v2\/product\/13323","targetHints":{"allow":["GET"]}}],"collection":[{"href":"https:\/\/uj.adatbank.ro\/lexikon\/wp-json\/wp\/v2\/product"}],"about":[{"href":"https:\/\/uj.adatbank.ro\/lexikon\/wp-json\/wp\/v2\/types\/product"}],"replies":[{"embeddable":true,"href":"https:\/\/uj.adatbank.ro\/lexikon\/wp-json\/wp\/v2\/comments?post=13323"}],"wp:attachment":[{"href":"https:\/\/uj.adatbank.ro\/lexikon\/wp-json\/wp\/v2\/media?parent=13323"}],"wp:term":[{"taxonomy":"product_brand","embeddable":true,"href":"https:\/\/uj.adatbank.ro\/lexikon\/wp-json\/wp\/v2\/product_brand?post=13323"},{"taxonomy":"product_cat","embeddable":true,"href":"https:\/\/uj.adatbank.ro\/lexikon\/wp-json\/wp\/v2\/product_cat?post=13323"},{"taxonomy":"product_tag","embeddable":true,"href":"https:\/\/uj.adatbank.ro\/lexikon\/wp-json\/wp\/v2\/product_tag?post=13323"}],"curies":[{"name":"wp","href":"https:\/\/api.w.org\/{rel}","templated":true}]}}