{"id":13325,"date":"2025-06-29T14:57:42","date_gmt":"2025-06-29T12:57:42","guid":{"rendered":"https:\/\/uj.adatbank.ro\/lexikon\/termek\/kun-ilona-kuun-ozsdolai-gr-paikert-gezane\/"},"modified":"2025-06-29T14:57:42","modified_gmt":"2025-06-29T12:57:42","slug":"kun-ilona-kuun-ozsdolai-gr-paikert-gezane","status":"publish","type":"product","link":"https:\/\/uj.adatbank.ro\/lexikon\/termek\/kun-ilona-kuun-ozsdolai-gr-paikert-gezane\/","title":{"rendered":"K\u00daN Ilona, Ku\u00fan. ozsdolai gr., Paikert G\u00e9z\u00e1n\u00e9"},"content":{"rendered":"<p>Mv., 1918. \u00e1pr. 12., \u2020 ?: f\u00f6ldbirtokos. \u2013 K. Zsigmond (1882\u20131959) \u00e9s \u00e9rdszentkir\u00e1lyi Szentkir\u00e1lyi Ilona (1882\u20131957) le\u00e1nya. F\u00e9rjhez ment: (Sainte Agathe des Monts, Canada, Quebec, 1947. dec. 21) sepr\u0151si Paikert G\u00e9za, (Sainte Agathe des Monts, 1902. aug. 18- ? ). Dr. jur. et rer. pol. m. kir. min. tan\u00e1csoshoz (Syracuse, N. Y., USA). <br \/><strong>Irod.:<\/strong> Gudenus<\/br><\/p>\n","protected":false},"excerpt":{"rendered":"<p>Mv., 1918. \u00e1pr. 12., \u2020 ?: f\u00f6ldbirtokos. \u2013 K. Zsigmond (1882\u20131959) \u00e9s \u00e9rdszentkir\u00e1lyi Szentkir\u00e1lyi Ilona (1882\u20131957) le\u00e1nya. F\u00e9rjhez ment: (Sainte Agathe des Monts, Canada, Quebec, 1947. dec. 21) sepr\u0151si Paikert G\u00e9za, (Sainte Agathe des Monts, 1902. aug. 18- ? ). Dr. jur. et rer. pol. m. kir. min. tan\u00e1csoshoz (Syracuse, N. Y., USA). Irod.: Gudenus<\/p>\n","protected":false},"featured_media":0,"comment_status":"open","ping_status":"closed","template":"","meta":[],"product_brand":[],"product_cat":[137],"product_tag":[],"class_list":{"0":"post-13325","1":"product","2":"type-product","3":"status-publish","5":"product_cat-maros-megyei-eletrajzi-lexikon","7":"first","8":"instock","9":"shipping-taxable","10":"product-type-simple"},"_links":{"self":[{"href":"https:\/\/uj.adatbank.ro\/lexikon\/wp-json\/wp\/v2\/product\/13325","targetHints":{"allow":["GET"]}}],"collection":[{"href":"https:\/\/uj.adatbank.ro\/lexikon\/wp-json\/wp\/v2\/product"}],"about":[{"href":"https:\/\/uj.adatbank.ro\/lexikon\/wp-json\/wp\/v2\/types\/product"}],"replies":[{"embeddable":true,"href":"https:\/\/uj.adatbank.ro\/lexikon\/wp-json\/wp\/v2\/comments?post=13325"}],"wp:attachment":[{"href":"https:\/\/uj.adatbank.ro\/lexikon\/wp-json\/wp\/v2\/media?parent=13325"}],"wp:term":[{"taxonomy":"product_brand","embeddable":true,"href":"https:\/\/uj.adatbank.ro\/lexikon\/wp-json\/wp\/v2\/product_brand?post=13325"},{"taxonomy":"product_cat","embeddable":true,"href":"https:\/\/uj.adatbank.ro\/lexikon\/wp-json\/wp\/v2\/product_cat?post=13325"},{"taxonomy":"product_tag","embeddable":true,"href":"https:\/\/uj.adatbank.ro\/lexikon\/wp-json\/wp\/v2\/product_tag?post=13325"}],"curies":[{"name":"wp","href":"https:\/\/api.w.org\/{rel}","templated":true}]}}