{"id":13328,"date":"2025-06-29T14:57:47","date_gmt":"2025-06-29T12:57:47","guid":{"rendered":"https:\/\/uj.adatbank.ro\/lexikon\/termek\/kun-istvan-kuun-osdolai-2\/"},"modified":"2025-06-29T14:57:47","modified_gmt":"2025-06-29T12:57:47","slug":"kun-istvan-kuun-osdolai-2","status":"publish","type":"product","link":"https:\/\/uj.adatbank.ro\/lexikon\/termek\/kun-istvan-kuun-osdolai-2\/","title":{"rendered":"K\u00daN Istv\u00e1n, Ku\u00fan, osdolai"},"content":{"rendered":"<p>? \u2020 ? : Lehet, h. az \u0151 gyermekei: K. Am\u00e1lia Ugron Istv\u00e1nn\u00e9, K. Gergely \u00e9s K. Gotth\u00e1rd. \u2013 K\u00fck\u00fcll\u0151megye f\u0151isp\u00e1nja (1776). <br \/><strong>Irod.:<\/strong> Gy\u00e1szjelent\u0151, Hor\u00e1nyi<\/br><\/p>\n","protected":false},"excerpt":{"rendered":"<p>? \u2020 ? : Lehet, h. az \u0151 gyermekei: K. Am\u00e1lia Ugron Istv\u00e1nn\u00e9, K. Gergely \u00e9s K. Gotth\u00e1rd. \u2013 K\u00fck\u00fcll\u0151megye f\u0151isp\u00e1nja (1776). Irod.: Gy\u00e1szjelent\u0151, Hor\u00e1nyi<\/p>\n","protected":false},"featured_media":0,"comment_status":"open","ping_status":"closed","template":"","meta":[],"product_brand":[],"product_cat":[137],"product_tag":[],"class_list":{"0":"post-13328","1":"product","2":"type-product","3":"status-publish","5":"product_cat-maros-megyei-eletrajzi-lexikon","7":"first","8":"instock","9":"shipping-taxable","10":"product-type-simple"},"_links":{"self":[{"href":"https:\/\/uj.adatbank.ro\/lexikon\/wp-json\/wp\/v2\/product\/13328","targetHints":{"allow":["GET"]}}],"collection":[{"href":"https:\/\/uj.adatbank.ro\/lexikon\/wp-json\/wp\/v2\/product"}],"about":[{"href":"https:\/\/uj.adatbank.ro\/lexikon\/wp-json\/wp\/v2\/types\/product"}],"replies":[{"embeddable":true,"href":"https:\/\/uj.adatbank.ro\/lexikon\/wp-json\/wp\/v2\/comments?post=13328"}],"wp:attachment":[{"href":"https:\/\/uj.adatbank.ro\/lexikon\/wp-json\/wp\/v2\/media?parent=13328"}],"wp:term":[{"taxonomy":"product_brand","embeddable":true,"href":"https:\/\/uj.adatbank.ro\/lexikon\/wp-json\/wp\/v2\/product_brand?post=13328"},{"taxonomy":"product_cat","embeddable":true,"href":"https:\/\/uj.adatbank.ro\/lexikon\/wp-json\/wp\/v2\/product_cat?post=13328"},{"taxonomy":"product_tag","embeddable":true,"href":"https:\/\/uj.adatbank.ro\/lexikon\/wp-json\/wp\/v2\/product_tag?post=13328"}],"curies":[{"name":"wp","href":"https:\/\/api.w.org\/{rel}","templated":true}]}}