{"id":13330,"date":"2025-06-29T14:57:51","date_gmt":"2025-06-29T12:57:51","guid":{"rendered":"https:\/\/uj.adatbank.ro\/lexikon\/termek\/kun-istvan-osdolai-gr-2\/"},"modified":"2025-06-29T14:57:51","modified_gmt":"2025-06-29T12:57:51","slug":"kun-istvan-osdolai-gr-2","status":"publish","type":"product","link":"https:\/\/uj.adatbank.ro\/lexikon\/termek\/kun-istvan-osdolai-gr-2\/","title":{"rendered":"K\u00daN Istv\u00e1n, osdolai, gr."},"content":{"rendered":"<p>? \u2020 ?: f\u00f6ldbirtokos. \u2013 Feles\u00e9ge L\u00e1z\u00e1r Kl\u00e1ra (1773.?- Algy\u00f3gy, 1815. m\u00e1rc. 16.), egy le\u00e1nyuk \u00e9s k\u00e9t fi\u00fak volt. <br \/><strong>Irod.:<\/strong> Lev\u00e9lt\u00e1ri gy\u00e1szj.<\/br><\/p>\n","protected":false},"excerpt":{"rendered":"<p>? \u2020 ?: f\u00f6ldbirtokos. \u2013 Feles\u00e9ge L\u00e1z\u00e1r Kl\u00e1ra (1773.?- Algy\u00f3gy, 1815. m\u00e1rc. 16.), egy le\u00e1nyuk \u00e9s k\u00e9t fi\u00fak volt. Irod.: Lev\u00e9lt\u00e1ri gy\u00e1szj.<\/p>\n","protected":false},"featured_media":0,"comment_status":"open","ping_status":"closed","template":"","meta":[],"product_brand":[],"product_cat":[137],"product_tag":[],"class_list":{"0":"post-13330","1":"product","2":"type-product","3":"status-publish","5":"product_cat-maros-megyei-eletrajzi-lexikon","7":"first","8":"instock","9":"shipping-taxable","10":"product-type-simple"},"_links":{"self":[{"href":"https:\/\/uj.adatbank.ro\/lexikon\/wp-json\/wp\/v2\/product\/13330","targetHints":{"allow":["GET"]}}],"collection":[{"href":"https:\/\/uj.adatbank.ro\/lexikon\/wp-json\/wp\/v2\/product"}],"about":[{"href":"https:\/\/uj.adatbank.ro\/lexikon\/wp-json\/wp\/v2\/types\/product"}],"replies":[{"embeddable":true,"href":"https:\/\/uj.adatbank.ro\/lexikon\/wp-json\/wp\/v2\/comments?post=13330"}],"wp:attachment":[{"href":"https:\/\/uj.adatbank.ro\/lexikon\/wp-json\/wp\/v2\/media?parent=13330"}],"wp:term":[{"taxonomy":"product_brand","embeddable":true,"href":"https:\/\/uj.adatbank.ro\/lexikon\/wp-json\/wp\/v2\/product_brand?post=13330"},{"taxonomy":"product_cat","embeddable":true,"href":"https:\/\/uj.adatbank.ro\/lexikon\/wp-json\/wp\/v2\/product_cat?post=13330"},{"taxonomy":"product_tag","embeddable":true,"href":"https:\/\/uj.adatbank.ro\/lexikon\/wp-json\/wp\/v2\/product_tag?post=13330"}],"curies":[{"name":"wp","href":"https:\/\/api.w.org\/{rel}","templated":true}]}}