{"id":13331,"date":"2025-06-29T14:57:53","date_gmt":"2025-06-29T12:57:53","guid":{"rendered":"https:\/\/uj.adatbank.ro\/lexikon\/termek\/kun-jakab\/"},"modified":"2025-06-29T14:57:53","modified_gmt":"2025-06-29T12:57:53","slug":"kun-jakab","status":"publish","type":"product","link":"https:\/\/uj.adatbank.ro\/lexikon\/termek\/kun-jakab\/","title":{"rendered":"K\u00daN Jakab"},"content":{"rendered":"<p>? \u2020 ?: keresked\u0151. \u2013 A kv.-i hadit\u00f6rv\u00e9nysz\u00e9k el\u00e9 \u00e1ll\u00edtott\u00e1k haza\u00e1rul\u00e1s v\u00e1dj\u00e1val (1922). Azzal is v\u00e1dolt\u00e1k hogy p\u00e9nzt kapott Sim\u00e9nfalvi alezredest\u0151l a magyar nemzeti hadsereg h\u00edrszerz\u00e9si oszt\u00e1ly\u00e1nak f\u0151n\u00f6k\u00e9t\u0151l, hogy az Erd\u00e9lyben \u00e9l\u0151 hivatalnokokat vagy katonatiszteket seg\u00e9lyezze. Felmentett\u00e9k a v\u00e1d al\u00f3l. <br \/><strong>Irod.:<\/strong> Id\u0151t\u00e1r 3; Recueil des griefs de la minorit\u00e9 hongrois de Roumanie (Bp., 1922)<\/br><\/p>\n","protected":false},"excerpt":{"rendered":"<p>? \u2020 ?: keresked\u0151. \u2013 A kv.-i hadit\u00f6rv\u00e9nysz\u00e9k el\u00e9 \u00e1ll\u00edtott\u00e1k haza\u00e1rul\u00e1s v\u00e1dj\u00e1val (1922). Azzal is v\u00e1dolt\u00e1k hogy p\u00e9nzt kapott Sim\u00e9nfalvi alezredest\u0151l a magyar nemzeti hadsereg h\u00edrszerz\u00e9si oszt\u00e1ly\u00e1nak f\u0151n\u00f6k\u00e9t\u0151l, hogy az Erd\u00e9lyben \u00e9l\u0151 hivatalnokokat vagy katonatiszteket seg\u00e9lyezze. Felmentett\u00e9k a v\u00e1d al\u00f3l. Irod.: Id\u0151t\u00e1r 3; Recueil des griefs de la minorit\u00e9 hongrois de Roumanie (Bp., 1922)<\/p>\n","protected":false},"featured_media":0,"comment_status":"open","ping_status":"closed","template":"","meta":[],"product_brand":[],"product_cat":[137],"product_tag":[],"class_list":{"0":"post-13331","1":"product","2":"type-product","3":"status-publish","5":"product_cat-maros-megyei-eletrajzi-lexikon","7":"first","8":"instock","9":"shipping-taxable","10":"product-type-simple"},"_links":{"self":[{"href":"https:\/\/uj.adatbank.ro\/lexikon\/wp-json\/wp\/v2\/product\/13331","targetHints":{"allow":["GET"]}}],"collection":[{"href":"https:\/\/uj.adatbank.ro\/lexikon\/wp-json\/wp\/v2\/product"}],"about":[{"href":"https:\/\/uj.adatbank.ro\/lexikon\/wp-json\/wp\/v2\/types\/product"}],"replies":[{"embeddable":true,"href":"https:\/\/uj.adatbank.ro\/lexikon\/wp-json\/wp\/v2\/comments?post=13331"}],"wp:attachment":[{"href":"https:\/\/uj.adatbank.ro\/lexikon\/wp-json\/wp\/v2\/media?parent=13331"}],"wp:term":[{"taxonomy":"product_brand","embeddable":true,"href":"https:\/\/uj.adatbank.ro\/lexikon\/wp-json\/wp\/v2\/product_brand?post=13331"},{"taxonomy":"product_cat","embeddable":true,"href":"https:\/\/uj.adatbank.ro\/lexikon\/wp-json\/wp\/v2\/product_cat?post=13331"},{"taxonomy":"product_tag","embeddable":true,"href":"https:\/\/uj.adatbank.ro\/lexikon\/wp-json\/wp\/v2\/product_tag?post=13331"}],"curies":[{"name":"wp","href":"https:\/\/api.w.org\/{rel}","templated":true}]}}