{"id":13332,"date":"2025-06-29T14:57:54","date_gmt":"2025-06-29T12:57:54","guid":{"rendered":"https:\/\/uj.adatbank.ro\/lexikon\/termek\/kun-jozsef\/"},"modified":"2025-06-29T14:57:54","modified_gmt":"2025-06-29T12:57:54","slug":"kun-jozsef","status":"publish","type":"product","link":"https:\/\/uj.adatbank.ro\/lexikon\/termek\/kun-jozsef\/","title":{"rendered":"K\u00daN J\u00f3zsef"},"content":{"rendered":"<p>? \u2020 ?: \u00edt\u00e9l\u0151mester, f\u0151inspektor. \u2013 A Gubernium \u00e1ltal kinevezett f\u0151fel\u00fcgyel\u0151 (1731), akinek a feladata a rend \u00e9s t\u00f6rv\u00e9nyess\u00e9g betartat\u00e1sa. Jelenl\u00e9t\u00e9ben v\u00e1lasztott\u00e1k meg a mv.-i tan\u00e1csot \u00e9s f\u0151b\u00edr\u00f3t. <br \/><strong>Irod.:<\/strong> Id\u0151t\u00e1r 1<\/br><\/p>\n","protected":false},"excerpt":{"rendered":"<p>? \u2020 ?: \u00edt\u00e9l\u0151mester, f\u0151inspektor. \u2013 A Gubernium \u00e1ltal kinevezett f\u0151fel\u00fcgyel\u0151 (1731), akinek a feladata a rend \u00e9s t\u00f6rv\u00e9nyess\u00e9g betartat\u00e1sa. Jelenl\u00e9t\u00e9ben v\u00e1lasztott\u00e1k meg a mv.-i tan\u00e1csot \u00e9s f\u0151b\u00edr\u00f3t. Irod.: Id\u0151t\u00e1r 1<\/p>\n","protected":false},"featured_media":0,"comment_status":"open","ping_status":"closed","template":"","meta":[],"product_brand":[],"product_cat":[137],"product_tag":[],"class_list":{"0":"post-13332","1":"product","2":"type-product","3":"status-publish","5":"product_cat-maros-megyei-eletrajzi-lexikon","7":"first","8":"instock","9":"shipping-taxable","10":"product-type-simple"},"_links":{"self":[{"href":"https:\/\/uj.adatbank.ro\/lexikon\/wp-json\/wp\/v2\/product\/13332","targetHints":{"allow":["GET"]}}],"collection":[{"href":"https:\/\/uj.adatbank.ro\/lexikon\/wp-json\/wp\/v2\/product"}],"about":[{"href":"https:\/\/uj.adatbank.ro\/lexikon\/wp-json\/wp\/v2\/types\/product"}],"replies":[{"embeddable":true,"href":"https:\/\/uj.adatbank.ro\/lexikon\/wp-json\/wp\/v2\/comments?post=13332"}],"wp:attachment":[{"href":"https:\/\/uj.adatbank.ro\/lexikon\/wp-json\/wp\/v2\/media?parent=13332"}],"wp:term":[{"taxonomy":"product_brand","embeddable":true,"href":"https:\/\/uj.adatbank.ro\/lexikon\/wp-json\/wp\/v2\/product_brand?post=13332"},{"taxonomy":"product_cat","embeddable":true,"href":"https:\/\/uj.adatbank.ro\/lexikon\/wp-json\/wp\/v2\/product_cat?post=13332"},{"taxonomy":"product_tag","embeddable":true,"href":"https:\/\/uj.adatbank.ro\/lexikon\/wp-json\/wp\/v2\/product_tag?post=13332"}],"curies":[{"name":"wp","href":"https:\/\/api.w.org\/{rel}","templated":true}]}}