{"id":13334,"date":"2025-06-29T14:57:59","date_gmt":"2025-06-29T12:57:59","guid":{"rendered":"https:\/\/uj.adatbank.ro\/lexikon\/termek\/kun-julianna-kuun-osdolai-gr-bornemisza-jozsefne\/"},"modified":"2025-06-29T14:57:59","modified_gmt":"2025-06-29T12:57:59","slug":"kun-julianna-kuun-osdolai-gr-bornemisza-jozsefne","status":"publish","type":"product","link":"https:\/\/uj.adatbank.ro\/lexikon\/termek\/kun-julianna-kuun-osdolai-gr-bornemisza-jozsefne\/","title":{"rendered":"K\u00daN Juli\u00e1nna, Ku\u00fan, osdolai, gr.; Bornemisza J\u00f3zsefn\u00e9."},"content":{"rendered":"<p>\u00d6rd\u00f6gkereszt\u00far, 1877. m\u00e1j. 4., \u2020 Kv., 1928. szept. 1: f\u00f6ldbirtokos. \u2013 K\u00e1roly (1842\u20131889) \u00e9s tolcsvai \u00e9s pacs\u00e9ri K\u00e1szonyi Polix\u00e9nia (1842\u20131898) le\u00e1nya. K\u00e1szonimp\u00e9rfalvi Bornemisza J\u00e1nos (1867\u20131933) feles\u00e9ge. Ny\u00e1r\u00e1dszentbenedeken laktak. <br \/><strong>Irod.:<\/strong> Gudenus<\/br><\/p>\n","protected":false},"excerpt":{"rendered":"<p>\u00d6rd\u00f6gkereszt\u00far, 1877. m\u00e1j. 4., \u2020 Kv., 1928. szept. 1: f\u00f6ldbirtokos. \u2013 K\u00e1roly (1842\u20131889) \u00e9s tolcsvai \u00e9s pacs\u00e9ri K\u00e1szonyi Polix\u00e9nia (1842\u20131898) le\u00e1nya. K\u00e1szonimp\u00e9rfalvi Bornemisza J\u00e1nos (1867\u20131933) feles\u00e9ge. Ny\u00e1r\u00e1dszentbenedeken laktak. Irod.: Gudenus<\/p>\n","protected":false},"featured_media":0,"comment_status":"open","ping_status":"closed","template":"","meta":[],"product_brand":[],"product_cat":[137],"product_tag":[],"class_list":{"0":"post-13334","1":"product","2":"type-product","3":"status-publish","5":"product_cat-maros-megyei-eletrajzi-lexikon","7":"first","8":"instock","9":"shipping-taxable","10":"product-type-simple"},"_links":{"self":[{"href":"https:\/\/uj.adatbank.ro\/lexikon\/wp-json\/wp\/v2\/product\/13334","targetHints":{"allow":["GET"]}}],"collection":[{"href":"https:\/\/uj.adatbank.ro\/lexikon\/wp-json\/wp\/v2\/product"}],"about":[{"href":"https:\/\/uj.adatbank.ro\/lexikon\/wp-json\/wp\/v2\/types\/product"}],"replies":[{"embeddable":true,"href":"https:\/\/uj.adatbank.ro\/lexikon\/wp-json\/wp\/v2\/comments?post=13334"}],"wp:attachment":[{"href":"https:\/\/uj.adatbank.ro\/lexikon\/wp-json\/wp\/v2\/media?parent=13334"}],"wp:term":[{"taxonomy":"product_brand","embeddable":true,"href":"https:\/\/uj.adatbank.ro\/lexikon\/wp-json\/wp\/v2\/product_brand?post=13334"},{"taxonomy":"product_cat","embeddable":true,"href":"https:\/\/uj.adatbank.ro\/lexikon\/wp-json\/wp\/v2\/product_cat?post=13334"},{"taxonomy":"product_tag","embeddable":true,"href":"https:\/\/uj.adatbank.ro\/lexikon\/wp-json\/wp\/v2\/product_tag?post=13334"}],"curies":[{"name":"wp","href":"https:\/\/api.w.org\/{rel}","templated":true}]}}