{"id":13335,"date":"2025-06-29T14:58:04","date_gmt":"2025-06-29T12:58:04","guid":{"rendered":"https:\/\/uj.adatbank.ro\/lexikon\/termek\/kun-karolina-osdolai-gr\/"},"modified":"2025-06-29T14:58:04","modified_gmt":"2025-06-29T12:58:04","slug":"kun-karolina-osdolai-gr","status":"publish","type":"product","link":"https:\/\/uj.adatbank.ro\/lexikon\/termek\/kun-karolina-osdolai-gr\/","title":{"rendered":"K\u00daN K\u00e1rolina, osdolai gr."},"content":{"rendered":"<p>1816.? \u2020 Vajdaszentiv\u00e1n, 1854. szept. 29. Gerenden temett\u00e9k : f\u00f6ldbirtokos. \u2013 Testv\u00e9rei: gr. Kun Kata, br. L\u00f6venthal S\u00e1mueln\u00e9; gr. Kun Josefina gr. Klebelsberg Vilmosn\u00e9. <br \/><strong>Irod.:<\/strong> Gy\u00e1szjelent\u0151<\/br><\/p>\n","protected":false},"excerpt":{"rendered":"<p>1816.? \u2020 Vajdaszentiv\u00e1n, 1854. szept. 29. Gerenden temett\u00e9k : f\u00f6ldbirtokos. \u2013 Testv\u00e9rei: gr. Kun Kata, br. L\u00f6venthal S\u00e1mueln\u00e9; gr. Kun Josefina gr. Klebelsberg Vilmosn\u00e9. Irod.: Gy\u00e1szjelent\u0151<\/p>\n","protected":false},"featured_media":0,"comment_status":"open","ping_status":"closed","template":"","meta":[],"product_brand":[],"product_cat":[137],"product_tag":[],"class_list":{"0":"post-13335","1":"product","2":"type-product","3":"status-publish","5":"product_cat-maros-megyei-eletrajzi-lexikon","7":"first","8":"instock","9":"shipping-taxable","10":"product-type-simple"},"_links":{"self":[{"href":"https:\/\/uj.adatbank.ro\/lexikon\/wp-json\/wp\/v2\/product\/13335","targetHints":{"allow":["GET"]}}],"collection":[{"href":"https:\/\/uj.adatbank.ro\/lexikon\/wp-json\/wp\/v2\/product"}],"about":[{"href":"https:\/\/uj.adatbank.ro\/lexikon\/wp-json\/wp\/v2\/types\/product"}],"replies":[{"embeddable":true,"href":"https:\/\/uj.adatbank.ro\/lexikon\/wp-json\/wp\/v2\/comments?post=13335"}],"wp:attachment":[{"href":"https:\/\/uj.adatbank.ro\/lexikon\/wp-json\/wp\/v2\/media?parent=13335"}],"wp:term":[{"taxonomy":"product_brand","embeddable":true,"href":"https:\/\/uj.adatbank.ro\/lexikon\/wp-json\/wp\/v2\/product_brand?post=13335"},{"taxonomy":"product_cat","embeddable":true,"href":"https:\/\/uj.adatbank.ro\/lexikon\/wp-json\/wp\/v2\/product_cat?post=13335"},{"taxonomy":"product_tag","embeddable":true,"href":"https:\/\/uj.adatbank.ro\/lexikon\/wp-json\/wp\/v2\/product_tag?post=13335"}],"curies":[{"name":"wp","href":"https:\/\/api.w.org\/{rel}","templated":true}]}}