{"id":13336,"date":"2025-06-29T14:58:06","date_gmt":"2025-06-29T12:58:06","guid":{"rendered":"https:\/\/uj.adatbank.ro\/lexikon\/termek\/kun-katalin-kuun-osdolai-gr-banffy-jozsefne\/"},"modified":"2025-06-29T14:58:06","modified_gmt":"2025-06-29T12:58:06","slug":"kun-katalin-kuun-osdolai-gr-banffy-jozsefne","status":"publish","type":"product","link":"https:\/\/uj.adatbank.ro\/lexikon\/termek\/kun-katalin-kuun-osdolai-gr-banffy-jozsefne\/","title":{"rendered":"K\u00daN Katalin, Ku\u00fan, osdolai, gr., B\u00e1nffy J\u00f3zsefn\u00e9"},"content":{"rendered":"<p>Ozsdola, 1761. szept. 12., \u2020 Ozsdola, 1840. m\u00e1rc. 28: f\u00f6ldbirtokos. \u2013 F\u00e9rje losonci B\u00e1nffy J\u00f3zsef (Magyarkir\u00e1lyfalva, 1742. m\u00e1rc. 16- Magyarkir\u00e1lyfalva, 1794 m\u00e1rc 21). Fia Istv\u00e1n (Magyarkir\u00e1lyfalva, 1780\u20131830). Magyarkir\u00e1lyfalv\u00e1n \u00e9ltek. Csejden voltak birtokai \u00e9s jobb\u00e1gyai, az \u00farb\u00e9ri \u00f6ssze\u00edr\u00e1skor (1820). <br \/><strong>Irod.:<\/strong> Csejd-T\u00f3falva; Gudenus.<\/br><\/p>\n","protected":false},"excerpt":{"rendered":"<p>Ozsdola, 1761. szept. 12., \u2020 Ozsdola, 1840. m\u00e1rc. 28: f\u00f6ldbirtokos. \u2013 F\u00e9rje losonci B\u00e1nffy J\u00f3zsef (Magyarkir\u00e1lyfalva, 1742. m\u00e1rc. 16- Magyarkir\u00e1lyfalva, 1794 m\u00e1rc 21). Fia Istv\u00e1n (Magyarkir\u00e1lyfalva, 1780\u20131830). Magyarkir\u00e1lyfalv\u00e1n \u00e9ltek. Csejden voltak birtokai \u00e9s jobb\u00e1gyai, az \u00farb\u00e9ri \u00f6ssze\u00edr\u00e1skor (1820). Irod.: Csejd-T\u00f3falva; Gudenus.<\/p>\n","protected":false},"featured_media":0,"comment_status":"open","ping_status":"closed","template":"","meta":[],"product_brand":[],"product_cat":[137],"product_tag":[],"class_list":{"0":"post-13336","1":"product","2":"type-product","3":"status-publish","5":"product_cat-maros-megyei-eletrajzi-lexikon","7":"first","8":"instock","9":"shipping-taxable","10":"product-type-simple"},"_links":{"self":[{"href":"https:\/\/uj.adatbank.ro\/lexikon\/wp-json\/wp\/v2\/product\/13336","targetHints":{"allow":["GET"]}}],"collection":[{"href":"https:\/\/uj.adatbank.ro\/lexikon\/wp-json\/wp\/v2\/product"}],"about":[{"href":"https:\/\/uj.adatbank.ro\/lexikon\/wp-json\/wp\/v2\/types\/product"}],"replies":[{"embeddable":true,"href":"https:\/\/uj.adatbank.ro\/lexikon\/wp-json\/wp\/v2\/comments?post=13336"}],"wp:attachment":[{"href":"https:\/\/uj.adatbank.ro\/lexikon\/wp-json\/wp\/v2\/media?parent=13336"}],"wp:term":[{"taxonomy":"product_brand","embeddable":true,"href":"https:\/\/uj.adatbank.ro\/lexikon\/wp-json\/wp\/v2\/product_brand?post=13336"},{"taxonomy":"product_cat","embeddable":true,"href":"https:\/\/uj.adatbank.ro\/lexikon\/wp-json\/wp\/v2\/product_cat?post=13336"},{"taxonomy":"product_tag","embeddable":true,"href":"https:\/\/uj.adatbank.ro\/lexikon\/wp-json\/wp\/v2\/product_tag?post=13336"}],"curies":[{"name":"wp","href":"https:\/\/api.w.org\/{rel}","templated":true}]}}