{"id":13337,"date":"2025-06-29T14:58:07","date_gmt":"2025-06-29T12:58:07","guid":{"rendered":"https:\/\/uj.adatbank.ro\/lexikon\/termek\/kun-klara-csapoi-nemes-gr-lazar-ferencne\/"},"modified":"2025-06-29T14:58:07","modified_gmt":"2025-06-29T12:58:07","slug":"kun-klara-csapoi-nemes-gr-lazar-ferencne","status":"publish","type":"product","link":"https:\/\/uj.adatbank.ro\/lexikon\/termek\/kun-klara-csapoi-nemes-gr-lazar-ferencne\/","title":{"rendered":"K\u00daN Kl\u00e1ra, csap\u00f3i nemes, gr. L\u00e1z\u00e1r Ferencn\u00e9"},"content":{"rendered":"<p>? \u2020 ? : sz\u00e1szerkedi birtokos. &#8211; Zsigmond \u00edt\u00e9l\u0151mester \u00e9s ny\u00e1r\u00e1dt\u0151i Maksai Zsuzsanna l\u00e1nya. Sz\u00e1rhegyi gr. L\u00e1z\u00e1r Ferenc feles\u00e9ge (esk. 1734). Gyermekei: Istv\u00e1n (1736\u20131819), Anna (\u20201804). <br \/><strong>Irod.:<\/strong> Gudenus, P\u00e1lmay<\/br><\/p>\n","protected":false},"excerpt":{"rendered":"<p>? \u2020 ? : sz\u00e1szerkedi birtokos. &#8211; Zsigmond \u00edt\u00e9l\u0151mester \u00e9s ny\u00e1r\u00e1dt\u0151i Maksai Zsuzsanna l\u00e1nya. Sz\u00e1rhegyi gr. L\u00e1z\u00e1r Ferenc feles\u00e9ge (esk. 1734). Gyermekei: Istv\u00e1n (1736\u20131819), Anna (\u20201804). Irod.: Gudenus, P\u00e1lmay<\/p>\n","protected":false},"featured_media":0,"comment_status":"open","ping_status":"closed","template":"","meta":[],"product_brand":[],"product_cat":[137],"product_tag":[],"class_list":{"0":"post-13337","1":"product","2":"type-product","3":"status-publish","5":"product_cat-maros-megyei-eletrajzi-lexikon","7":"first","8":"instock","9":"shipping-taxable","10":"product-type-simple"},"_links":{"self":[{"href":"https:\/\/uj.adatbank.ro\/lexikon\/wp-json\/wp\/v2\/product\/13337","targetHints":{"allow":["GET"]}}],"collection":[{"href":"https:\/\/uj.adatbank.ro\/lexikon\/wp-json\/wp\/v2\/product"}],"about":[{"href":"https:\/\/uj.adatbank.ro\/lexikon\/wp-json\/wp\/v2\/types\/product"}],"replies":[{"embeddable":true,"href":"https:\/\/uj.adatbank.ro\/lexikon\/wp-json\/wp\/v2\/comments?post=13337"}],"wp:attachment":[{"href":"https:\/\/uj.adatbank.ro\/lexikon\/wp-json\/wp\/v2\/media?parent=13337"}],"wp:term":[{"taxonomy":"product_brand","embeddable":true,"href":"https:\/\/uj.adatbank.ro\/lexikon\/wp-json\/wp\/v2\/product_brand?post=13337"},{"taxonomy":"product_cat","embeddable":true,"href":"https:\/\/uj.adatbank.ro\/lexikon\/wp-json\/wp\/v2\/product_cat?post=13337"},{"taxonomy":"product_tag","embeddable":true,"href":"https:\/\/uj.adatbank.ro\/lexikon\/wp-json\/wp\/v2\/product_tag?post=13337"}],"curies":[{"name":"wp","href":"https:\/\/api.w.org\/{rel}","templated":true}]}}