{"id":13338,"date":"2025-06-29T14:58:09","date_gmt":"2025-06-29T12:58:09","guid":{"rendered":"https:\/\/uj.adatbank.ro\/lexikon\/termek\/kun-klara-osdolai-kendeffy-palne\/"},"modified":"2025-06-29T14:58:09","modified_gmt":"2025-06-29T12:58:09","slug":"kun-klara-osdolai-kendeffy-palne","status":"publish","type":"product","link":"https:\/\/uj.adatbank.ro\/lexikon\/termek\/kun-klara-osdolai-kendeffy-palne\/","title":{"rendered":"K\u00daN Kl\u00e1ra, osdolai, Kendeffy P\u00e1ln\u00e9"},"content":{"rendered":"<p>? \u2020 ? : f\u00f6ldbirtokos, adom\u00e1nyoz\u00f3. \u2013 L\u00e1szl\u00f3 (1721\u2013) \u00e9s kisr\u00e9dei Rh\u00e9dey Krisztina l\u00e1nya. F\u00e9rje 1. malomvizi Kendeffy P\u00e1l, 2. sz\u00e9plaki Petrichevich Horv\u00e1th M\u00f3zes. A k\u00fck\u00fcll\u0151sz\u00e9plaki ref. egyh\u00e1znak \u00farvacsorai keszken\u0151t adom\u00e1nyozott (1749 ut\u00e1n). <br \/><strong>Irod.:<\/strong> Gudenus; K\u00fck\u00fcll\u0151i Ref. Egyh\u00e1zm. 3.<\/br><\/p>\n","protected":false},"excerpt":{"rendered":"<p>? \u2020 ? : f\u00f6ldbirtokos, adom\u00e1nyoz\u00f3. \u2013 L\u00e1szl\u00f3 (1721\u2013) \u00e9s kisr\u00e9dei Rh\u00e9dey Krisztina l\u00e1nya. F\u00e9rje 1. malomvizi Kendeffy P\u00e1l, 2. sz\u00e9plaki Petrichevich Horv\u00e1th M\u00f3zes. A k\u00fck\u00fcll\u0151sz\u00e9plaki ref. egyh\u00e1znak \u00farvacsorai keszken\u0151t adom\u00e1nyozott (1749 ut\u00e1n). Irod.: Gudenus; K\u00fck\u00fcll\u0151i Ref. Egyh\u00e1zm. 3.<\/p>\n","protected":false},"featured_media":0,"comment_status":"open","ping_status":"closed","template":"","meta":[],"product_brand":[],"product_cat":[137],"product_tag":[],"class_list":{"0":"post-13338","1":"product","2":"type-product","3":"status-publish","5":"product_cat-maros-megyei-eletrajzi-lexikon","7":"first","8":"instock","9":"shipping-taxable","10":"product-type-simple"},"_links":{"self":[{"href":"https:\/\/uj.adatbank.ro\/lexikon\/wp-json\/wp\/v2\/product\/13338","targetHints":{"allow":["GET"]}}],"collection":[{"href":"https:\/\/uj.adatbank.ro\/lexikon\/wp-json\/wp\/v2\/product"}],"about":[{"href":"https:\/\/uj.adatbank.ro\/lexikon\/wp-json\/wp\/v2\/types\/product"}],"replies":[{"embeddable":true,"href":"https:\/\/uj.adatbank.ro\/lexikon\/wp-json\/wp\/v2\/comments?post=13338"}],"wp:attachment":[{"href":"https:\/\/uj.adatbank.ro\/lexikon\/wp-json\/wp\/v2\/media?parent=13338"}],"wp:term":[{"taxonomy":"product_brand","embeddable":true,"href":"https:\/\/uj.adatbank.ro\/lexikon\/wp-json\/wp\/v2\/product_brand?post=13338"},{"taxonomy":"product_cat","embeddable":true,"href":"https:\/\/uj.adatbank.ro\/lexikon\/wp-json\/wp\/v2\/product_cat?post=13338"},{"taxonomy":"product_tag","embeddable":true,"href":"https:\/\/uj.adatbank.ro\/lexikon\/wp-json\/wp\/v2\/product_tag?post=13338"}],"curies":[{"name":"wp","href":"https:\/\/api.w.org\/{rel}","templated":true}]}}