{"id":13340,"date":"2025-06-29T14:58:12","date_gmt":"2025-06-29T12:58:12","guid":{"rendered":"https:\/\/uj.adatbank.ro\/lexikon\/termek\/kun-laszlo-kaali\/"},"modified":"2025-06-29T14:58:12","modified_gmt":"2025-06-29T12:58:12","slug":"kun-laszlo-kaali","status":"publish","type":"product","link":"https:\/\/uj.adatbank.ro\/lexikon\/termek\/kun-laszlo-kaali\/","title":{"rendered":"K\u00daN L\u00e1szl\u00f3, kaali"},"content":{"rendered":"<p>? \u2020 ?: f\u0151kir\u00e1lyb\u00edr\u00f3. \u2013 K. M\u00e1ty\u00e1s \u00e9s Zakari\u00e1s Zsuzsa fia. Feles\u00e9ge: zabolai Mikes Ilona. Fia: Istv\u00e1n. A marossz\u00e9ki hadk\u00f6teles nemesek \u00e9s l\u00f3f\u0151k \u00f6ssze\u00edr\u00e1sakor (1685. j\u00fan. 19.) f\u0151hadnagy. F\u0151kir\u00e1lyb\u00edr\u00f3 Marossz\u00e9ken. <br \/><strong>Irod.:<\/strong> Kempelen; Nagy Iv\u00e1n; P\u00e1lmay; SzOkl \u00das 8.<\/br><\/p>\n","protected":false},"excerpt":{"rendered":"<p>? \u2020 ?: f\u0151kir\u00e1lyb\u00edr\u00f3. \u2013 K. M\u00e1ty\u00e1s \u00e9s Zakari\u00e1s Zsuzsa fia. Feles\u00e9ge: zabolai Mikes Ilona. Fia: Istv\u00e1n. A marossz\u00e9ki hadk\u00f6teles nemesek \u00e9s l\u00f3f\u0151k \u00f6ssze\u00edr\u00e1sakor (1685. j\u00fan. 19.) f\u0151hadnagy. F\u0151kir\u00e1lyb\u00edr\u00f3 Marossz\u00e9ken. Irod.: Kempelen; Nagy Iv\u00e1n; P\u00e1lmay; SzOkl \u00das 8.<\/p>\n","protected":false},"featured_media":0,"comment_status":"open","ping_status":"closed","template":"","meta":[],"product_brand":[],"product_cat":[137],"product_tag":[],"class_list":{"0":"post-13340","1":"product","2":"type-product","3":"status-publish","5":"product_cat-maros-megyei-eletrajzi-lexikon","7":"first","8":"instock","9":"shipping-taxable","10":"product-type-simple"},"_links":{"self":[{"href":"https:\/\/uj.adatbank.ro\/lexikon\/wp-json\/wp\/v2\/product\/13340","targetHints":{"allow":["GET"]}}],"collection":[{"href":"https:\/\/uj.adatbank.ro\/lexikon\/wp-json\/wp\/v2\/product"}],"about":[{"href":"https:\/\/uj.adatbank.ro\/lexikon\/wp-json\/wp\/v2\/types\/product"}],"replies":[{"embeddable":true,"href":"https:\/\/uj.adatbank.ro\/lexikon\/wp-json\/wp\/v2\/comments?post=13340"}],"wp:attachment":[{"href":"https:\/\/uj.adatbank.ro\/lexikon\/wp-json\/wp\/v2\/media?parent=13340"}],"wp:term":[{"taxonomy":"product_brand","embeddable":true,"href":"https:\/\/uj.adatbank.ro\/lexikon\/wp-json\/wp\/v2\/product_brand?post=13340"},{"taxonomy":"product_cat","embeddable":true,"href":"https:\/\/uj.adatbank.ro\/lexikon\/wp-json\/wp\/v2\/product_cat?post=13340"},{"taxonomy":"product_tag","embeddable":true,"href":"https:\/\/uj.adatbank.ro\/lexikon\/wp-json\/wp\/v2\/product_tag?post=13340"}],"curies":[{"name":"wp","href":"https:\/\/api.w.org\/{rel}","templated":true}]}}