{"id":13341,"date":"2025-06-29T14:58:14","date_gmt":"2025-06-29T12:58:14","guid":{"rendered":"https:\/\/uj.adatbank.ro\/lexikon\/termek\/kun-magda-gyergyai-istvanne\/"},"modified":"2025-06-29T14:58:14","modified_gmt":"2025-06-29T12:58:14","slug":"kun-magda-gyergyai-istvanne","status":"publish","type":"product","link":"https:\/\/uj.adatbank.ro\/lexikon\/termek\/kun-magda-gyergyai-istvanne\/","title":{"rendered":"KUN Magda, Gyergyai Istv\u00e1nn\u00e9"},"content":{"rendered":"<p>Sz\u00e1szr\u00e9gen, 1912. febr. 17., \u2020 London, 1945. nov. 7.: sz\u00edn\u00e9szn\u0151, filmsz\u00edn\u00e9sz. \u2013 Mv.-r\u0151l indult, gyermekk\u00e9nt is sokszor fell\u00e9pett. R\u00f6vid sz\u00edn\u00e9szk\u00e9pz\u0151 tanfolyam ut\u00e1n Kv.-on a Janovics-f\u00e9le sz\u00ednh\u00e1zban sikeresen szerepelt, egyetlen \u00e9vad alatt 245 sz\u00f6r l\u00e9pett fel (1927\u201328) ; Fell\u00e9pett Feh\u00e9r Imre t\u00e1rsulat\u00e1val Mv, Temesv\u00e1r, Zilah, Torda, Brass\u00f3, Szeben (1928\u201329) ; Bp.-en a Kir\u00e1ly Sz\u00ednh\u00e1zban (1929\u201330), Nagyv\u00e1radon \u00e9s Temesv\u00e1ron \u00c1brah\u00e1m P\u00e1l operettj\u00e9ben Az utols\u00f3 Vereb\u00e9ly l\u00e1nyban nagy sikerrel. Elt\u00e1vozott Erd\u00e9lyb\u0151l (1931). Bp.-en a V\u00e1rosi Sz\u00ednh\u00e1zban (1930\u201331), a Kir\u00e1lyi Sz\u00ednh\u00e1zban, a bp.-i Operett Sz\u00ednh\u00e1zban ; B\u00e9csben a Theater an der Wienben j\u00e1tszott. F\u00e9rj\u00e9vel egy\u00fctt Londonba szerz\u0151d\u00f6tt (1930-as \u00e9vek k\u00f6zep\u00e9n), ahol nagy sikert aratott a Zs\u00e1kbamacska c. operettben \u00e9s Mi szerep\u00e9ben (Leh\u00e1r : A s\u00e1rga kab\u00e1t), filmen is sikeres volt. Angol \u00e1llampolg\u00e1rs\u00e1got kapott. 33 \u00e9vesen halt meg. \u2013 <strong>F. sz.:<\/strong> Boriska (Farkas Imre: N\u00f3t\u00e1s kapit\u00e1ny); Souzy (Vincent-Irving: Mersz-e Mary ?); S\u00e1rika (K\u00f6r\u00f6ssy-Schreiber: Cs\u00f3khercegn\u0151), B\u00f6zsi (Zerkovitz: Elt\u00f6r\u00f6tt a heged\u0171m); Atkins (Eisemann: Miss Amerika); Ildik\u00f3 (Lajtai L.: Sisters); Emma (Huszka J.: Lili b\u00e1r\u00f3n\u0151; Sztambul r\u00f3zs\u00e1ja, Szenes B\u00e9la: Nem n\u0151s\u00fcl\u00f6k. <br \/><strong>Irod.:<\/strong> Benczel B\u00e9la: Mv. -t\u0151l Londonig (Szabad Sz\u00f3, 1945. nov. 12.); K\u00f6t\u0151 ; MSZL; [Nekrol\u00f3g] (Szabad Sz\u00f3, 1945. nov. 11.); \u00d6kr\u00f6s Sch\u00f6pflin<\/br><\/p>\n","protected":false},"excerpt":{"rendered":"<p>Sz\u00e1szr\u00e9gen, 1912. febr. 17., \u2020 London, 1945. nov. 7.: sz\u00edn\u00e9szn\u0151, filmsz\u00edn\u00e9sz. \u2013 Mv.-r\u0151l indult, gyermekk\u00e9nt is sokszor fell\u00e9pett. R\u00f6vid sz\u00edn\u00e9szk\u00e9pz\u0151 tanfolyam ut\u00e1n Kv.-on a Janovics-f\u00e9le sz\u00ednh\u00e1zban sikeresen szerepelt, egyetlen \u00e9vad alatt 245 sz\u00f6r l\u00e9pett fel (1927\u201328) ; Fell\u00e9pett Feh\u00e9r Imre t\u00e1rsulat\u00e1val Mv, Temesv\u00e1r, Zilah, Torda, Brass\u00f3, Szeben (1928\u201329) ; Bp.-en a Kir\u00e1ly Sz\u00ednh\u00e1zban (1929\u201330), Nagyv\u00e1radon [&hellip;]<\/p>\n","protected":false},"featured_media":0,"comment_status":"open","ping_status":"closed","template":"","meta":[],"product_brand":[],"product_cat":[137],"product_tag":[],"class_list":{"0":"post-13341","1":"product","2":"type-product","3":"status-publish","5":"product_cat-maros-megyei-eletrajzi-lexikon","7":"first","8":"instock","9":"shipping-taxable","10":"product-type-simple"},"_links":{"self":[{"href":"https:\/\/uj.adatbank.ro\/lexikon\/wp-json\/wp\/v2\/product\/13341","targetHints":{"allow":["GET"]}}],"collection":[{"href":"https:\/\/uj.adatbank.ro\/lexikon\/wp-json\/wp\/v2\/product"}],"about":[{"href":"https:\/\/uj.adatbank.ro\/lexikon\/wp-json\/wp\/v2\/types\/product"}],"replies":[{"embeddable":true,"href":"https:\/\/uj.adatbank.ro\/lexikon\/wp-json\/wp\/v2\/comments?post=13341"}],"wp:attachment":[{"href":"https:\/\/uj.adatbank.ro\/lexikon\/wp-json\/wp\/v2\/media?parent=13341"}],"wp:term":[{"taxonomy":"product_brand","embeddable":true,"href":"https:\/\/uj.adatbank.ro\/lexikon\/wp-json\/wp\/v2\/product_brand?post=13341"},{"taxonomy":"product_cat","embeddable":true,"href":"https:\/\/uj.adatbank.ro\/lexikon\/wp-json\/wp\/v2\/product_cat?post=13341"},{"taxonomy":"product_tag","embeddable":true,"href":"https:\/\/uj.adatbank.ro\/lexikon\/wp-json\/wp\/v2\/product_tag?post=13341"}],"curies":[{"name":"wp","href":"https:\/\/api.w.org\/{rel}","templated":true}]}}