{"id":13342,"date":"2025-06-29T14:58:16","date_gmt":"2025-06-29T12:58:16","guid":{"rendered":"https:\/\/uj.adatbank.ro\/lexikon\/termek\/kun-margit-ozsdolai-bay-lajosne\/"},"modified":"2025-06-29T14:58:16","modified_gmt":"2025-06-29T12:58:16","slug":"kun-margit-ozsdolai-bay-lajosne","status":"publish","type":"product","link":"https:\/\/uj.adatbank.ro\/lexikon\/termek\/kun-margit-ozsdolai-bay-lajosne\/","title":{"rendered":"K\u00daN Margit, ozsdolai, Bay Lajosn\u00e9"},"content":{"rendered":"<p>\u00d6rd\u00f6gkereszt\u00far, 1880. aug. 21., \u2020 Maross\u00e1rpatak, 1967. m\u00e1rc. 20.: f\u00f6ldbirtokos. \u2013 K\u00e1roly (1842\u20131889) \u00e9s K\u00e1szonyi Polix\u00e9nia (1842\u20131898) l\u00e1nya. F\u00e9rje lud\u00e1nyi Bay Lajos (1872\u20131917). <br \/><strong>Irod.:<\/strong> Gudenus<\/br><\/p>\n","protected":false},"excerpt":{"rendered":"<p>\u00d6rd\u00f6gkereszt\u00far, 1880. aug. 21., \u2020 Maross\u00e1rpatak, 1967. m\u00e1rc. 20.: f\u00f6ldbirtokos. \u2013 K\u00e1roly (1842\u20131889) \u00e9s K\u00e1szonyi Polix\u00e9nia (1842\u20131898) l\u00e1nya. F\u00e9rje lud\u00e1nyi Bay Lajos (1872\u20131917). Irod.: Gudenus<\/p>\n","protected":false},"featured_media":0,"comment_status":"open","ping_status":"closed","template":"","meta":[],"product_brand":[],"product_cat":[137],"product_tag":[],"class_list":{"0":"post-13342","1":"product","2":"type-product","3":"status-publish","5":"product_cat-maros-megyei-eletrajzi-lexikon","7":"first","8":"instock","9":"shipping-taxable","10":"product-type-simple"},"_links":{"self":[{"href":"https:\/\/uj.adatbank.ro\/lexikon\/wp-json\/wp\/v2\/product\/13342","targetHints":{"allow":["GET"]}}],"collection":[{"href":"https:\/\/uj.adatbank.ro\/lexikon\/wp-json\/wp\/v2\/product"}],"about":[{"href":"https:\/\/uj.adatbank.ro\/lexikon\/wp-json\/wp\/v2\/types\/product"}],"replies":[{"embeddable":true,"href":"https:\/\/uj.adatbank.ro\/lexikon\/wp-json\/wp\/v2\/comments?post=13342"}],"wp:attachment":[{"href":"https:\/\/uj.adatbank.ro\/lexikon\/wp-json\/wp\/v2\/media?parent=13342"}],"wp:term":[{"taxonomy":"product_brand","embeddable":true,"href":"https:\/\/uj.adatbank.ro\/lexikon\/wp-json\/wp\/v2\/product_brand?post=13342"},{"taxonomy":"product_cat","embeddable":true,"href":"https:\/\/uj.adatbank.ro\/lexikon\/wp-json\/wp\/v2\/product_cat?post=13342"},{"taxonomy":"product_tag","embeddable":true,"href":"https:\/\/uj.adatbank.ro\/lexikon\/wp-json\/wp\/v2\/product_tag?post=13342"}],"curies":[{"name":"wp","href":"https:\/\/api.w.org\/{rel}","templated":true}]}}