{"id":13343,"date":"2025-06-29T14:58:18","date_gmt":"2025-06-29T12:58:18","guid":{"rendered":"https:\/\/uj.adatbank.ro\/lexikon\/termek\/kun-matyas-kaali-iii\/"},"modified":"2025-06-29T14:58:18","modified_gmt":"2025-06-29T12:58:18","slug":"kun-matyas-kaali-iii","status":"publish","type":"product","link":"https:\/\/uj.adatbank.ro\/lexikon\/termek\/kun-matyas-kaali-iii\/","title":{"rendered":"K\u00daN M\u00e1ty\u00e1s, ka\u00e1li III"},"content":{"rendered":"<p>? \u2020 ?: alkir\u00e1lyb\u00edr\u00f3 Marossz\u00e9ken. \u2013 Az orsz\u00e1ggy\u00fcl\u00e9sen panasz volt ellene, hogy Marossz\u00e9kben k\u00e1li birtok\u00e1ban a helv. hitvall\u00e1s\u00faak egyh\u00e1z\u00e1t \u00f6nhatalm\u00falag elfoglalta (1720). Feles\u00e9ge Zakari\u00e1s Zsuzsa. F\u0151kir\u00e1lyb\u00edr\u00f3 volt Marossz\u00e9ken. <br \/><strong>Irod.:<\/strong> Ferenczi S\u00e1ndor 2012; Kempelen; Nagy Iv\u00e1n; P\u00e1lmay, Sz\u00e9kelyk\u00e1l 800 \u00e9ves t\u00f6rt\u00e9net\u00e9b\u0151l<\/br><\/p>\n","protected":false},"excerpt":{"rendered":"<p>? \u2020 ?: alkir\u00e1lyb\u00edr\u00f3 Marossz\u00e9ken. \u2013 Az orsz\u00e1ggy\u00fcl\u00e9sen panasz volt ellene, hogy Marossz\u00e9kben k\u00e1li birtok\u00e1ban a helv. hitvall\u00e1s\u00faak egyh\u00e1z\u00e1t \u00f6nhatalm\u00falag elfoglalta (1720). Feles\u00e9ge Zakari\u00e1s Zsuzsa. F\u0151kir\u00e1lyb\u00edr\u00f3 volt Marossz\u00e9ken. Irod.: Ferenczi S\u00e1ndor 2012; Kempelen; Nagy Iv\u00e1n; P\u00e1lmay, Sz\u00e9kelyk\u00e1l 800 \u00e9ves t\u00f6rt\u00e9net\u00e9b\u0151l<\/p>\n","protected":false},"featured_media":0,"comment_status":"open","ping_status":"closed","template":"","meta":[],"product_brand":[],"product_cat":[137],"product_tag":[],"class_list":{"0":"post-13343","1":"product","2":"type-product","3":"status-publish","5":"product_cat-maros-megyei-eletrajzi-lexikon","7":"first","8":"instock","9":"shipping-taxable","10":"product-type-simple"},"_links":{"self":[{"href":"https:\/\/uj.adatbank.ro\/lexikon\/wp-json\/wp\/v2\/product\/13343","targetHints":{"allow":["GET"]}}],"collection":[{"href":"https:\/\/uj.adatbank.ro\/lexikon\/wp-json\/wp\/v2\/product"}],"about":[{"href":"https:\/\/uj.adatbank.ro\/lexikon\/wp-json\/wp\/v2\/types\/product"}],"replies":[{"embeddable":true,"href":"https:\/\/uj.adatbank.ro\/lexikon\/wp-json\/wp\/v2\/comments?post=13343"}],"wp:attachment":[{"href":"https:\/\/uj.adatbank.ro\/lexikon\/wp-json\/wp\/v2\/media?parent=13343"}],"wp:term":[{"taxonomy":"product_brand","embeddable":true,"href":"https:\/\/uj.adatbank.ro\/lexikon\/wp-json\/wp\/v2\/product_brand?post=13343"},{"taxonomy":"product_cat","embeddable":true,"href":"https:\/\/uj.adatbank.ro\/lexikon\/wp-json\/wp\/v2\/product_cat?post=13343"},{"taxonomy":"product_tag","embeddable":true,"href":"https:\/\/uj.adatbank.ro\/lexikon\/wp-json\/wp\/v2\/product_tag?post=13343"}],"curies":[{"name":"wp","href":"https:\/\/api.w.org\/{rel}","templated":true}]}}