{"id":13345,"date":"2025-06-29T14:58:21","date_gmt":"2025-06-29T12:58:21","guid":{"rendered":"https:\/\/uj.adatbank.ro\/lexikon\/termek\/kun-miklos-osdolai\/"},"modified":"2025-06-29T14:58:21","modified_gmt":"2025-06-29T12:58:21","slug":"kun-miklos-osdolai","status":"publish","type":"product","link":"https:\/\/uj.adatbank.ro\/lexikon\/termek\/kun-miklos-osdolai\/","title":{"rendered":"K\u00daN Mikl\u00f3s, osdolai"},"content":{"rendered":"<p>? \u2020 1743. febr. 20.: \u00edt\u00e9l\u0151mester, f\u0151inspektor. \u2013 Feles\u00e9ge magyargyer\u0151monostori br. Kem\u00e9ny Katalin. Gyermekei: Istv\u00e1n, L\u00e1szl\u00f3 (1720\u2013). A Gubernium \u00e1ltal kinevezett f\u0151fel\u00fcgyel\u0151 (1738), akinek a feladata a rend \u00e9s t\u00f6rv\u00e9nyess\u00e9g betartat\u00e1sa. <br \/><strong>Irod.:<\/strong> Gudenus; P\u00e1l-Antal 2009<\/br><\/p>\n","protected":false},"excerpt":{"rendered":"<p>? \u2020 1743. febr. 20.: \u00edt\u00e9l\u0151mester, f\u0151inspektor. \u2013 Feles\u00e9ge magyargyer\u0151monostori br. Kem\u00e9ny Katalin. Gyermekei: Istv\u00e1n, L\u00e1szl\u00f3 (1720\u2013). A Gubernium \u00e1ltal kinevezett f\u0151fel\u00fcgyel\u0151 (1738), akinek a feladata a rend \u00e9s t\u00f6rv\u00e9nyess\u00e9g betartat\u00e1sa. Irod.: Gudenus; P\u00e1l-Antal 2009<\/p>\n","protected":false},"featured_media":0,"comment_status":"open","ping_status":"closed","template":"","meta":[],"product_brand":[],"product_cat":[137],"product_tag":[],"class_list":{"0":"post-13345","1":"product","2":"type-product","3":"status-publish","5":"product_cat-maros-megyei-eletrajzi-lexikon","7":"first","8":"instock","9":"shipping-taxable","10":"product-type-simple"},"_links":{"self":[{"href":"https:\/\/uj.adatbank.ro\/lexikon\/wp-json\/wp\/v2\/product\/13345","targetHints":{"allow":["GET"]}}],"collection":[{"href":"https:\/\/uj.adatbank.ro\/lexikon\/wp-json\/wp\/v2\/product"}],"about":[{"href":"https:\/\/uj.adatbank.ro\/lexikon\/wp-json\/wp\/v2\/types\/product"}],"replies":[{"embeddable":true,"href":"https:\/\/uj.adatbank.ro\/lexikon\/wp-json\/wp\/v2\/comments?post=13345"}],"wp:attachment":[{"href":"https:\/\/uj.adatbank.ro\/lexikon\/wp-json\/wp\/v2\/media?parent=13345"}],"wp:term":[{"taxonomy":"product_brand","embeddable":true,"href":"https:\/\/uj.adatbank.ro\/lexikon\/wp-json\/wp\/v2\/product_brand?post=13345"},{"taxonomy":"product_cat","embeddable":true,"href":"https:\/\/uj.adatbank.ro\/lexikon\/wp-json\/wp\/v2\/product_cat?post=13345"},{"taxonomy":"product_tag","embeddable":true,"href":"https:\/\/uj.adatbank.ro\/lexikon\/wp-json\/wp\/v2\/product_tag?post=13345"}],"curies":[{"name":"wp","href":"https:\/\/api.w.org\/{rel}","templated":true}]}}