{"id":13353,"date":"2025-06-29T14:58:36","date_gmt":"2025-06-29T12:58:36","guid":{"rendered":"https:\/\/uj.adatbank.ro\/lexikon\/termek\/kun-zsigmondne-teleki-kata\/"},"modified":"2025-06-29T14:58:36","modified_gmt":"2025-06-29T12:58:36","slug":"kun-zsigmondne-teleki-kata","status":"publish","type":"product","link":"https:\/\/uj.adatbank.ro\/lexikon\/termek\/kun-zsigmondne-teleki-kata\/","title":{"rendered":"KUN Zsigmondn\u00e9, Teleki Kata"},"content":{"rendered":"<p>? \u2020 ? : adom\u00e1nyoz\u00f3. \u2013 A magyarkir\u00e1lyfalvi ref. egyh\u00e1znak \u00farvacsorai keszken\u0151t adom\u00e1nyozott (1739\u201349 k\u00f6z\u00f6tt). <br \/><strong>Irod.:<\/strong> K\u00fck\u00fcll\u0151i Ref. Egyh\u00e1zm. 3.<\/br><\/p>\n","protected":false},"excerpt":{"rendered":"<p>? \u2020 ? : adom\u00e1nyoz\u00f3. \u2013 A magyarkir\u00e1lyfalvi ref. egyh\u00e1znak \u00farvacsorai keszken\u0151t adom\u00e1nyozott (1739\u201349 k\u00f6z\u00f6tt). Irod.: K\u00fck\u00fcll\u0151i Ref. Egyh\u00e1zm. 3.<\/p>\n","protected":false},"featured_media":0,"comment_status":"open","ping_status":"closed","template":"","meta":[],"product_brand":[],"product_cat":[137],"product_tag":[],"class_list":{"0":"post-13353","1":"product","2":"type-product","3":"status-publish","5":"product_cat-maros-megyei-eletrajzi-lexikon","7":"first","8":"instock","9":"shipping-taxable","10":"product-type-simple"},"_links":{"self":[{"href":"https:\/\/uj.adatbank.ro\/lexikon\/wp-json\/wp\/v2\/product\/13353","targetHints":{"allow":["GET"]}}],"collection":[{"href":"https:\/\/uj.adatbank.ro\/lexikon\/wp-json\/wp\/v2\/product"}],"about":[{"href":"https:\/\/uj.adatbank.ro\/lexikon\/wp-json\/wp\/v2\/types\/product"}],"replies":[{"embeddable":true,"href":"https:\/\/uj.adatbank.ro\/lexikon\/wp-json\/wp\/v2\/comments?post=13353"}],"wp:attachment":[{"href":"https:\/\/uj.adatbank.ro\/lexikon\/wp-json\/wp\/v2\/media?parent=13353"}],"wp:term":[{"taxonomy":"product_brand","embeddable":true,"href":"https:\/\/uj.adatbank.ro\/lexikon\/wp-json\/wp\/v2\/product_brand?post=13353"},{"taxonomy":"product_cat","embeddable":true,"href":"https:\/\/uj.adatbank.ro\/lexikon\/wp-json\/wp\/v2\/product_cat?post=13353"},{"taxonomy":"product_tag","embeddable":true,"href":"https:\/\/uj.adatbank.ro\/lexikon\/wp-json\/wp\/v2\/product_tag?post=13353"}],"curies":[{"name":"wp","href":"https:\/\/api.w.org\/{rel}","templated":true}]}}