{"id":13354,"date":"2025-06-29T14:58:38","date_gmt":"2025-06-29T12:58:38","guid":{"rendered":"https:\/\/uj.adatbank.ro\/lexikon\/termek\/kun-csapoi-csalad\/"},"modified":"2025-06-29T14:58:38","modified_gmt":"2025-06-29T12:58:38","slug":"kun-csapoi-csalad","status":"publish","type":"product","link":"https:\/\/uj.adatbank.ro\/lexikon\/termek\/kun-csapoi-csalad\/","title":{"rendered":"KUN, csap\u00f3i csal\u00e1d"},"content":{"rendered":"<p>E csal\u00e1d el\u0151dei Mikola szerint Magyarorsz\u00e1gb\u00f3l a lugosi \u00e9s kar\u00e1nsebesi b\u00e1ns\u00e1gb\u00f3l h\u00faz\u00f3dtak Erd\u00e9lybe, hol j\u00f3 h\u00e1zass\u00e1gokat t\u00e9ve, sz\u00e9p birtokokhoz jutottak. Kun D\u00e1niel 1619. aug. 20-\u00e1n j\u00f3sz\u00e1gokat nyert Bethlen G\u00e1bort\u00f3l Lupa M\u00e1rton, Mih\u00e1ly, m\u00e1sk\u00e9p Gecz\u0151 magvaszakadt\u00e1n. Fia Kun G\u00e1bor 1633\u20131643-ig hosszas pert folytat az adom\u00e1nyba nyert birtok v\u00e9gett a Gecz\u0151 ut\u00f3dokkal; M\u00e1sik K\u00fan D\u00e1nielnek fiai Zsigmond 1731-ben \u00edt\u00e9l\u0151mester, testv\u00e9re L\u00e1szl\u00f3 K\u00fck\u00fcll\u0151 v\u00e1rmegye f\u0151szolgab\u00edr\u00e1ja. Zsigmondnak le\u00e1nyai b. J\u00f3sik\u00e1\u00e9k csal\u00e1dj\u00e1ba mentek f\u00e9tjhez. l. Lesz\u00e1rmaz\u00e1si adatok a gr. Teleki-lev\u00e9lt\u00e1rban Mv. \u2013 Kihalt. <br \/><strong>Irod.:<\/strong> Kempelen, Nagy Iv\u00e1n<\/br><\/p>\n","protected":false},"excerpt":{"rendered":"<p>E csal\u00e1d el\u0151dei Mikola szerint Magyarorsz\u00e1gb\u00f3l a lugosi \u00e9s kar\u00e1nsebesi b\u00e1ns\u00e1gb\u00f3l h\u00faz\u00f3dtak Erd\u00e9lybe, hol j\u00f3 h\u00e1zass\u00e1gokat t\u00e9ve, sz\u00e9p birtokokhoz jutottak. Kun D\u00e1niel 1619. aug. 20-\u00e1n j\u00f3sz\u00e1gokat nyert Bethlen G\u00e1bort\u00f3l Lupa M\u00e1rton, Mih\u00e1ly, m\u00e1sk\u00e9p Gecz\u0151 magvaszakadt\u00e1n. Fia Kun G\u00e1bor 1633\u20131643-ig hosszas pert folytat az adom\u00e1nyba nyert birtok v\u00e9gett a Gecz\u0151 ut\u00f3dokkal; M\u00e1sik K\u00fan D\u00e1nielnek fiai Zsigmond [&hellip;]<\/p>\n","protected":false},"featured_media":0,"comment_status":"open","ping_status":"closed","template":"","meta":[],"product_brand":[],"product_cat":[137],"product_tag":[],"class_list":{"0":"post-13354","1":"product","2":"type-product","3":"status-publish","5":"product_cat-maros-megyei-eletrajzi-lexikon","7":"first","8":"instock","9":"shipping-taxable","10":"product-type-simple"},"_links":{"self":[{"href":"https:\/\/uj.adatbank.ro\/lexikon\/wp-json\/wp\/v2\/product\/13354","targetHints":{"allow":["GET"]}}],"collection":[{"href":"https:\/\/uj.adatbank.ro\/lexikon\/wp-json\/wp\/v2\/product"}],"about":[{"href":"https:\/\/uj.adatbank.ro\/lexikon\/wp-json\/wp\/v2\/types\/product"}],"replies":[{"embeddable":true,"href":"https:\/\/uj.adatbank.ro\/lexikon\/wp-json\/wp\/v2\/comments?post=13354"}],"wp:attachment":[{"href":"https:\/\/uj.adatbank.ro\/lexikon\/wp-json\/wp\/v2\/media?parent=13354"}],"wp:term":[{"taxonomy":"product_brand","embeddable":true,"href":"https:\/\/uj.adatbank.ro\/lexikon\/wp-json\/wp\/v2\/product_brand?post=13354"},{"taxonomy":"product_cat","embeddable":true,"href":"https:\/\/uj.adatbank.ro\/lexikon\/wp-json\/wp\/v2\/product_cat?post=13354"},{"taxonomy":"product_tag","embeddable":true,"href":"https:\/\/uj.adatbank.ro\/lexikon\/wp-json\/wp\/v2\/product_tag?post=13354"}],"curies":[{"name":"wp","href":"https:\/\/api.w.org\/{rel}","templated":true}]}}