{"id":13360,"date":"2025-06-29T14:58:50","date_gmt":"2025-06-29T12:58:50","guid":{"rendered":"https:\/\/uj.adatbank.ro\/lexikon\/termek\/kunovits-andras\/"},"modified":"2025-06-29T14:58:50","modified_gmt":"2025-06-29T12:58:50","slug":"kunovits-andras","status":"publish","type":"product","link":"https:\/\/uj.adatbank.ro\/lexikon\/termek\/kunovits-andras\/","title":{"rendered":"KUNOVITS Andr\u00e1s"},"content":{"rendered":"<p>Dics\u0151szentm\u00e1rton, 1910. j\u00fal. 26., \u2020 Dics\u0151szentm\u00e1rton, 1938. j\u00fan. vagy jan. 6.: fest\u0151m\u0171v\u00e9sz. \u2013 Tanult D\u00e9sen, Nagyb\u00e1ny\u00e1n (1931); Bp.-en a K\u00e9pz\u0151m\u0171v\u00e9szeti F\u0151iskol\u00e1n Aba Nov\u00e1k Vilmos \u00e9s Vaszary J\u00e1nos tan\u00edtv\u00e1nya volt. A kubizmus \u00e9s a n\u00e9met expresszionizmus h\u00edve. <br \/><strong>Irod.:<\/strong> Banner; Moln\u00e1r; Mur\u00e1din Jen\u0151 : Nagyb\u00e1nya (Miskolc, 1994)<\/br><\/p>\n","protected":false},"excerpt":{"rendered":"<p>Dics\u0151szentm\u00e1rton, 1910. j\u00fal. 26., \u2020 Dics\u0151szentm\u00e1rton, 1938. j\u00fan. vagy jan. 6.: fest\u0151m\u0171v\u00e9sz. \u2013 Tanult D\u00e9sen, Nagyb\u00e1ny\u00e1n (1931); Bp.-en a K\u00e9pz\u0151m\u0171v\u00e9szeti F\u0151iskol\u00e1n Aba Nov\u00e1k Vilmos \u00e9s Vaszary J\u00e1nos tan\u00edtv\u00e1nya volt. A kubizmus \u00e9s a n\u00e9met expresszionizmus h\u00edve. Irod.: Banner; Moln\u00e1r; Mur\u00e1din Jen\u0151 : Nagyb\u00e1nya (Miskolc, 1994)<\/p>\n","protected":false},"featured_media":0,"comment_status":"open","ping_status":"closed","template":"","meta":[],"product_brand":[],"product_cat":[137],"product_tag":[],"class_list":{"0":"post-13360","1":"product","2":"type-product","3":"status-publish","5":"product_cat-maros-megyei-eletrajzi-lexikon","7":"first","8":"instock","9":"shipping-taxable","10":"product-type-simple"},"_links":{"self":[{"href":"https:\/\/uj.adatbank.ro\/lexikon\/wp-json\/wp\/v2\/product\/13360","targetHints":{"allow":["GET"]}}],"collection":[{"href":"https:\/\/uj.adatbank.ro\/lexikon\/wp-json\/wp\/v2\/product"}],"about":[{"href":"https:\/\/uj.adatbank.ro\/lexikon\/wp-json\/wp\/v2\/types\/product"}],"replies":[{"embeddable":true,"href":"https:\/\/uj.adatbank.ro\/lexikon\/wp-json\/wp\/v2\/comments?post=13360"}],"wp:attachment":[{"href":"https:\/\/uj.adatbank.ro\/lexikon\/wp-json\/wp\/v2\/media?parent=13360"}],"wp:term":[{"taxonomy":"product_brand","embeddable":true,"href":"https:\/\/uj.adatbank.ro\/lexikon\/wp-json\/wp\/v2\/product_brand?post=13360"},{"taxonomy":"product_cat","embeddable":true,"href":"https:\/\/uj.adatbank.ro\/lexikon\/wp-json\/wp\/v2\/product_cat?post=13360"},{"taxonomy":"product_tag","embeddable":true,"href":"https:\/\/uj.adatbank.ro\/lexikon\/wp-json\/wp\/v2\/product_tag?post=13360"}],"curies":[{"name":"wp","href":"https:\/\/api.w.org\/{rel}","templated":true}]}}