{"id":13361,"date":"2025-06-29T14:58:51","date_gmt":"2025-06-29T12:58:51","guid":{"rendered":"https:\/\/uj.adatbank.ro\/lexikon\/termek\/kunsagi-istvan\/"},"modified":"2025-06-29T14:58:51","modified_gmt":"2025-06-29T12:58:51","slug":"kunsagi-istvan","status":"publish","type":"product","link":"https:\/\/uj.adatbank.ro\/lexikon\/termek\/kunsagi-istvan\/","title":{"rendered":"KUNS\u00c1GI Istv\u00e1n"},"content":{"rendered":"<p>? \u2020 ? : ?. \u2013 <strong>F. m.:<\/strong> <strong>szerk.:<\/strong> Honv\u00e9dvil\u00e1g (Pest, 1868). <br \/><strong>Irod.:<\/strong> F\u00fcl\u00f6p\u2013Ferencz<\/br><\/p>\n","protected":false},"excerpt":{"rendered":"<p>? \u2020 ? : ?. \u2013 F. m.: szerk.: Honv\u00e9dvil\u00e1g (Pest, 1868). Irod.: F\u00fcl\u00f6p\u2013Ferencz<\/p>\n","protected":false},"featured_media":0,"comment_status":"open","ping_status":"closed","template":"","meta":[],"product_brand":[],"product_cat":[137],"product_tag":[],"class_list":{"0":"post-13361","1":"product","2":"type-product","3":"status-publish","5":"product_cat-maros-megyei-eletrajzi-lexikon","7":"first","8":"instock","9":"shipping-taxable","10":"product-type-simple"},"_links":{"self":[{"href":"https:\/\/uj.adatbank.ro\/lexikon\/wp-json\/wp\/v2\/product\/13361","targetHints":{"allow":["GET"]}}],"collection":[{"href":"https:\/\/uj.adatbank.ro\/lexikon\/wp-json\/wp\/v2\/product"}],"about":[{"href":"https:\/\/uj.adatbank.ro\/lexikon\/wp-json\/wp\/v2\/types\/product"}],"replies":[{"embeddable":true,"href":"https:\/\/uj.adatbank.ro\/lexikon\/wp-json\/wp\/v2\/comments?post=13361"}],"wp:attachment":[{"href":"https:\/\/uj.adatbank.ro\/lexikon\/wp-json\/wp\/v2\/media?parent=13361"}],"wp:term":[{"taxonomy":"product_brand","embeddable":true,"href":"https:\/\/uj.adatbank.ro\/lexikon\/wp-json\/wp\/v2\/product_brand?post=13361"},{"taxonomy":"product_cat","embeddable":true,"href":"https:\/\/uj.adatbank.ro\/lexikon\/wp-json\/wp\/v2\/product_cat?post=13361"},{"taxonomy":"product_tag","embeddable":true,"href":"https:\/\/uj.adatbank.ro\/lexikon\/wp-json\/wp\/v2\/product_tag?post=13361"}],"curies":[{"name":"wp","href":"https:\/\/api.w.org\/{rel}","templated":true}]}}