{"id":13363,"date":"2025-06-29T14:58:54","date_gmt":"2025-06-29T12:58:54","guid":{"rendered":"https:\/\/uj.adatbank.ro\/lexikon\/termek\/kunst-ottokar\/"},"modified":"2025-06-29T14:58:54","modified_gmt":"2025-06-29T12:58:54","slug":"kunst-ottokar","status":"publish","type":"product","link":"https:\/\/uj.adatbank.ro\/lexikon\/termek\/kunst-ottokar\/","title":{"rendered":"KUNST Ottok\u00e1r"},"content":{"rendered":"<p>? \u2020 ?: \u0151rnagy, iskolaparancsnok. \u2013 A katonai alre\u00e1l iskola parancsnoka volt, el\u0151bb \u0151rnagy majd alezredess\u00e9 l\u00e9ptett\u00e9k el\u0151 (1913)Kir\u00e1lyi enged\u00e1llyel viselhette a p\u00e1p\u00e1t\u00f3l kapott Pro Pontifice et Ecclesia kit\u00fcntet\u00e9st is. <br \/><strong>Irod.:<\/strong> Id\u0151t\u00e1r 2<\/br><\/p>\n","protected":false},"excerpt":{"rendered":"<p>? \u2020 ?: \u0151rnagy, iskolaparancsnok. \u2013 A katonai alre\u00e1l iskola parancsnoka volt, el\u0151bb \u0151rnagy majd alezredess\u00e9 l\u00e9ptett\u00e9k el\u0151 (1913)Kir\u00e1lyi enged\u00e1llyel viselhette a p\u00e1p\u00e1t\u00f3l kapott Pro Pontifice et Ecclesia kit\u00fcntet\u00e9st is. Irod.: Id\u0151t\u00e1r 2<\/p>\n","protected":false},"featured_media":0,"comment_status":"open","ping_status":"closed","template":"","meta":[],"product_brand":[],"product_cat":[137],"product_tag":[],"class_list":{"0":"post-13363","1":"product","2":"type-product","3":"status-publish","5":"product_cat-maros-megyei-eletrajzi-lexikon","7":"first","8":"instock","9":"shipping-taxable","10":"product-type-simple"},"_links":{"self":[{"href":"https:\/\/uj.adatbank.ro\/lexikon\/wp-json\/wp\/v2\/product\/13363","targetHints":{"allow":["GET"]}}],"collection":[{"href":"https:\/\/uj.adatbank.ro\/lexikon\/wp-json\/wp\/v2\/product"}],"about":[{"href":"https:\/\/uj.adatbank.ro\/lexikon\/wp-json\/wp\/v2\/types\/product"}],"replies":[{"embeddable":true,"href":"https:\/\/uj.adatbank.ro\/lexikon\/wp-json\/wp\/v2\/comments?post=13363"}],"wp:attachment":[{"href":"https:\/\/uj.adatbank.ro\/lexikon\/wp-json\/wp\/v2\/media?parent=13363"}],"wp:term":[{"taxonomy":"product_brand","embeddable":true,"href":"https:\/\/uj.adatbank.ro\/lexikon\/wp-json\/wp\/v2\/product_brand?post=13363"},{"taxonomy":"product_cat","embeddable":true,"href":"https:\/\/uj.adatbank.ro\/lexikon\/wp-json\/wp\/v2\/product_cat?post=13363"},{"taxonomy":"product_tag","embeddable":true,"href":"https:\/\/uj.adatbank.ro\/lexikon\/wp-json\/wp\/v2\/product_tag?post=13363"}],"curies":[{"name":"wp","href":"https:\/\/api.w.org\/{rel}","templated":true}]}}